{"id":22997,"date":"2025-03-18T13:26:45","date_gmt":"2025-03-18T12:26:45","guid":{"rendered":"https:\/\/www.elgatambbotes.com\/?post_type=product&#038;p=22997"},"modified":"2026-03-01T09:55:44","modified_gmt":"2026-03-01T08:55:44","slug":"miss-me-dreamcatcher","status":"publish","type":"product","link":"https:\/\/www.elgatambbotes.com\/fr\/producto\/complementos\/jeans-mujer\/miss-me-dreamcatcher\/","title":{"rendered":"Attrape-r\u00eaves Miss Me"},"content":{"rendered":"","protected":false},"excerpt":{"rendered":"<p><b>Jean bootcut avec d\u00e9lavage moyen et taille midi. <\/b>Avec paillettes et clous, et poches arri\u00e8re avec attrape-r\u00eaves dans les tons bruns, orn\u00e9s de rivets et de strass contrast\u00e9s. Effiloch\u00e9e et effiloch\u00e9e sur le devant. Mod\u00e8le avec 5 poches.<\/p>\n<p><b>Composition: <\/b>73% Coton, 24% Polyester, 3% Elasthanne<\/p>\n<p><b>Instructions de lavage:<\/b> Laver en machine, \u00e0 l'envers, s\u00e9par\u00e9ment \u00e0 l'eau froide avec des couleurs similaires.<\/p>\n<p><b>Longueur de l'entrejambe :<\/b> 34\u2033 (86 cm)<\/p>","protected":false},"featured_media":22888,"template":"","meta":[],"product_brand":[157],"product_cat":[22,78,92],"product_tag":[],"giftcard-category":[],"class_list":{"0":"post-22997","1":"product","2":"type-product","3":"status-publish","4":"has-post-thumbnail","6":"product_brand-miss-me-jeans","7":"product_cat-complementos","8":"product_cat-jeans-mujer","9":"product_cat-miss-me-jeans","10":"pa_color-azul","11":"pa_color-jeans","12":"pa_talla-162","13":"pa_talla-163","14":"pa_talla-164","15":"pa_talla-166","17":"first","18":"instock","19":"sale","20":"shipping-taxable","21":"purchasable","22":"product-type-variable"},"_links":{"self":[{"href":"https:\/\/www.elgatambbotes.com\/fr\/wp-json\/wp\/v2\/product\/22997","targetHints":{"allow":["GET"]}}],"collection":[{"href":"https:\/\/www.elgatambbotes.com\/fr\/wp-json\/wp\/v2\/product"}],"about":[{"href":"https:\/\/www.elgatambbotes.com\/fr\/wp-json\/wp\/v2\/types\/product"}],"wp:featuredmedia":[{"embeddable":true,"href":"https:\/\/www.elgatambbotes.com\/fr\/wp-json\/wp\/v2\/media\/22888"}],"wp:attachment":[{"href":"https:\/\/www.elgatambbotes.com\/fr\/wp-json\/wp\/v2\/media?parent=22997"}],"wp:term":[{"taxonomy":"product_brand","embeddable":true,"href":"https:\/\/www.elgatambbotes.com\/fr\/wp-json\/wp\/v2\/product_brand?post=22997"},{"taxonomy":"product_cat","embeddable":true,"href":"https:\/\/www.elgatambbotes.com\/fr\/wp-json\/wp\/v2\/product_cat?post=22997"},{"taxonomy":"product_tag","embeddable":true,"href":"https:\/\/www.elgatambbotes.com\/fr\/wp-json\/wp\/v2\/product_tag?post=22997"},{"taxonomy":"giftcard-category","embeddable":true,"href":"https:\/\/www.elgatambbotes.com\/fr\/wp-json\/wp\/v2\/giftcard-category?post=22997"}],"curies":[{"name":"wp","href":"https:\/\/api.w.org\/{rel}","templated":true}]}}