{"id":22873,"date":"2025-03-07T11:51:40","date_gmt":"2025-03-07T10:51:40","guid":{"rendered":"https:\/\/www.elgatambbotes.com\/?post_type=product&#038;p=22873"},"modified":"2026-02-12T13:49:09","modified_gmt":"2026-02-12T12:49:09","slug":"hebilla-turquoise-bear-paw-southwest","status":"publish","type":"product","link":"https:\/\/www.elgatambbotes.com\/fr\/producto\/complementos\/hebillas\/hebilla-turquoise-bear-paw-southwest\/","title":{"rendered":"Boucle Turquoise Patte d'Ours Sud-Ouest"},"content":{"rendered":"","protected":false},"excerpt":{"rendered":"<p><strong>Boucle am\u00e9ricaine <\/strong>avec impression d'ours, d\u00e9tails en argent vieilli et imitation de pierre turquoise. Style inspir\u00e9 de la <strong>Sud-ouest am\u00e9ricain<\/strong>. Id\u00e9al pour un look western authentique !<\/p>\n<p>Dimensions : 8 x 6,6 cm. Largeur maximale de la ceinture : 4 cm.<\/p>","protected":false},"featured_media":22745,"template":"","meta":[],"product_brand":[],"product_cat":[22,31],"product_tag":[],"giftcard-category":[],"class_list":{"0":"post-22873","1":"product","2":"type-product","3":"status-publish","4":"has-post-thumbnail","6":"product_cat-complementos","7":"product_cat-hebillas","8":"pa_color-negro","9":"pa_color-plateado","10":"pa_color-turquesa","11":"pa_talla-unica","13":"first","14":"instock","15":"shipping-taxable","16":"purchasable","17":"product-type-variable"},"_links":{"self":[{"href":"https:\/\/www.elgatambbotes.com\/fr\/wp-json\/wp\/v2\/product\/22873","targetHints":{"allow":["GET"]}}],"collection":[{"href":"https:\/\/www.elgatambbotes.com\/fr\/wp-json\/wp\/v2\/product"}],"about":[{"href":"https:\/\/www.elgatambbotes.com\/fr\/wp-json\/wp\/v2\/types\/product"}],"wp:featuredmedia":[{"embeddable":true,"href":"https:\/\/www.elgatambbotes.com\/fr\/wp-json\/wp\/v2\/media\/22745"}],"wp:attachment":[{"href":"https:\/\/www.elgatambbotes.com\/fr\/wp-json\/wp\/v2\/media?parent=22873"}],"wp:term":[{"taxonomy":"product_brand","embeddable":true,"href":"https:\/\/www.elgatambbotes.com\/fr\/wp-json\/wp\/v2\/product_brand?post=22873"},{"taxonomy":"product_cat","embeddable":true,"href":"https:\/\/www.elgatambbotes.com\/fr\/wp-json\/wp\/v2\/product_cat?post=22873"},{"taxonomy":"product_tag","embeddable":true,"href":"https:\/\/www.elgatambbotes.com\/fr\/wp-json\/wp\/v2\/product_tag?post=22873"},{"taxonomy":"giftcard-category","embeddable":true,"href":"https:\/\/www.elgatambbotes.com\/fr\/wp-json\/wp\/v2\/giftcard-category?post=22873"}],"curies":[{"name":"wp","href":"https:\/\/api.w.org\/{rel}","templated":true}]}}