{"id":22862,"date":"2025-03-06T11:56:55","date_gmt":"2025-03-06T10:56:55","guid":{"rendered":"https:\/\/www.elgatambbotes.com\/?post_type=product&#038;p=22862"},"modified":"2026-02-12T13:48:38","modified_gmt":"2026-02-12T12:48:38","slug":"hebilla-rose-skull-wing","status":"publish","type":"product","link":"https:\/\/www.elgatambbotes.com\/fr\/producto\/complementos\/hebillas\/hebilla-rose-skull-wing\/","title":{"rendered":"Boucle d'aile en forme de cr\u00e2ne rose"},"content":{"rendered":"","protected":false},"excerpt":{"rendered":"<p><strong>Boucle am\u00e9ricaine <em>Rose skull wing<\/em><\/strong>. Ajoutez une touche d'audace et de style \u00e0 votre tenue avec cette spectaculaire boucle en forme de t\u00eate de mort ail\u00e9e, d\u00e9cor\u00e9e d'un motif en relief. <strong>roses rouges<\/strong>. Un design parfait pour les motards et les amateurs de style rocker.<\/p>\n<p>Dimensions : 8 x 5,7 cm. Largeur maximale de la ceinture : 4 cm.<\/p>","protected":false},"featured_media":22743,"template":"","meta":[],"product_brand":[],"product_cat":[22,31],"product_tag":[],"giftcard-category":[],"class_list":{"0":"post-22862","1":"product","2":"type-product","3":"status-publish","4":"has-post-thumbnail","6":"product_cat-complementos","7":"product_cat-hebillas","8":"pa_color-negro","9":"pa_color-plateado","10":"pa_color-rojo","11":"pa_talla-unica","13":"first","14":"instock","15":"shipping-taxable","16":"purchasable","17":"product-type-variable"},"_links":{"self":[{"href":"https:\/\/www.elgatambbotes.com\/fr\/wp-json\/wp\/v2\/product\/22862","targetHints":{"allow":["GET"]}}],"collection":[{"href":"https:\/\/www.elgatambbotes.com\/fr\/wp-json\/wp\/v2\/product"}],"about":[{"href":"https:\/\/www.elgatambbotes.com\/fr\/wp-json\/wp\/v2\/types\/product"}],"wp:featuredmedia":[{"embeddable":true,"href":"https:\/\/www.elgatambbotes.com\/fr\/wp-json\/wp\/v2\/media\/22743"}],"wp:attachment":[{"href":"https:\/\/www.elgatambbotes.com\/fr\/wp-json\/wp\/v2\/media?parent=22862"}],"wp:term":[{"taxonomy":"product_brand","embeddable":true,"href":"https:\/\/www.elgatambbotes.com\/fr\/wp-json\/wp\/v2\/product_brand?post=22862"},{"taxonomy":"product_cat","embeddable":true,"href":"https:\/\/www.elgatambbotes.com\/fr\/wp-json\/wp\/v2\/product_cat?post=22862"},{"taxonomy":"product_tag","embeddable":true,"href":"https:\/\/www.elgatambbotes.com\/fr\/wp-json\/wp\/v2\/product_tag?post=22862"},{"taxonomy":"giftcard-category","embeddable":true,"href":"https:\/\/www.elgatambbotes.com\/fr\/wp-json\/wp\/v2\/giftcard-category?post=22862"}],"curies":[{"name":"wp","href":"https:\/\/api.w.org\/{rel}","templated":true}]}}