{"id":22860,"date":"2025-03-06T11:50:46","date_gmt":"2025-03-06T10:50:46","guid":{"rendered":"https:\/\/www.elgatambbotes.com\/?post_type=product&#038;p=22860"},"modified":"2026-02-12T13:47:44","modified_gmt":"2026-02-12T12:47:44","slug":"hebilla-renegade-rocker","status":"publish","type":"product","link":"https:\/\/www.elgatambbotes.com\/fr\/producto\/complementos\/hebillas\/hebilla-renegade-rocker\/","title":{"rendered":"Boucle Renegade Rocker"},"content":{"rendered":"","protected":false},"excerpt":{"rendered":"<p><strong>Boucle am\u00e9ricaine <em>Renegade Rocker<\/em><\/strong>. Donnez \u00e0 votre style une touche rebelle avec cette boucle de ceinture g\u00e9niale. Avec son motif de t\u00eate de mort, ses guitares et ses d\u00e9tails rouges, blancs et bleus, elle est parfaite pour <strong>amateurs de rock<\/strong> et le style biker.<\/p>\n<p>Dimensions : 9,1 x 7,7 cm. Largeur maximale de la ceinture : 4 cm.<\/p>","protected":false},"featured_media":22742,"template":"","meta":[],"product_brand":[],"product_cat":[22,31],"product_tag":[],"giftcard-category":[],"class_list":{"0":"post-22860","1":"product","2":"type-product","3":"status-publish","4":"has-post-thumbnail","6":"product_cat-complementos","7":"product_cat-hebillas","8":"pa_color-azul","9":"pa_color-blanco","10":"pa_color-plateado","11":"pa_color-rojo","12":"pa_talla-unica","14":"first","15":"instock","16":"shipping-taxable","17":"purchasable","18":"product-type-variable"},"_links":{"self":[{"href":"https:\/\/www.elgatambbotes.com\/fr\/wp-json\/wp\/v2\/product\/22860","targetHints":{"allow":["GET"]}}],"collection":[{"href":"https:\/\/www.elgatambbotes.com\/fr\/wp-json\/wp\/v2\/product"}],"about":[{"href":"https:\/\/www.elgatambbotes.com\/fr\/wp-json\/wp\/v2\/types\/product"}],"wp:featuredmedia":[{"embeddable":true,"href":"https:\/\/www.elgatambbotes.com\/fr\/wp-json\/wp\/v2\/media\/22742"}],"wp:attachment":[{"href":"https:\/\/www.elgatambbotes.com\/fr\/wp-json\/wp\/v2\/media?parent=22860"}],"wp:term":[{"taxonomy":"product_brand","embeddable":true,"href":"https:\/\/www.elgatambbotes.com\/fr\/wp-json\/wp\/v2\/product_brand?post=22860"},{"taxonomy":"product_cat","embeddable":true,"href":"https:\/\/www.elgatambbotes.com\/fr\/wp-json\/wp\/v2\/product_cat?post=22860"},{"taxonomy":"product_tag","embeddable":true,"href":"https:\/\/www.elgatambbotes.com\/fr\/wp-json\/wp\/v2\/product_tag?post=22860"},{"taxonomy":"giftcard-category","embeddable":true,"href":"https:\/\/www.elgatambbotes.com\/fr\/wp-json\/wp\/v2\/giftcard-category?post=22860"}],"curies":[{"name":"wp","href":"https:\/\/api.w.org\/{rel}","templated":true}]}}