{"id":22841,"date":"2025-03-05T12:54:39","date_gmt":"2025-03-05T11:54:39","guid":{"rendered":"https:\/\/www.elgatambbotes.com\/?post_type=product&#038;p=22841"},"modified":"2026-02-12T13:46:32","modified_gmt":"2026-02-12T12:46:32","slug":"mayura-2626-c-eagle-pull-grass-castano-old-manchado","status":"publish","type":"product","link":"https:\/\/www.elgatambbotes.com\/fr\/producto\/hombre\/botas-cowboy-hombre\/mayura-2626-c-eagle-pull-grass-castano-old-manchado\/","title":{"rendered":"Mayura 2626-C Eagle Pull Grass Castano Old Manchado"},"content":{"rendered":"","protected":false},"excerpt":{"rendered":"<p>Botte <strong>Mayura Boots<\/strong> pour homme. Design classique mais renouvel\u00e9 de l'aigle ! Un must pour toute garde-robe. Fabriqu\u00e9 en cuir de vachette et finition vintage faite \u00e0 la main, r\u00e9sultant en une combinaison unique de contrastes bruns. Semelle en cuir et coutures <strong>Goodyear<\/strong>.<span class=\"Apple-converted-space\">\u00a0<\/span><\/p>","protected":false},"featured_media":22835,"template":"","meta":[],"product_brand":[152],"product_cat":[23,76,97],"product_tag":[],"giftcard-category":[],"class_list":{"0":"post-22841","1":"product","2":"type-product","3":"status-publish","4":"has-post-thumbnail","6":"product_brand-mayura-boots","7":"product_cat-botas-cowboy-hombre","8":"product_cat-hombre","9":"product_cat-mayura-boots","10":"pa_color-marron","11":"pa_talla-103","12":"pa_talla-104","13":"pa_talla-105","14":"pa_talla-106","15":"pa_talla-107","16":"pa_talla-108","17":"pa_talla-109","18":"pa_talla-130","20":"first","21":"instock","22":"shipping-taxable","23":"purchasable","24":"product-type-variable"},"_links":{"self":[{"href":"https:\/\/www.elgatambbotes.com\/fr\/wp-json\/wp\/v2\/product\/22841","targetHints":{"allow":["GET"]}}],"collection":[{"href":"https:\/\/www.elgatambbotes.com\/fr\/wp-json\/wp\/v2\/product"}],"about":[{"href":"https:\/\/www.elgatambbotes.com\/fr\/wp-json\/wp\/v2\/types\/product"}],"wp:featuredmedia":[{"embeddable":true,"href":"https:\/\/www.elgatambbotes.com\/fr\/wp-json\/wp\/v2\/media\/22835"}],"wp:attachment":[{"href":"https:\/\/www.elgatambbotes.com\/fr\/wp-json\/wp\/v2\/media?parent=22841"}],"wp:term":[{"taxonomy":"product_brand","embeddable":true,"href":"https:\/\/www.elgatambbotes.com\/fr\/wp-json\/wp\/v2\/product_brand?post=22841"},{"taxonomy":"product_cat","embeddable":true,"href":"https:\/\/www.elgatambbotes.com\/fr\/wp-json\/wp\/v2\/product_cat?post=22841"},{"taxonomy":"product_tag","embeddable":true,"href":"https:\/\/www.elgatambbotes.com\/fr\/wp-json\/wp\/v2\/product_tag?post=22841"},{"taxonomy":"giftcard-category","embeddable":true,"href":"https:\/\/www.elgatambbotes.com\/fr\/wp-json\/wp\/v2\/giftcard-category?post=22841"}],"curies":[{"name":"wp","href":"https:\/\/api.w.org\/{rel}","templated":true}]}}