{"id":22824,"date":"2025-03-05T11:20:31","date_gmt":"2025-03-05T10:20:31","guid":{"rendered":"https:\/\/www.elgatambbotes.com\/?post_type=product&#038;p=22824"},"modified":"2026-02-12T13:44:21","modified_gmt":"2026-02-12T12:44:21","slug":"hebilla-rebel-and-proud-of-it","status":"publish","type":"product","link":"https:\/\/www.elgatambbotes.com\/fr\/producto\/complementos\/hebillas\/hebilla-rebel-and-proud-of-it\/","title":{"rendered":"Boucle rebelle et fi\u00e8re de l'\u00eatre"},"content":{"rendered":"","protected":false},"excerpt":{"rendered":"<p><strong>Boucle am\u00e9ricaine\u00a0<\/strong>avec un motif en relief mettant en \u00e9vidence la phrase <em data-start=\"110\" data-end=\"135\">\"Rebel and Proud of It\"<\/em>, accompagn\u00e9 d'un fusil crois\u00e9 sur un drapeau. Un accessoire de caract\u00e8re et de style audacieux, id\u00e9al pour ceux qui portent leur <strong>r\u00e9bellion avec fiert\u00e9<\/strong>.<\/p>\n<p>Dimensions : 9 x 5,7 cm. Largeur maximale de la ceinture : 4 cm.<\/p>","protected":false},"featured_media":22741,"template":"","meta":[],"product_brand":[],"product_cat":[22,31],"product_tag":[],"giftcard-category":[],"class_list":{"0":"post-22824","1":"product","2":"type-product","3":"status-publish","4":"has-post-thumbnail","6":"product_cat-complementos","7":"product_cat-hebillas","8":"pa_color-azul","9":"pa_color-plateado","10":"pa_color-rojo","11":"pa_talla-unica","13":"first","14":"instock","15":"shipping-taxable","16":"purchasable","17":"product-type-variable"},"_links":{"self":[{"href":"https:\/\/www.elgatambbotes.com\/fr\/wp-json\/wp\/v2\/product\/22824","targetHints":{"allow":["GET"]}}],"collection":[{"href":"https:\/\/www.elgatambbotes.com\/fr\/wp-json\/wp\/v2\/product"}],"about":[{"href":"https:\/\/www.elgatambbotes.com\/fr\/wp-json\/wp\/v2\/types\/product"}],"wp:featuredmedia":[{"embeddable":true,"href":"https:\/\/www.elgatambbotes.com\/fr\/wp-json\/wp\/v2\/media\/22741"}],"wp:attachment":[{"href":"https:\/\/www.elgatambbotes.com\/fr\/wp-json\/wp\/v2\/media?parent=22824"}],"wp:term":[{"taxonomy":"product_brand","embeddable":true,"href":"https:\/\/www.elgatambbotes.com\/fr\/wp-json\/wp\/v2\/product_brand?post=22824"},{"taxonomy":"product_cat","embeddable":true,"href":"https:\/\/www.elgatambbotes.com\/fr\/wp-json\/wp\/v2\/product_cat?post=22824"},{"taxonomy":"product_tag","embeddable":true,"href":"https:\/\/www.elgatambbotes.com\/fr\/wp-json\/wp\/v2\/product_tag?post=22824"},{"taxonomy":"giftcard-category","embeddable":true,"href":"https:\/\/www.elgatambbotes.com\/fr\/wp-json\/wp\/v2\/giftcard-category?post=22824"}],"curies":[{"name":"wp","href":"https:\/\/api.w.org\/{rel}","templated":true}]}}