{"id":22818,"date":"2025-03-05T11:07:48","date_gmt":"2025-03-05T10:07:48","guid":{"rendered":"https:\/\/www.elgatambbotes.com\/?post_type=product&#038;p=22818"},"modified":"2026-02-12T13:43:46","modified_gmt":"2026-02-12T12:43:46","slug":"hebilla-oval-wild-wolf","status":"publish","type":"product","link":"https:\/\/www.elgatambbotes.com\/fr\/producto\/complementos\/hebillas\/hebilla-oval-wild-wolf\/","title":{"rendered":"Boucle ovale Wild Wolf"},"content":{"rendered":"","protected":false},"excerpt":{"rendered":"<p><strong>Boucle am\u00e9ricaine <\/strong>avec un superbe motif de loup en relief, entour\u00e9 de d\u00e9tails tribaux et de plumes. Symbole de force et d'indomptabilit\u00e9, il est id\u00e9al pour un <strong>look western<\/strong> Exprimez votre c\u00f4t\u00e9 sauvage avec style !<\/p>\n<p>Dimensions : 8 x 6,5 cm. Largeur maximale de la ceinture : 4 cm.<\/p>","protected":false},"featured_media":22739,"template":"","meta":[],"product_brand":[],"product_cat":[22,31],"product_tag":[],"giftcard-category":[],"class_list":{"0":"post-22818","1":"product","2":"type-product","3":"status-publish","4":"has-post-thumbnail","6":"product_cat-complementos","7":"product_cat-hebillas","8":"pa_color-negro","9":"pa_color-plateado","10":"pa_talla-unica","12":"first","13":"instock","14":"shipping-taxable","15":"purchasable","16":"product-type-variable"},"_links":{"self":[{"href":"https:\/\/www.elgatambbotes.com\/fr\/wp-json\/wp\/v2\/product\/22818","targetHints":{"allow":["GET"]}}],"collection":[{"href":"https:\/\/www.elgatambbotes.com\/fr\/wp-json\/wp\/v2\/product"}],"about":[{"href":"https:\/\/www.elgatambbotes.com\/fr\/wp-json\/wp\/v2\/types\/product"}],"wp:featuredmedia":[{"embeddable":true,"href":"https:\/\/www.elgatambbotes.com\/fr\/wp-json\/wp\/v2\/media\/22739"}],"wp:attachment":[{"href":"https:\/\/www.elgatambbotes.com\/fr\/wp-json\/wp\/v2\/media?parent=22818"}],"wp:term":[{"taxonomy":"product_brand","embeddable":true,"href":"https:\/\/www.elgatambbotes.com\/fr\/wp-json\/wp\/v2\/product_brand?post=22818"},{"taxonomy":"product_cat","embeddable":true,"href":"https:\/\/www.elgatambbotes.com\/fr\/wp-json\/wp\/v2\/product_cat?post=22818"},{"taxonomy":"product_tag","embeddable":true,"href":"https:\/\/www.elgatambbotes.com\/fr\/wp-json\/wp\/v2\/product_tag?post=22818"},{"taxonomy":"giftcard-category","embeddable":true,"href":"https:\/\/www.elgatambbotes.com\/fr\/wp-json\/wp\/v2\/giftcard-category?post=22818"}],"curies":[{"name":"wp","href":"https:\/\/api.w.org\/{rel}","templated":true}]}}