{"id":22816,"date":"2025-03-04T13:38:34","date_gmt":"2025-03-04T12:38:34","guid":{"rendered":"https:\/\/www.elgatambbotes.com\/?post_type=product&#038;p=22816"},"modified":"2026-02-12T13:43:29","modified_gmt":"2026-02-12T12:43:29","slug":"hebilla-oval-eagle-head","status":"publish","type":"product","link":"https:\/\/www.elgatambbotes.com\/fr\/producto\/complementos\/hebillas\/hebilla-oval-eagle-head\/","title":{"rendered":"Boucle ovale \u00e0 t\u00eate d'aigle"},"content":{"rendered":"","protected":false},"excerpt":{"rendered":"<p><strong>Boucle am\u00e9ricaine <\/strong>avec un dessin d\u00e9taill\u00e9 d'un aigle \u00e0 t\u00eate blanche en relief, entour\u00e9 de gravures ornementales. Un symbole de puissance et de libert\u00e9, parfait pour un <strong>style western ou biker<\/strong>. Donnez \u00e0 votre look une touche impressionnante !<\/p>\n<p>Dimensions : 10 x 7,5 cm. Largeur maximale de la ceinture : 4 cm.<\/p>","protected":false},"featured_media":22738,"template":"","meta":[],"product_brand":[],"product_cat":[22,31],"product_tag":[],"giftcard-category":[],"class_list":{"0":"post-22816","1":"product","2":"type-product","3":"status-publish","4":"has-post-thumbnail","6":"product_cat-complementos","7":"product_cat-hebillas","8":"pa_color-blanco","9":"pa_color-plateado","10":"pa_talla-unica","12":"first","13":"instock","14":"shipping-taxable","15":"purchasable","16":"product-type-variable"},"_links":{"self":[{"href":"https:\/\/www.elgatambbotes.com\/fr\/wp-json\/wp\/v2\/product\/22816","targetHints":{"allow":["GET"]}}],"collection":[{"href":"https:\/\/www.elgatambbotes.com\/fr\/wp-json\/wp\/v2\/product"}],"about":[{"href":"https:\/\/www.elgatambbotes.com\/fr\/wp-json\/wp\/v2\/types\/product"}],"wp:featuredmedia":[{"embeddable":true,"href":"https:\/\/www.elgatambbotes.com\/fr\/wp-json\/wp\/v2\/media\/22738"}],"wp:attachment":[{"href":"https:\/\/www.elgatambbotes.com\/fr\/wp-json\/wp\/v2\/media?parent=22816"}],"wp:term":[{"taxonomy":"product_brand","embeddable":true,"href":"https:\/\/www.elgatambbotes.com\/fr\/wp-json\/wp\/v2\/product_brand?post=22816"},{"taxonomy":"product_cat","embeddable":true,"href":"https:\/\/www.elgatambbotes.com\/fr\/wp-json\/wp\/v2\/product_cat?post=22816"},{"taxonomy":"product_tag","embeddable":true,"href":"https:\/\/www.elgatambbotes.com\/fr\/wp-json\/wp\/v2\/product_tag?post=22816"},{"taxonomy":"giftcard-category","embeddable":true,"href":"https:\/\/www.elgatambbotes.com\/fr\/wp-json\/wp\/v2\/giftcard-category?post=22816"}],"curies":[{"name":"wp","href":"https:\/\/api.w.org\/{rel}","templated":true}]}}