{"id":22797,"date":"2025-03-03T12:09:33","date_gmt":"2025-03-03T11:09:33","guid":{"rendered":"https:\/\/www.elgatambbotes.com\/?post_type=product&#038;p=22797"},"modified":"2026-02-12T13:42:25","modified_gmt":"2026-02-12T12:42:25","slug":"hebilla-jesse-james","status":"publish","type":"product","link":"https:\/\/www.elgatambbotes.com\/fr\/producto\/complementos\/hebillas\/hebilla-jesse-james\/","title":{"rendered":"Jesse James Buckle"},"content":{"rendered":"","protected":false},"excerpt":{"rendered":"<p><strong>Boucle am\u00e9ricaine<\/strong> avec un dessin en l'honneur de <strong>Jesse James<\/strong>, le l\u00e9gendaire hors-la-loi du Far West. Les inscriptions et les reliefs en m\u00e9tal vieilli \u00e9voquent l'histoire de <strong>tireur c\u00e9l\u00e8bre<\/strong>. Un accessoire indispensable pour les amoureux du style western et de l'histoire du Far West.<\/p>\n<p>Dimensions : 8 x 6,5 cm. Largeur maximale de la ceinture : 4 cm.<\/p>","protected":false},"featured_media":22734,"template":"","meta":[],"product_brand":[],"product_cat":[22,31],"product_tag":[],"giftcard-category":[],"class_list":{"0":"post-22797","1":"product","2":"type-product","3":"status-publish","4":"has-post-thumbnail","6":"product_cat-complementos","7":"product_cat-hebillas","8":"pa_color-azul","9":"pa_color-plateado","10":"pa_color-rojo","11":"pa_talla-unica","13":"first","14":"instock","15":"shipping-taxable","16":"purchasable","17":"product-type-variable"},"_links":{"self":[{"href":"https:\/\/www.elgatambbotes.com\/fr\/wp-json\/wp\/v2\/product\/22797","targetHints":{"allow":["GET"]}}],"collection":[{"href":"https:\/\/www.elgatambbotes.com\/fr\/wp-json\/wp\/v2\/product"}],"about":[{"href":"https:\/\/www.elgatambbotes.com\/fr\/wp-json\/wp\/v2\/types\/product"}],"wp:featuredmedia":[{"embeddable":true,"href":"https:\/\/www.elgatambbotes.com\/fr\/wp-json\/wp\/v2\/media\/22734"}],"wp:attachment":[{"href":"https:\/\/www.elgatambbotes.com\/fr\/wp-json\/wp\/v2\/media?parent=22797"}],"wp:term":[{"taxonomy":"product_brand","embeddable":true,"href":"https:\/\/www.elgatambbotes.com\/fr\/wp-json\/wp\/v2\/product_brand?post=22797"},{"taxonomy":"product_cat","embeddable":true,"href":"https:\/\/www.elgatambbotes.com\/fr\/wp-json\/wp\/v2\/product_cat?post=22797"},{"taxonomy":"product_tag","embeddable":true,"href":"https:\/\/www.elgatambbotes.com\/fr\/wp-json\/wp\/v2\/product_tag?post=22797"},{"taxonomy":"giftcard-category","embeddable":true,"href":"https:\/\/www.elgatambbotes.com\/fr\/wp-json\/wp\/v2\/giftcard-category?post=22797"}],"curies":[{"name":"wp","href":"https:\/\/api.w.org\/{rel}","templated":true}]}}