{"id":22751,"date":"2025-02-27T11:42:10","date_gmt":"2025-02-27T10:42:10","guid":{"rendered":"https:\/\/www.elgatambbotes.com\/?post_type=product&#038;p=22751"},"modified":"2026-02-12T13:35:24","modified_gmt":"2026-02-12T12:35:24","slug":"hebilla-45-gun","status":"publish","type":"product","link":"https:\/\/www.elgatambbotes.com\/fr\/producto\/complementos\/hebillas\/hebilla-45-gun\/","title":{"rendered":"Boucle 45 Gun"},"content":{"rendered":"","protected":false},"excerpt":{"rendered":"<p><strong>Superbe boucle am\u00e9ricaine<\/strong> western avec le dessin en relief d'un revolver Colt .45 et l'inscription <em data-start=\"111\" data-end=\"139\">America's Pioneer Heritage<\/em>. D\u00e9tails argent\u00e9s et bordures rouges. A <strong>compl\u00e9ment id\u00e9al<\/strong> pour les amoureux du style cow-boy.<\/p>\n<p>Dimensions : 8,5 x 7 cm. Largeur maximale de la ceinture : 4 cm.<\/p>","protected":false},"featured_media":22727,"template":"","meta":[],"product_brand":[],"product_cat":[22,31],"product_tag":[],"giftcard-category":[],"class_list":{"0":"post-22751","1":"product","2":"type-product","3":"status-publish","4":"has-post-thumbnail","6":"product_cat-complementos","7":"product_cat-hebillas","8":"pa_color-blanco","9":"pa_color-plateado","10":"pa_color-rojo","11":"pa_talla-unica","13":"first","14":"instock","15":"shipping-taxable","16":"purchasable","17":"product-type-variable"},"_links":{"self":[{"href":"https:\/\/www.elgatambbotes.com\/fr\/wp-json\/wp\/v2\/product\/22751","targetHints":{"allow":["GET"]}}],"collection":[{"href":"https:\/\/www.elgatambbotes.com\/fr\/wp-json\/wp\/v2\/product"}],"about":[{"href":"https:\/\/www.elgatambbotes.com\/fr\/wp-json\/wp\/v2\/types\/product"}],"wp:featuredmedia":[{"embeddable":true,"href":"https:\/\/www.elgatambbotes.com\/fr\/wp-json\/wp\/v2\/media\/22727"}],"wp:attachment":[{"href":"https:\/\/www.elgatambbotes.com\/fr\/wp-json\/wp\/v2\/media?parent=22751"}],"wp:term":[{"taxonomy":"product_brand","embeddable":true,"href":"https:\/\/www.elgatambbotes.com\/fr\/wp-json\/wp\/v2\/product_brand?post=22751"},{"taxonomy":"product_cat","embeddable":true,"href":"https:\/\/www.elgatambbotes.com\/fr\/wp-json\/wp\/v2\/product_cat?post=22751"},{"taxonomy":"product_tag","embeddable":true,"href":"https:\/\/www.elgatambbotes.com\/fr\/wp-json\/wp\/v2\/product_tag?post=22751"},{"taxonomy":"giftcard-category","embeddable":true,"href":"https:\/\/www.elgatambbotes.com\/fr\/wp-json\/wp\/v2\/giftcard-category?post=22751"}],"curies":[{"name":"wp","href":"https:\/\/api.w.org\/{rel}","templated":true}]}}