{"id":22748,"date":"2025-02-27T11:33:57","date_gmt":"2025-02-27T10:33:57","guid":{"rendered":"https:\/\/www.elgatambbotes.com\/?post_type=product&#038;p=22748"},"modified":"2026-02-12T13:35:11","modified_gmt":"2026-02-12T12:35:11","slug":"hebilla-feather-turquoise","status":"publish","type":"product","link":"https:\/\/www.elgatambbotes.com\/fr\/producto\/complementos\/hebillas\/hebilla-feather-turquoise\/","title":{"rendered":"Boucle en plumes Turquoise"},"content":{"rendered":"","protected":false},"excerpt":{"rendered":"<p><strong>Boucle am\u00e9ricaine \u00e9l\u00e9gante<\/strong> western ovale avec d\u00e9tails emboss\u00e9s de plumes et fond noir antique. D\u00e9cor\u00e9 de deux pierres imitant la turquoise avec des veines dor\u00e9es. Id\u00e9al pour ajouter une touche de <strong>authentique et sophistiqu\u00e9<\/strong> \u00e0 votre ceinture de cow-boy.<\/p>\n<p>Dimensions : 8 x 6,1 cm. Largeur maximale de la ceinture : 4 cm.<\/p>","protected":false},"featured_media":22726,"template":"","meta":[],"product_brand":[],"product_cat":[22,31],"product_tag":[],"giftcard-category":[],"class_list":{"0":"post-22748","1":"product","2":"type-product","3":"status-publish","4":"has-post-thumbnail","6":"product_cat-complementos","7":"product_cat-hebillas","8":"pa_color-negro","9":"pa_color-plateado","10":"pa_color-turquesa","11":"pa_talla-unica","13":"first","14":"instock","15":"shipping-taxable","16":"purchasable","17":"product-type-variable"},"_links":{"self":[{"href":"https:\/\/www.elgatambbotes.com\/fr\/wp-json\/wp\/v2\/product\/22748","targetHints":{"allow":["GET"]}}],"collection":[{"href":"https:\/\/www.elgatambbotes.com\/fr\/wp-json\/wp\/v2\/product"}],"about":[{"href":"https:\/\/www.elgatambbotes.com\/fr\/wp-json\/wp\/v2\/types\/product"}],"wp:featuredmedia":[{"embeddable":true,"href":"https:\/\/www.elgatambbotes.com\/fr\/wp-json\/wp\/v2\/media\/22726"}],"wp:attachment":[{"href":"https:\/\/www.elgatambbotes.com\/fr\/wp-json\/wp\/v2\/media?parent=22748"}],"wp:term":[{"taxonomy":"product_brand","embeddable":true,"href":"https:\/\/www.elgatambbotes.com\/fr\/wp-json\/wp\/v2\/product_brand?post=22748"},{"taxonomy":"product_cat","embeddable":true,"href":"https:\/\/www.elgatambbotes.com\/fr\/wp-json\/wp\/v2\/product_cat?post=22748"},{"taxonomy":"product_tag","embeddable":true,"href":"https:\/\/www.elgatambbotes.com\/fr\/wp-json\/wp\/v2\/product_tag?post=22748"},{"taxonomy":"giftcard-category","embeddable":true,"href":"https:\/\/www.elgatambbotes.com\/fr\/wp-json\/wp\/v2\/giftcard-category?post=22748"}],"curies":[{"name":"wp","href":"https:\/\/api.w.org\/{rel}","templated":true}]}}