{"id":22625,"date":"2025-01-31T13:11:13","date_gmt":"2025-01-31T12:11:13","guid":{"rendered":"https:\/\/www.elgatambbotes.com\/?post_type=product&#038;p=22625"},"modified":"2026-02-12T13:33:17","modified_gmt":"2026-02-12T12:33:17","slug":"sendra-boots-talonera-grabada-oro","status":"publish","type":"product","link":"https:\/\/www.elgatambbotes.com\/fr\/producto\/complementos\/accesorios-botas\/sendra-boots-talonera-grabada-oro\/","title":{"rendered":"Sendra Boots Talonnette grav\u00e9e Or"},"content":{"rendered":"","protected":false},"excerpt":{"rendered":"<p>Ensemble de deux <strong>talons m\u00e9talliques<\/strong> en ton or mat et grav\u00e9. Id\u00e9ales pour donner un nouveau look et une protection arri\u00e8re suppl\u00e9mentaire \u00e0 vos bottes et bottines. Ils conviendront parfaitement \u00e0 la plupart des mod\u00e8les de bottes Sendra et Mayura.<\/p>","protected":false},"featured_media":22620,"template":"","meta":[],"product_brand":[151],"product_cat":[77,22,98],"product_tag":[],"giftcard-category":[],"class_list":{"0":"post-22625","1":"product","2":"type-product","3":"status-publish","4":"has-post-thumbnail","6":"product_brand-sendra-boots","7":"product_cat-accesorios-botas","8":"product_cat-complementos","9":"product_cat-sendra-boots","10":"pa_color-dorado","11":"pa_color-oro","12":"pa_talla-unica","14":"first","15":"instock","16":"shipping-taxable","17":"purchasable","18":"product-type-variable"},"_links":{"self":[{"href":"https:\/\/www.elgatambbotes.com\/fr\/wp-json\/wp\/v2\/product\/22625","targetHints":{"allow":["GET"]}}],"collection":[{"href":"https:\/\/www.elgatambbotes.com\/fr\/wp-json\/wp\/v2\/product"}],"about":[{"href":"https:\/\/www.elgatambbotes.com\/fr\/wp-json\/wp\/v2\/types\/product"}],"wp:featuredmedia":[{"embeddable":true,"href":"https:\/\/www.elgatambbotes.com\/fr\/wp-json\/wp\/v2\/media\/22620"}],"wp:attachment":[{"href":"https:\/\/www.elgatambbotes.com\/fr\/wp-json\/wp\/v2\/media?parent=22625"}],"wp:term":[{"taxonomy":"product_brand","embeddable":true,"href":"https:\/\/www.elgatambbotes.com\/fr\/wp-json\/wp\/v2\/product_brand?post=22625"},{"taxonomy":"product_cat","embeddable":true,"href":"https:\/\/www.elgatambbotes.com\/fr\/wp-json\/wp\/v2\/product_cat?post=22625"},{"taxonomy":"product_tag","embeddable":true,"href":"https:\/\/www.elgatambbotes.com\/fr\/wp-json\/wp\/v2\/product_tag?post=22625"},{"taxonomy":"giftcard-category","embeddable":true,"href":"https:\/\/www.elgatambbotes.com\/fr\/wp-json\/wp\/v2\/giftcard-category?post=22625"}],"curies":[{"name":"wp","href":"https:\/\/api.w.org\/{rel}","templated":true}]}}