{"id":22623,"date":"2025-01-31T13:08:11","date_gmt":"2025-01-31T12:08:11","guid":{"rendered":"https:\/\/www.elgatambbotes.com\/?post_type=product&#038;p=22623"},"modified":"2026-02-12T13:32:54","modified_gmt":"2026-02-12T12:32:54","slug":"sendra-boots-talonera-foxing-antic","status":"publish","type":"product","link":"https:\/\/www.elgatambbotes.com\/fr\/producto\/complementos\/accesorios-botas\/sendra-boots-talonera-foxing-antic\/","title":{"rendered":"Sendra Bottes Foxing Talon Foxing Antic"},"content":{"rendered":"","protected":false},"excerpt":{"rendered":"<p>Ensemble de deux <strong>talons m\u00e9talliques<\/strong> dans un ton sombre, vieilli et grav\u00e9. Id\u00e9ales pour donner un nouveau look et une protection arri\u00e8re suppl\u00e9mentaire \u00e0 vos bottes et bottines. Ils conviendront parfaitement \u00e0 la plupart des mod\u00e8les de bottes Sendra et Mayura.<\/p>","protected":false},"featured_media":22618,"template":"","meta":[],"product_brand":[151],"product_cat":[77,22,98],"product_tag":[],"giftcard-category":[],"class_list":{"0":"post-22623","1":"product","2":"type-product","3":"status-publish","4":"has-post-thumbnail","6":"product_brand-sendra-boots","7":"product_cat-accesorios-botas","8":"product_cat-complementos","9":"product_cat-sendra-boots","10":"pa_color-antic","11":"pa_talla-unica","13":"first","14":"instock","15":"shipping-taxable","16":"purchasable","17":"product-type-variable"},"_links":{"self":[{"href":"https:\/\/www.elgatambbotes.com\/fr\/wp-json\/wp\/v2\/product\/22623","targetHints":{"allow":["GET"]}}],"collection":[{"href":"https:\/\/www.elgatambbotes.com\/fr\/wp-json\/wp\/v2\/product"}],"about":[{"href":"https:\/\/www.elgatambbotes.com\/fr\/wp-json\/wp\/v2\/types\/product"}],"wp:featuredmedia":[{"embeddable":true,"href":"https:\/\/www.elgatambbotes.com\/fr\/wp-json\/wp\/v2\/media\/22618"}],"wp:attachment":[{"href":"https:\/\/www.elgatambbotes.com\/fr\/wp-json\/wp\/v2\/media?parent=22623"}],"wp:term":[{"taxonomy":"product_brand","embeddable":true,"href":"https:\/\/www.elgatambbotes.com\/fr\/wp-json\/wp\/v2\/product_brand?post=22623"},{"taxonomy":"product_cat","embeddable":true,"href":"https:\/\/www.elgatambbotes.com\/fr\/wp-json\/wp\/v2\/product_cat?post=22623"},{"taxonomy":"product_tag","embeddable":true,"href":"https:\/\/www.elgatambbotes.com\/fr\/wp-json\/wp\/v2\/product_tag?post=22623"},{"taxonomy":"giftcard-category","embeddable":true,"href":"https:\/\/www.elgatambbotes.com\/fr\/wp-json\/wp\/v2\/giftcard-category?post=22623"}],"curies":[{"name":"wp","href":"https:\/\/api.w.org\/{rel}","templated":true}]}}