{"id":22612,"date":"2025-01-21T12:07:30","date_gmt":"2025-01-21T11:07:30","guid":{"rendered":"https:\/\/www.elgatambbotes.com\/?post_type=product&#038;p=22612"},"modified":"2026-02-26T13:40:21","modified_gmt":"2026-02-26T12:40:21","slug":"sendra-boots-puntera-ringo-aguila","status":"publish","type":"product","link":"https:\/\/www.elgatambbotes.com\/fr\/producto\/complementos\/accesorios-botas\/sendra-boots-puntera-ringo-aguila\/","title":{"rendered":"Sendra Bottes Toe Toe Ringo Eagle"},"content":{"rendered":"","protected":false},"excerpt":{"rendered":"<p>Ensemble de deux <strong>embouts m\u00e9talliques <\/strong>en tonalit\u00e9 antiquaire fonc\u00e9e avec aigle emboss\u00e9 dans le corps de l'animal.<span class=\"Apple-converted-space\">\u00a0 <\/span>ton or brillant contrast\u00e9. Id\u00e9ales pour donner un nouveau look et une protection suppl\u00e9mentaire \u00e0 vos bottes et bottines. Elles conviendront parfaitement \u00e0 la plupart des mod\u00e8les de bottes Sendra et Mayura qui ont un bout fin et une hauteur moyenne\/\u00e9lev\u00e9e.<\/p>","protected":false},"featured_media":22601,"template":"","meta":[],"product_brand":[151],"product_cat":[77,22,98],"product_tag":[],"giftcard-category":[],"class_list":{"0":"post-22612","1":"product","2":"type-product","3":"status-publish","4":"has-post-thumbnail","6":"product_brand-sendra-boots","7":"product_cat-accesorios-botas","8":"product_cat-complementos","9":"product_cat-sendra-boots","10":"pa_color-antic","11":"pa_color-dorado","12":"pa_talla-unica","14":"first","15":"instock","16":"shipping-taxable","17":"purchasable","18":"product-type-variable"},"_links":{"self":[{"href":"https:\/\/www.elgatambbotes.com\/fr\/wp-json\/wp\/v2\/product\/22612","targetHints":{"allow":["GET"]}}],"collection":[{"href":"https:\/\/www.elgatambbotes.com\/fr\/wp-json\/wp\/v2\/product"}],"about":[{"href":"https:\/\/www.elgatambbotes.com\/fr\/wp-json\/wp\/v2\/types\/product"}],"wp:featuredmedia":[{"embeddable":true,"href":"https:\/\/www.elgatambbotes.com\/fr\/wp-json\/wp\/v2\/media\/22601"}],"wp:attachment":[{"href":"https:\/\/www.elgatambbotes.com\/fr\/wp-json\/wp\/v2\/media?parent=22612"}],"wp:term":[{"taxonomy":"product_brand","embeddable":true,"href":"https:\/\/www.elgatambbotes.com\/fr\/wp-json\/wp\/v2\/product_brand?post=22612"},{"taxonomy":"product_cat","embeddable":true,"href":"https:\/\/www.elgatambbotes.com\/fr\/wp-json\/wp\/v2\/product_cat?post=22612"},{"taxonomy":"product_tag","embeddable":true,"href":"https:\/\/www.elgatambbotes.com\/fr\/wp-json\/wp\/v2\/product_tag?post=22612"},{"taxonomy":"giftcard-category","embeddable":true,"href":"https:\/\/www.elgatambbotes.com\/fr\/wp-json\/wp\/v2\/giftcard-category?post=22612"}],"curies":[{"name":"wp","href":"https:\/\/api.w.org\/{rel}","templated":true}]}}