{"id":22610,"date":"2025-01-21T12:05:16","date_gmt":"2025-01-21T11:05:16","guid":{"rendered":"https:\/\/www.elgatambbotes.com\/?post_type=product&#038;p=22610"},"modified":"2026-04-06T11:58:33","modified_gmt":"2026-04-06T09:58:33","slug":"sendra-boots-puntera-ibiza-plata-vieja","status":"publish","type":"product","link":"https:\/\/www.elgatambbotes.com\/fr\/producto\/complementos\/accesorios-botas\/sendra-boots-puntera-ibiza-plata-vieja\/","title":{"rendered":"Sendra Boots Toe cap Ibiza Old Silver"},"content":{"rendered":"","protected":false},"excerpt":{"rendered":"<p>Ensemble de deux <strong>embouts m\u00e9talliques <\/strong>en argent antique avec gravure d\u00e9corative. Id\u00e9ales pour donner un nouveau look et une protection suppl\u00e9mentaire \u00e0 vos bottes et bottines. Comme elles sont assez flexibles, elles s'adapteront parfaitement \u00e0 la plupart des mod\u00e8les de bottes Sendra et Mayura avec un bout fin et une hauteur moyenne.<\/p>","protected":false},"featured_media":22599,"template":"","meta":[],"product_brand":[151],"product_cat":[77,22,98],"product_tag":[],"giftcard-category":[],"class_list":{"0":"post-22610","1":"product","2":"type-product","3":"status-publish","4":"has-post-thumbnail","6":"product_brand-sendra-boots","7":"product_cat-accesorios-botas","8":"product_cat-complementos","9":"product_cat-sendra-boots","10":"pa_color-plata-vieja","11":"pa_color-plateado","12":"pa_talla-unica","14":"first","15":"instock","16":"shipping-taxable","17":"purchasable","18":"product-type-variable"},"_links":{"self":[{"href":"https:\/\/www.elgatambbotes.com\/fr\/wp-json\/wp\/v2\/product\/22610","targetHints":{"allow":["GET"]}}],"collection":[{"href":"https:\/\/www.elgatambbotes.com\/fr\/wp-json\/wp\/v2\/product"}],"about":[{"href":"https:\/\/www.elgatambbotes.com\/fr\/wp-json\/wp\/v2\/types\/product"}],"wp:featuredmedia":[{"embeddable":true,"href":"https:\/\/www.elgatambbotes.com\/fr\/wp-json\/wp\/v2\/media\/22599"}],"wp:attachment":[{"href":"https:\/\/www.elgatambbotes.com\/fr\/wp-json\/wp\/v2\/media?parent=22610"}],"wp:term":[{"taxonomy":"product_brand","embeddable":true,"href":"https:\/\/www.elgatambbotes.com\/fr\/wp-json\/wp\/v2\/product_brand?post=22610"},{"taxonomy":"product_cat","embeddable":true,"href":"https:\/\/www.elgatambbotes.com\/fr\/wp-json\/wp\/v2\/product_cat?post=22610"},{"taxonomy":"product_tag","embeddable":true,"href":"https:\/\/www.elgatambbotes.com\/fr\/wp-json\/wp\/v2\/product_tag?post=22610"},{"taxonomy":"giftcard-category","embeddable":true,"href":"https:\/\/www.elgatambbotes.com\/fr\/wp-json\/wp\/v2\/giftcard-category?post=22610"}],"curies":[{"name":"wp","href":"https:\/\/api.w.org\/{rel}","templated":true}]}}