{"id":22577,"date":"2025-01-10T10:34:13","date_gmt":"2025-01-10T09:34:13","guid":{"rendered":"https:\/\/www.elgatambbotes.com\/?post_type=product&#038;p=22577"},"modified":"2026-04-03T13:36:19","modified_gmt":"2026-04-03T11:36:19","slug":"fyr-11382-toro-1blea-c20","status":"publish","type":"product","link":"https:\/\/www.elgatambbotes.com\/fr\/producto\/marcas\/fernandez-y-roche\/fyr-11382-toro-1blea-c20\/","title":{"rendered":"FyR 11382 Toro 1Blea C20"},"content":{"rendered":"","protected":false},"excerpt":{"rendered":"<p>Chapeau de cow-boy <strong>Fern\u00e1ndez y Roche<\/strong>\u00a0en paille de Panama v\u00e9ritable tress\u00e9e, de couleur naturelle avec un l\u00e9ger ton grill\u00e9. Bonnet de 11,5 cm et bord de 9 cm. Rembourrage int\u00e9rieur tr\u00e8s doux pour un plus grand confort et bord moulable. D\u00e9cor\u00e9 d'une fine <strong>lani\u00e8re en cuir marron<\/strong> contraste nou\u00e9 sur le c\u00f4t\u00e9 pour un style parfait.<\/p>","protected":false},"featured_media":22582,"template":"","meta":[],"product_brand":[156],"product_cat":[22,94,30],"product_tag":[],"giftcard-category":[],"class_list":{"0":"post-22577","1":"product","2":"type-product","3":"status-publish","4":"has-post-thumbnail","6":"product_brand-fernandez-y-roche","7":"product_cat-complementos","8":"product_cat-fernandez-y-roche","9":"product_cat-sombreros-cowboy","10":"pa_color-beige","11":"pa_color-natural","12":"pa_color-tostado","13":"pa_talla-l","14":"pa_talla-m","15":"pa_talla-s","16":"pa_talla-xl","18":"first","19":"instock","20":"sale","21":"shipping-taxable","22":"purchasable","23":"product-type-variable"},"_links":{"self":[{"href":"https:\/\/www.elgatambbotes.com\/fr\/wp-json\/wp\/v2\/product\/22577","targetHints":{"allow":["GET"]}}],"collection":[{"href":"https:\/\/www.elgatambbotes.com\/fr\/wp-json\/wp\/v2\/product"}],"about":[{"href":"https:\/\/www.elgatambbotes.com\/fr\/wp-json\/wp\/v2\/types\/product"}],"wp:featuredmedia":[{"embeddable":true,"href":"https:\/\/www.elgatambbotes.com\/fr\/wp-json\/wp\/v2\/media\/22582"}],"wp:attachment":[{"href":"https:\/\/www.elgatambbotes.com\/fr\/wp-json\/wp\/v2\/media?parent=22577"}],"wp:term":[{"taxonomy":"product_brand","embeddable":true,"href":"https:\/\/www.elgatambbotes.com\/fr\/wp-json\/wp\/v2\/product_brand?post=22577"},{"taxonomy":"product_cat","embeddable":true,"href":"https:\/\/www.elgatambbotes.com\/fr\/wp-json\/wp\/v2\/product_cat?post=22577"},{"taxonomy":"product_tag","embeddable":true,"href":"https:\/\/www.elgatambbotes.com\/fr\/wp-json\/wp\/v2\/product_tag?post=22577"},{"taxonomy":"giftcard-category","embeddable":true,"href":"https:\/\/www.elgatambbotes.com\/fr\/wp-json\/wp\/v2\/giftcard-category?post=22577"}],"curies":[{"name":"wp","href":"https:\/\/api.w.org\/{rel}","templated":true}]}}