{"id":22572,"date":"2025-01-10T10:21:34","date_gmt":"2025-01-10T09:21:34","guid":{"rendered":"https:\/\/www.elgatambbotes.com\/?post_type=product&#038;p=22572"},"modified":"2026-02-12T13:28:04","modified_gmt":"2026-02-12T12:28:04","slug":"fyr-almeria","status":"publish","type":"product","link":"https:\/\/www.elgatambbotes.com\/fr\/producto\/marcas\/fernandez-y-roche\/fyr-almeria\/","title":{"rendered":"M&amp;R Almeria"},"content":{"rendered":"","protected":false},"excerpt":{"rendered":"<p>Chapeau de cow-boy <strong>Fern\u00e1ndez y Roche <\/strong>en authentique palmier mexicain tress\u00e9 de couleur naturelle. Coupe de 11 cm et bord de 10 cm. Chamois int\u00e9rieur \u00e9lastique pour un meilleur ajustement. D\u00e9cor\u00e9 d'un <strong>courroie en cuir<\/strong> marron gaufr\u00e9 et clous m\u00e9talliques.<\/p>","protected":false},"featured_media":22570,"template":"","meta":[],"product_brand":[156],"product_cat":[22,94,30],"product_tag":[],"giftcard-category":[],"class_list":{"0":"post-22572","1":"product","2":"type-product","3":"status-publish","4":"has-post-thumbnail","6":"product_brand-fernandez-y-roche","7":"product_cat-complementos","8":"product_cat-fernandez-y-roche","9":"product_cat-sombreros-cowboy","10":"pa_color-beige","11":"pa_color-natural","12":"pa_talla-l","13":"pa_talla-m","14":"pa_talla-s","15":"pa_talla-xl","17":"first","18":"instock","19":"shipping-taxable","20":"purchasable","21":"product-type-variable"},"_links":{"self":[{"href":"https:\/\/www.elgatambbotes.com\/fr\/wp-json\/wp\/v2\/product\/22572","targetHints":{"allow":["GET"]}}],"collection":[{"href":"https:\/\/www.elgatambbotes.com\/fr\/wp-json\/wp\/v2\/product"}],"about":[{"href":"https:\/\/www.elgatambbotes.com\/fr\/wp-json\/wp\/v2\/types\/product"}],"wp:featuredmedia":[{"embeddable":true,"href":"https:\/\/www.elgatambbotes.com\/fr\/wp-json\/wp\/v2\/media\/22570"}],"wp:attachment":[{"href":"https:\/\/www.elgatambbotes.com\/fr\/wp-json\/wp\/v2\/media?parent=22572"}],"wp:term":[{"taxonomy":"product_brand","embeddable":true,"href":"https:\/\/www.elgatambbotes.com\/fr\/wp-json\/wp\/v2\/product_brand?post=22572"},{"taxonomy":"product_cat","embeddable":true,"href":"https:\/\/www.elgatambbotes.com\/fr\/wp-json\/wp\/v2\/product_cat?post=22572"},{"taxonomy":"product_tag","embeddable":true,"href":"https:\/\/www.elgatambbotes.com\/fr\/wp-json\/wp\/v2\/product_tag?post=22572"},{"taxonomy":"giftcard-category","embeddable":true,"href":"https:\/\/www.elgatambbotes.com\/fr\/wp-json\/wp\/v2\/giftcard-category?post=22572"}],"curies":[{"name":"wp","href":"https:\/\/api.w.org\/{rel}","templated":true}]}}