{"id":22431,"date":"2024-12-20T18:28:30","date_gmt":"2024-12-20T17:28:30","guid":{"rendered":"https:\/\/www.elgatambbotes.com\/?post_type=product&#038;p=22431"},"modified":"2026-02-11T12:50:11","modified_gmt":"2026-02-11T11:50:11","slug":"sendra-11283-salvaje-acacia-negro-betun","status":"publish","type":"product","link":"https:\/\/www.elgatambbotes.com\/fr\/producto\/mujer\/botas-cowboy-mujer\/sendra-11283-salvaje-acacia-negro-betun\/","title":{"rendered":"Sendra 11283 Salvaje Acacia Negro Bet\u00fan"},"content":{"rendered":"","protected":false},"excerpt":{"rendered":"<p>Demi-botte <strong>Sendra Boots<\/strong> pour femmes, en vachette huil\u00e9e noire combin\u00e9e \u00e0 du noir lav\u00e9 sur le d\u00e9tail de la tige et du pied. L'association du noir et du taupe leur conf\u00e8re une touche d'\u00e9l\u00e9gance. Semelle en cuir et coutures <strong>Goodyear<\/strong>.<\/p>","protected":false},"featured_media":22439,"template":"","meta":[],"product_brand":[151],"product_cat":[82,25,98],"product_tag":[],"giftcard-category":[],"class_list":{"0":"post-22431","1":"product","2":"type-product","3":"status-publish","4":"has-post-thumbnail","6":"product_brand-sendra-boots","7":"product_cat-botas-cowboy-mujer","8":"product_cat-mujer","9":"product_cat-sendra-boots","10":"pa_color-gris","11":"pa_color-negro","12":"pa_talla-99","13":"pa_talla-100","14":"pa_talla-101","15":"pa_talla-102","16":"pa_talla-103","17":"pa_talla-104","18":"pa_talla-105","20":"first","21":"instock","22":"shipping-taxable","23":"purchasable","24":"product-type-variable"},"_links":{"self":[{"href":"https:\/\/www.elgatambbotes.com\/fr\/wp-json\/wp\/v2\/product\/22431","targetHints":{"allow":["GET"]}}],"collection":[{"href":"https:\/\/www.elgatambbotes.com\/fr\/wp-json\/wp\/v2\/product"}],"about":[{"href":"https:\/\/www.elgatambbotes.com\/fr\/wp-json\/wp\/v2\/types\/product"}],"wp:featuredmedia":[{"embeddable":true,"href":"https:\/\/www.elgatambbotes.com\/fr\/wp-json\/wp\/v2\/media\/22439"}],"wp:attachment":[{"href":"https:\/\/www.elgatambbotes.com\/fr\/wp-json\/wp\/v2\/media?parent=22431"}],"wp:term":[{"taxonomy":"product_brand","embeddable":true,"href":"https:\/\/www.elgatambbotes.com\/fr\/wp-json\/wp\/v2\/product_brand?post=22431"},{"taxonomy":"product_cat","embeddable":true,"href":"https:\/\/www.elgatambbotes.com\/fr\/wp-json\/wp\/v2\/product_cat?post=22431"},{"taxonomy":"product_tag","embeddable":true,"href":"https:\/\/www.elgatambbotes.com\/fr\/wp-json\/wp\/v2\/product_tag?post=22431"},{"taxonomy":"giftcard-category","embeddable":true,"href":"https:\/\/www.elgatambbotes.com\/fr\/wp-json\/wp\/v2\/giftcard-category?post=22431"}],"curies":[{"name":"wp","href":"https:\/\/api.w.org\/{rel}","templated":true}]}}