{"id":22407,"date":"2024-12-20T17:42:02","date_gmt":"2024-12-20T16:42:02","guid":{"rendered":"https:\/\/www.elgatambbotes.com\/?post_type=product&#038;p=22407"},"modified":"2026-02-11T12:49:11","modified_gmt":"2026-02-11T11:49:11","slug":"sendra-15433-raspado-blue","status":"publish","type":"product","link":"https:\/\/www.elgatambbotes.com\/fr\/producto\/mujer\/botas-cowboy-mujer\/sendra-15433-raspado-blue\/","title":{"rendered":"Sendra 15433 Raspado Bleu"},"content":{"rendered":"","protected":false},"excerpt":{"rendered":"<p>Demi-botte <strong>Sendra Boots<\/strong> pour femmes, en cuir de vachette bleu \u00e9rafl\u00e9 associ\u00e9 \u00e0 une imitation python sur le d\u00e9tail de la tige et du pied. Les l\u00e9g\u00e8res \u00e9raflures leur conf\u00e8rent une touche vieillie qui les rend uniques. Semelle en cuir et coutures <strong>Goodyear<\/strong>.<\/p>\n<p><em>*Remarque : il est recommand\u00e9 de choisir une taille en dessous de la taille habituelle, car la taille est grande.<\/em><\/p>","protected":false},"featured_media":22416,"template":"","meta":[],"product_brand":[151],"product_cat":[82,25,98],"product_tag":[],"giftcard-category":[],"class_list":{"0":"post-22407","1":"product","2":"type-product","3":"status-publish","4":"has-post-thumbnail","6":"product_brand-sendra-boots","7":"product_cat-botas-cowboy-mujer","8":"product_cat-mujer","9":"product_cat-sendra-boots","10":"pa_color-azul","11":"pa_color-piton","12":"pa_talla-99","13":"pa_talla-100","14":"pa_talla-101","15":"pa_talla-102","16":"pa_talla-103","17":"pa_talla-104","18":"pa_talla-105","20":"first","21":"instock","22":"shipping-taxable","23":"purchasable","24":"product-type-variable"},"_links":{"self":[{"href":"https:\/\/www.elgatambbotes.com\/fr\/wp-json\/wp\/v2\/product\/22407","targetHints":{"allow":["GET"]}}],"collection":[{"href":"https:\/\/www.elgatambbotes.com\/fr\/wp-json\/wp\/v2\/product"}],"about":[{"href":"https:\/\/www.elgatambbotes.com\/fr\/wp-json\/wp\/v2\/types\/product"}],"wp:featuredmedia":[{"embeddable":true,"href":"https:\/\/www.elgatambbotes.com\/fr\/wp-json\/wp\/v2\/media\/22416"}],"wp:attachment":[{"href":"https:\/\/www.elgatambbotes.com\/fr\/wp-json\/wp\/v2\/media?parent=22407"}],"wp:term":[{"taxonomy":"product_brand","embeddable":true,"href":"https:\/\/www.elgatambbotes.com\/fr\/wp-json\/wp\/v2\/product_brand?post=22407"},{"taxonomy":"product_cat","embeddable":true,"href":"https:\/\/www.elgatambbotes.com\/fr\/wp-json\/wp\/v2\/product_cat?post=22407"},{"taxonomy":"product_tag","embeddable":true,"href":"https:\/\/www.elgatambbotes.com\/fr\/wp-json\/wp\/v2\/product_tag?post=22407"},{"taxonomy":"giftcard-category","embeddable":true,"href":"https:\/\/www.elgatambbotes.com\/fr\/wp-json\/wp\/v2\/giftcard-category?post=22407"}],"curies":[{"name":"wp","href":"https:\/\/api.w.org\/{rel}","templated":true}]}}