{"id":22261,"date":"2024-11-20T19:57:00","date_gmt":"2024-11-20T18:57:00","guid":{"rendered":"https:\/\/www.elgatambbotes.com\/?post_type=product&#038;p=22261"},"modified":"2026-02-11T12:47:31","modified_gmt":"2026-02-11T11:47:31","slug":"mayura-cristi-2526-afelpado-tabaco","status":"publish","type":"product","link":"https:\/\/www.elgatambbotes.com\/fr\/producto\/marcas\/mayura-boots\/mayura-cristi-2526-afelpado-tabaco\/","title":{"rendered":"Mayura Cristi 2526 Afelpado Tabaco"},"content":{"rendered":"","protected":false},"excerpt":{"rendered":"<p>Botte <strong>Mayura Boots<\/strong> pour femmes sont fabriqu\u00e9es en cuir de vachette tr\u00e8s doux, de style boho. Le bout arrondi et le style vieilli \u00e0 la main donnent \u00e0 votre look un style casual et d\u00e9contract\u00e9 qui ne se d\u00e9mode jamais. Semelle en cuir et coutures <strong>Goodyear<\/strong>.<span class=\"Apple-converted-space\">\u00a0<\/span><\/p>","protected":false},"featured_media":22264,"template":"","meta":[],"product_brand":[152],"product_cat":[97,25,82],"product_tag":[],"giftcard-category":[],"class_list":{"0":"post-22261","1":"product","2":"type-product","3":"status-publish","4":"has-post-thumbnail","6":"product_brand-mayura-boots","7":"product_cat-mayura-boots","8":"product_cat-mujer","9":"product_cat-botas-cowboy-mujer","10":"pa_color-marron","11":"pa_color-tabaco","12":"pa_talla-100","13":"pa_talla-101","14":"pa_talla-102","15":"pa_talla-103","16":"pa_talla-104","17":"pa_talla-105","19":"first","20":"instock","21":"shipping-taxable","22":"purchasable","23":"product-type-variable"},"_links":{"self":[{"href":"https:\/\/www.elgatambbotes.com\/fr\/wp-json\/wp\/v2\/product\/22261","targetHints":{"allow":["GET"]}}],"collection":[{"href":"https:\/\/www.elgatambbotes.com\/fr\/wp-json\/wp\/v2\/product"}],"about":[{"href":"https:\/\/www.elgatambbotes.com\/fr\/wp-json\/wp\/v2\/types\/product"}],"wp:featuredmedia":[{"embeddable":true,"href":"https:\/\/www.elgatambbotes.com\/fr\/wp-json\/wp\/v2\/media\/22264"}],"wp:attachment":[{"href":"https:\/\/www.elgatambbotes.com\/fr\/wp-json\/wp\/v2\/media?parent=22261"}],"wp:term":[{"taxonomy":"product_brand","embeddable":true,"href":"https:\/\/www.elgatambbotes.com\/fr\/wp-json\/wp\/v2\/product_brand?post=22261"},{"taxonomy":"product_cat","embeddable":true,"href":"https:\/\/www.elgatambbotes.com\/fr\/wp-json\/wp\/v2\/product_cat?post=22261"},{"taxonomy":"product_tag","embeddable":true,"href":"https:\/\/www.elgatambbotes.com\/fr\/wp-json\/wp\/v2\/product_tag?post=22261"},{"taxonomy":"giftcard-category","embeddable":true,"href":"https:\/\/www.elgatambbotes.com\/fr\/wp-json\/wp\/v2\/giftcard-category?post=22261"}],"curies":[{"name":"wp","href":"https:\/\/api.w.org\/{rel}","templated":true}]}}