{"id":22231,"date":"2024-11-20T18:59:01","date_gmt":"2024-11-20T17:59:01","guid":{"rendered":"https:\/\/www.elgatambbotes.com\/?post_type=product&#038;p=22231"},"modified":"2026-03-20T12:42:44","modified_gmt":"2026-03-20T11:42:44","slug":"mayura-07-pull-grass-negro","status":"publish","type":"product","link":"https:\/\/www.elgatambbotes.com\/fr\/producto\/hombre\/botas-biker-hombre\/mayura-07-pull-grass-negro\/","title":{"rendered":"Mayura 07 Pull Grass Noir"},"content":{"rendered":"","protected":false},"excerpt":{"rendered":"<p>Botte \u00e0 bout carr\u00e9 <strong>Mayura Boots<\/strong> pour hommes, en cuir de vachette<span class=\"Apple-converted-space\">\u00a0 <\/span>en qualit\u00e9 sup\u00e9rieure, \u00e9paisse et huil\u00e9e, en fait une botte de motard solide et robuste. Harnais et garniture tress\u00e9e sur le cou-de-pied et la tige. Double semelle en cuir, semelle en caoutchouc antid\u00e9rapante et isolante et coutures <strong>Goodyear<\/strong>.<span class=\"Apple-converted-space\">\u00a0<\/span><\/p>","protected":false},"featured_media":22234,"template":"","meta":[],"product_brand":[152],"product_cat":[21,76,97],"product_tag":[],"giftcard-category":[],"class_list":{"0":"post-22231","1":"product","2":"type-product","3":"status-publish","4":"has-post-thumbnail","6":"product_brand-mayura-boots","7":"product_cat-botas-biker-hombre","8":"product_cat-hombre","9":"product_cat-mayura-boots","10":"pa_color-negro","11":"pa_talla-103","12":"pa_talla-104","13":"pa_talla-105","14":"pa_talla-106","15":"pa_talla-107","16":"pa_talla-108","17":"pa_talla-109","18":"pa_talla-130","20":"first","21":"instock","22":"shipping-taxable","23":"purchasable","24":"product-type-variable"},"_links":{"self":[{"href":"https:\/\/www.elgatambbotes.com\/fr\/wp-json\/wp\/v2\/product\/22231","targetHints":{"allow":["GET"]}}],"collection":[{"href":"https:\/\/www.elgatambbotes.com\/fr\/wp-json\/wp\/v2\/product"}],"about":[{"href":"https:\/\/www.elgatambbotes.com\/fr\/wp-json\/wp\/v2\/types\/product"}],"wp:featuredmedia":[{"embeddable":true,"href":"https:\/\/www.elgatambbotes.com\/fr\/wp-json\/wp\/v2\/media\/22234"}],"wp:attachment":[{"href":"https:\/\/www.elgatambbotes.com\/fr\/wp-json\/wp\/v2\/media?parent=22231"}],"wp:term":[{"taxonomy":"product_brand","embeddable":true,"href":"https:\/\/www.elgatambbotes.com\/fr\/wp-json\/wp\/v2\/product_brand?post=22231"},{"taxonomy":"product_cat","embeddable":true,"href":"https:\/\/www.elgatambbotes.com\/fr\/wp-json\/wp\/v2\/product_cat?post=22231"},{"taxonomy":"product_tag","embeddable":true,"href":"https:\/\/www.elgatambbotes.com\/fr\/wp-json\/wp\/v2\/product_tag?post=22231"},{"taxonomy":"giftcard-category","embeddable":true,"href":"https:\/\/www.elgatambbotes.com\/fr\/wp-json\/wp\/v2\/giftcard-category?post=22231"}],"curies":[{"name":"wp","href":"https:\/\/api.w.org\/{rel}","templated":true}]}}