{"id":22201,"date":"2024-11-15T13:26:43","date_gmt":"2024-11-15T12:26:43","guid":{"rendered":"https:\/\/www.elgatambbotes.com\/?post_type=product&#038;p=22201"},"modified":"2026-02-11T12:44:00","modified_gmt":"2026-02-11T11:44:00","slug":"mayura-denver-2627-pull-grass-castano","status":"publish","type":"product","link":"https:\/\/www.elgatambbotes.com\/fr\/producto\/hombre\/botas-cowboy-hombre\/mayura-denver-2627-pull-grass-castano\/","title":{"rendered":"Mayura Denver 2627 Pull Grass Castano"},"content":{"rendered":"","protected":false},"excerpt":{"rendered":"<p>Botte <strong>Mayura Boots<\/strong> pour homme, en cuir de vachette. Le bout arrondi et les surpiq\u00fbres contrast\u00e9es conf\u00e8rent \u00e0 ce mod\u00e8le classique la juste dose d'\u00e9l\u00e9gance. Semelle en cuir et coutures <strong>Goodyear<\/strong>.<span class=\"Apple-converted-space\">\u00a0<\/span><\/p>","protected":false},"featured_media":22198,"template":"","meta":[],"product_brand":[152],"product_cat":[23,76,97],"product_tag":[],"giftcard-category":[],"class_list":{"0":"post-22201","1":"product","2":"type-product","3":"status-publish","4":"has-post-thumbnail","6":"product_brand-mayura-boots","7":"product_cat-botas-cowboy-hombre","8":"product_cat-hombre","9":"product_cat-mayura-boots","10":"pa_color-marron","11":"pa_talla-103","12":"pa_talla-104","13":"pa_talla-105","14":"pa_talla-106","15":"pa_talla-107","16":"pa_talla-108","17":"pa_talla-109","18":"pa_talla-130","20":"first","21":"instock","22":"shipping-taxable","23":"purchasable","24":"product-type-variable"},"_links":{"self":[{"href":"https:\/\/www.elgatambbotes.com\/fr\/wp-json\/wp\/v2\/product\/22201","targetHints":{"allow":["GET"]}}],"collection":[{"href":"https:\/\/www.elgatambbotes.com\/fr\/wp-json\/wp\/v2\/product"}],"about":[{"href":"https:\/\/www.elgatambbotes.com\/fr\/wp-json\/wp\/v2\/types\/product"}],"wp:featuredmedia":[{"embeddable":true,"href":"https:\/\/www.elgatambbotes.com\/fr\/wp-json\/wp\/v2\/media\/22198"}],"wp:attachment":[{"href":"https:\/\/www.elgatambbotes.com\/fr\/wp-json\/wp\/v2\/media?parent=22201"}],"wp:term":[{"taxonomy":"product_brand","embeddable":true,"href":"https:\/\/www.elgatambbotes.com\/fr\/wp-json\/wp\/v2\/product_brand?post=22201"},{"taxonomy":"product_cat","embeddable":true,"href":"https:\/\/www.elgatambbotes.com\/fr\/wp-json\/wp\/v2\/product_cat?post=22201"},{"taxonomy":"product_tag","embeddable":true,"href":"https:\/\/www.elgatambbotes.com\/fr\/wp-json\/wp\/v2\/product_tag?post=22201"},{"taxonomy":"giftcard-category","embeddable":true,"href":"https:\/\/www.elgatambbotes.com\/fr\/wp-json\/wp\/v2\/giftcard-category?post=22201"}],"curies":[{"name":"wp","href":"https:\/\/api.w.org\/{rel}","templated":true}]}}