{"id":22107,"date":"2024-11-13T13:38:51","date_gmt":"2024-11-13T12:38:51","guid":{"rendered":"https:\/\/www.elgatambbotes.com\/?post_type=product&#038;p=22107"},"modified":"2026-03-20T12:50:42","modified_gmt":"2026-03-20T11:50:42","slug":"mayura-thor-1931-palmas-testa-cuoio","status":"publish","type":"product","link":"https:\/\/www.elgatambbotes.com\/fr\/producto\/hombre\/botines-cowboy-hombre\/mayura-thor-1931-palmas-testa-cuoio\/","title":{"rendered":"Mayura Thor-1931 Palmas Testa Cuoio"},"content":{"rendered":"","protected":false},"excerpt":{"rendered":"<p>Bottine <strong>Mayura Boots<\/strong> Chaussures pour homme, r\u00e9alis\u00e9es dans deux tons de marron, en cuir de vachette rustique fini et vieilli \u00e0 la main. Elastique sur la tige pour un plus grand confort d'enfilage et un ajustement parfait \u00e0 la cheville. Double semelle en cuir et surpiq\u00fbres <strong>Goodyear<\/strong>.<\/p>","protected":false},"featured_media":22118,"template":"","meta":[],"product_brand":[152],"product_cat":[19,76,97],"product_tag":[],"giftcard-category":[],"class_list":{"0":"post-22107","1":"product","2":"type-product","3":"status-publish","4":"has-post-thumbnail","6":"product_brand-mayura-boots","7":"product_cat-botines-cowboy-hombre","8":"product_cat-hombre","9":"product_cat-mayura-boots","10":"pa_color-marron","11":"pa_talla-103","12":"pa_talla-104","13":"pa_talla-105","14":"pa_talla-106","15":"pa_talla-107","16":"pa_talla-108","17":"pa_talla-109","18":"pa_talla-130","20":"first","21":"instock","22":"shipping-taxable","23":"purchasable","24":"product-type-variable"},"_links":{"self":[{"href":"https:\/\/www.elgatambbotes.com\/fr\/wp-json\/wp\/v2\/product\/22107","targetHints":{"allow":["GET"]}}],"collection":[{"href":"https:\/\/www.elgatambbotes.com\/fr\/wp-json\/wp\/v2\/product"}],"about":[{"href":"https:\/\/www.elgatambbotes.com\/fr\/wp-json\/wp\/v2\/types\/product"}],"wp:featuredmedia":[{"embeddable":true,"href":"https:\/\/www.elgatambbotes.com\/fr\/wp-json\/wp\/v2\/media\/22118"}],"wp:attachment":[{"href":"https:\/\/www.elgatambbotes.com\/fr\/wp-json\/wp\/v2\/media?parent=22107"}],"wp:term":[{"taxonomy":"product_brand","embeddable":true,"href":"https:\/\/www.elgatambbotes.com\/fr\/wp-json\/wp\/v2\/product_brand?post=22107"},{"taxonomy":"product_cat","embeddable":true,"href":"https:\/\/www.elgatambbotes.com\/fr\/wp-json\/wp\/v2\/product_cat?post=22107"},{"taxonomy":"product_tag","embeddable":true,"href":"https:\/\/www.elgatambbotes.com\/fr\/wp-json\/wp\/v2\/product_tag?post=22107"},{"taxonomy":"giftcard-category","embeddable":true,"href":"https:\/\/www.elgatambbotes.com\/fr\/wp-json\/wp\/v2\/giftcard-category?post=22107"}],"curies":[{"name":"wp","href":"https:\/\/api.w.org\/{rel}","templated":true}]}}