{"id":22009,"date":"2024-11-09T12:21:20","date_gmt":"2024-11-09T11:21:20","guid":{"rendered":"https:\/\/www.elgatambbotes.com\/?post_type=product&#038;p=22009"},"modified":"2026-02-11T12:40:39","modified_gmt":"2026-02-11T11:40:39","slug":"mayura-2475-afelpado-tabaco","status":"publish","type":"product","link":"https:\/\/www.elgatambbotes.com\/fr\/producto\/mujer\/botas-cowboy-mujer\/mayura-2475-afelpado-tabaco\/","title":{"rendered":"Mayura 2475 Afelpado Tabaco"},"content":{"rendered":"","protected":false},"excerpt":{"rendered":"<p>Botte <strong>Mayura Boots<\/strong> Ces chaussures pour femmes sont fabriqu\u00e9es en cuir de vachette tr\u00e8s doux et pelucheux de style boho. Le bout arrondi, les longues franges sur la tige et les rivets dor\u00e9s \u00e0 l'ancienne conf\u00e8rent \u00e0 votre look un style d\u00e9contract\u00e9 et d\u00e9contract\u00e9 qui ne se d\u00e9mode jamais. Semelle et coutures en cuir <strong>Goodyear<\/strong>.<span class=\"Apple-converted-space\">\u00a0<\/span><\/p>","protected":false},"featured_media":22023,"template":"","meta":[],"product_brand":[152],"product_cat":[82,97,25],"product_tag":[],"giftcard-category":[],"class_list":{"0":"post-22009","1":"product","2":"type-product","3":"status-publish","4":"has-post-thumbnail","6":"product_brand-mayura-boots","7":"product_cat-botas-cowboy-mujer","8":"product_cat-mayura-boots","9":"product_cat-mujer","10":"pa_color-marron","11":"pa_color-tabaco","12":"pa_talla-100","13":"pa_talla-101","14":"pa_talla-102","15":"pa_talla-103","16":"pa_talla-104","17":"pa_talla-105","19":"first","20":"instock","21":"shipping-taxable","22":"purchasable","23":"product-type-variable"},"_links":{"self":[{"href":"https:\/\/www.elgatambbotes.com\/fr\/wp-json\/wp\/v2\/product\/22009","targetHints":{"allow":["GET"]}}],"collection":[{"href":"https:\/\/www.elgatambbotes.com\/fr\/wp-json\/wp\/v2\/product"}],"about":[{"href":"https:\/\/www.elgatambbotes.com\/fr\/wp-json\/wp\/v2\/types\/product"}],"wp:featuredmedia":[{"embeddable":true,"href":"https:\/\/www.elgatambbotes.com\/fr\/wp-json\/wp\/v2\/media\/22023"}],"wp:attachment":[{"href":"https:\/\/www.elgatambbotes.com\/fr\/wp-json\/wp\/v2\/media?parent=22009"}],"wp:term":[{"taxonomy":"product_brand","embeddable":true,"href":"https:\/\/www.elgatambbotes.com\/fr\/wp-json\/wp\/v2\/product_brand?post=22009"},{"taxonomy":"product_cat","embeddable":true,"href":"https:\/\/www.elgatambbotes.com\/fr\/wp-json\/wp\/v2\/product_cat?post=22009"},{"taxonomy":"product_tag","embeddable":true,"href":"https:\/\/www.elgatambbotes.com\/fr\/wp-json\/wp\/v2\/product_tag?post=22009"},{"taxonomy":"giftcard-category","embeddable":true,"href":"https:\/\/www.elgatambbotes.com\/fr\/wp-json\/wp\/v2\/giftcard-category?post=22009"}],"curies":[{"name":"wp","href":"https:\/\/api.w.org\/{rel}","templated":true}]}}