{"id":21971,"date":"2024-11-06T13:16:41","date_gmt":"2024-11-06T12:16:41","guid":{"rendered":"https:\/\/www.elgatambbotes.com\/?post_type=product&#038;p=21971"},"modified":"2026-02-11T12:39:54","modified_gmt":"2026-02-11T11:39:54","slug":"sendra-14034p-cotton-atlantic","status":"publish","type":"product","link":"https:\/\/www.elgatambbotes.com\/fr\/producto\/mujer\/botines-cowboy-mujer\/sendra-14034p-cotton-atlantic\/","title":{"rendered":"Sendra 14034P Cotton Atlantic"},"content":{"rendered":"","protected":false},"excerpt":{"rendered":"<p>Bottine <strong>Sendra Boots<\/strong> pour femme, en cuir de vachette bleu marine avec d\u00e9tail d'aigle sur la tige en couleur glace. D\u00e9tails lat\u00e9raux en cuir de python v\u00e9ritable et appliques m\u00e9talliques en forme d'\u00e9toile. Fermeture \u00e9clair int\u00e9rieure sur le c\u00f4t\u00e9 pour un plus grand confort au moment de se chausser. Semelle en cuir et coutures <strong>Goodyear<\/strong>. Mod\u00e8le exclusif que vous ne trouverez que dans nos magasins.<\/p>","protected":false},"featured_media":21981,"template":"","meta":[],"product_brand":[151],"product_cat":[83,25,98],"product_tag":[],"giftcard-category":[],"class_list":{"0":"post-21971","1":"product","2":"type-product","3":"status-publish","4":"has-post-thumbnail","6":"product_brand-sendra-boots","7":"product_cat-botines-cowboy-mujer","8":"product_cat-mujer","9":"product_cat-sendra-boots","10":"pa_color-azul","11":"pa_color-hielo","12":"pa_color-piton","13":"pa_talla-99","14":"pa_talla-100","15":"pa_talla-101","16":"pa_talla-102","17":"pa_talla-103","18":"pa_talla-104","19":"pa_talla-105","21":"first","22":"instock","23":"shipping-taxable","24":"purchasable","25":"product-type-variable"},"_links":{"self":[{"href":"https:\/\/www.elgatambbotes.com\/fr\/wp-json\/wp\/v2\/product\/21971","targetHints":{"allow":["GET"]}}],"collection":[{"href":"https:\/\/www.elgatambbotes.com\/fr\/wp-json\/wp\/v2\/product"}],"about":[{"href":"https:\/\/www.elgatambbotes.com\/fr\/wp-json\/wp\/v2\/types\/product"}],"wp:featuredmedia":[{"embeddable":true,"href":"https:\/\/www.elgatambbotes.com\/fr\/wp-json\/wp\/v2\/media\/21981"}],"wp:attachment":[{"href":"https:\/\/www.elgatambbotes.com\/fr\/wp-json\/wp\/v2\/media?parent=21971"}],"wp:term":[{"taxonomy":"product_brand","embeddable":true,"href":"https:\/\/www.elgatambbotes.com\/fr\/wp-json\/wp\/v2\/product_brand?post=21971"},{"taxonomy":"product_cat","embeddable":true,"href":"https:\/\/www.elgatambbotes.com\/fr\/wp-json\/wp\/v2\/product_cat?post=21971"},{"taxonomy":"product_tag","embeddable":true,"href":"https:\/\/www.elgatambbotes.com\/fr\/wp-json\/wp\/v2\/product_tag?post=21971"},{"taxonomy":"giftcard-category","embeddable":true,"href":"https:\/\/www.elgatambbotes.com\/fr\/wp-json\/wp\/v2\/giftcard-category?post=21971"}],"curies":[{"name":"wp","href":"https:\/\/api.w.org\/{rel}","templated":true}]}}