{"id":21948,"date":"2024-11-06T12:15:03","date_gmt":"2024-11-06T11:15:03","guid":{"rendered":"https:\/\/www.elgatambbotes.com\/?post_type=product&#038;p=21948"},"modified":"2026-02-11T12:38:55","modified_gmt":"2026-02-11T11:38:55","slug":"sendra-4660p-garduna-blanco","status":"publish","type":"product","link":"https:\/\/www.elgatambbotes.com\/fr\/producto\/marcas\/sendra-boots\/sendra-4660p-garduna-blanco\/","title":{"rendered":"Sendra 4660P Gardu\u00f1a Blanco"},"content":{"rendered":"","protected":false},"excerpt":{"rendered":"<p>Bottine <strong>Sendra Boots<\/strong> pour femme, en cuir de vachette blanc tr\u00e8s confortable avec broderie en cuir de python v\u00e9ritable. Elastique sur la tige pour un plus grand confort d'enfilage et un ajustement parfait \u00e0 la cheville. Semelle en cuir et coutures <strong>Goodyear<\/strong>. Mod\u00e8le exclusif que vous ne trouverez que dans nos magasins.<\/p>","protected":false},"featured_media":21957,"template":"","meta":[],"product_brand":[151],"product_cat":[98,25,83],"product_tag":[],"giftcard-category":[],"class_list":{"0":"post-21948","1":"product","2":"type-product","3":"status-publish","4":"has-post-thumbnail","6":"product_brand-sendra-boots","7":"product_cat-sendra-boots","8":"product_cat-mujer","9":"product_cat-botines-cowboy-mujer","10":"pa_color-blanco","11":"pa_color-piton","12":"pa_talla-99","13":"pa_talla-100","14":"pa_talla-101","15":"pa_talla-102","16":"pa_talla-103","17":"pa_talla-104","18":"pa_talla-105","19":"pa_talla-106","21":"first","22":"outofstock","23":"shipping-taxable","24":"purchasable","25":"product-type-variable"},"_links":{"self":[{"href":"https:\/\/www.elgatambbotes.com\/fr\/wp-json\/wp\/v2\/product\/21948","targetHints":{"allow":["GET"]}}],"collection":[{"href":"https:\/\/www.elgatambbotes.com\/fr\/wp-json\/wp\/v2\/product"}],"about":[{"href":"https:\/\/www.elgatambbotes.com\/fr\/wp-json\/wp\/v2\/types\/product"}],"wp:featuredmedia":[{"embeddable":true,"href":"https:\/\/www.elgatambbotes.com\/fr\/wp-json\/wp\/v2\/media\/21957"}],"wp:attachment":[{"href":"https:\/\/www.elgatambbotes.com\/fr\/wp-json\/wp\/v2\/media?parent=21948"}],"wp:term":[{"taxonomy":"product_brand","embeddable":true,"href":"https:\/\/www.elgatambbotes.com\/fr\/wp-json\/wp\/v2\/product_brand?post=21948"},{"taxonomy":"product_cat","embeddable":true,"href":"https:\/\/www.elgatambbotes.com\/fr\/wp-json\/wp\/v2\/product_cat?post=21948"},{"taxonomy":"product_tag","embeddable":true,"href":"https:\/\/www.elgatambbotes.com\/fr\/wp-json\/wp\/v2\/product_tag?post=21948"},{"taxonomy":"giftcard-category","embeddable":true,"href":"https:\/\/www.elgatambbotes.com\/fr\/wp-json\/wp\/v2\/giftcard-category?post=21948"}],"curies":[{"name":"wp","href":"https:\/\/api.w.org\/{rel}","templated":true}]}}