{"id":21916,"date":"2024-11-01T13:47:06","date_gmt":"2024-11-01T12:47:06","guid":{"rendered":"https:\/\/www.elgatambbotes.com\/?post_type=product&#038;p=21916"},"modified":"2026-02-11T12:45:31","modified_gmt":"2026-02-11T11:45:31","slug":"mayura-atenea-2374-f-afelpado-tabaco","status":"publish","type":"product","link":"https:\/\/www.elgatambbotes.com\/fr\/producto\/mujer\/botines-cowboy-mujer\/mayura-atenea-2374-f-afelpado-tabaco\/","title":{"rendered":"Mayura Atenea 2374-F Afelpado Tabaco"},"content":{"rendered":"","protected":false},"excerpt":{"rendered":"<p>Bottine <strong>Mayura Boots<\/strong> pour femme, en cuir de vachette marron d'aspect vintage et vieilli, avec ses franges et ses bordures m\u00e9talliques, qui lui conf\u00e8rent un look urbain actualis\u00e9 pour un usage intemporel. Fermeture \u00e9clair lat\u00e9rale int\u00e9rieure pour plus de confort lors de l'enfilage des chaussures. Semelle en cuir et coutures <strong>Goodyear<\/strong>.<\/p>","protected":false},"featured_media":21925,"template":"","meta":[],"product_brand":[152],"product_cat":[83,97,25],"product_tag":[],"giftcard-category":[],"class_list":{"0":"post-21916","1":"product","2":"type-product","3":"status-publish","4":"has-post-thumbnail","6":"product_brand-mayura-boots","7":"product_cat-botines-cowboy-mujer","8":"product_cat-mayura-boots","9":"product_cat-mujer","10":"pa_color-marron","11":"pa_color-tabaco","12":"pa_talla-100","13":"pa_talla-101","14":"pa_talla-102","15":"pa_talla-103","16":"pa_talla-104","17":"pa_talla-105","19":"first","20":"instock","21":"shipping-taxable","22":"purchasable","23":"product-type-variable"},"_links":{"self":[{"href":"https:\/\/www.elgatambbotes.com\/fr\/wp-json\/wp\/v2\/product\/21916","targetHints":{"allow":["GET"]}}],"collection":[{"href":"https:\/\/www.elgatambbotes.com\/fr\/wp-json\/wp\/v2\/product"}],"about":[{"href":"https:\/\/www.elgatambbotes.com\/fr\/wp-json\/wp\/v2\/types\/product"}],"wp:featuredmedia":[{"embeddable":true,"href":"https:\/\/www.elgatambbotes.com\/fr\/wp-json\/wp\/v2\/media\/21925"}],"wp:attachment":[{"href":"https:\/\/www.elgatambbotes.com\/fr\/wp-json\/wp\/v2\/media?parent=21916"}],"wp:term":[{"taxonomy":"product_brand","embeddable":true,"href":"https:\/\/www.elgatambbotes.com\/fr\/wp-json\/wp\/v2\/product_brand?post=21916"},{"taxonomy":"product_cat","embeddable":true,"href":"https:\/\/www.elgatambbotes.com\/fr\/wp-json\/wp\/v2\/product_cat?post=21916"},{"taxonomy":"product_tag","embeddable":true,"href":"https:\/\/www.elgatambbotes.com\/fr\/wp-json\/wp\/v2\/product_tag?post=21916"},{"taxonomy":"giftcard-category","embeddable":true,"href":"https:\/\/www.elgatambbotes.com\/fr\/wp-json\/wp\/v2\/giftcard-category?post=21916"}],"curies":[{"name":"wp","href":"https:\/\/api.w.org\/{rel}","templated":true}]}}