{"id":21008,"date":"2024-07-23T11:48:20","date_gmt":"2024-07-23T09:48:20","guid":{"rendered":"https:\/\/www.elgatambbotes.com\/?post_type=product&#038;p=21008"},"modified":"2026-02-11T12:27:55","modified_gmt":"2026-02-11T11:27:55","slug":"david-villellas-lizard-boots-cinturon-negro","status":"publish","type":"product","link":"https:\/\/www.elgatambbotes.com\/fr\/producto\/villellas-collection\/cinturones-vilellas-collection\/david-villellas-lizard-boots-cinturon-negro\/","title":{"rendered":"David Villellas \"Lizard Boots\" - Ceinture noire"},"content":{"rendered":"","protected":false},"excerpt":{"rendered":"<p style=\"text-align: justify;\">Mod\u00e8le <strong>David Villellas<\/strong> par <strong>Sendra Boots<\/strong>, le compl\u00e9ment id\u00e9al pour vos looks assortis \u00e0 vos bottes. <strong>Fabriqu\u00e9 en cuir de vachette de premi\u00e8re qualit\u00e9, <\/strong>4 cm de large, cousu \u00e0 la main. <strong>Boucle interchangeable<\/strong> avec syst\u00e8me de boutons-pression, d\u00e9tail \"Lizard\" tout au long de la ceinture et, sur la pointe la <strong>signature authentique<\/strong>\u00a0du chor\u00e9graphe au rayonnement national et international. Exclusivit\u00e9 et style vont de pair dans cette ceinture que vous ne trouverez que dans nos boutiques.<\/p>","protected":false},"featured_media":21016,"template":"","meta":[],"product_brand":[151],"product_cat":[90,32,22,76,25,98,87],"product_tag":[],"giftcard-category":[],"class_list":{"0":"post-21008","1":"product","2":"type-product","3":"status-publish","4":"has-post-thumbnail","6":"product_brand-sendra-boots","7":"product_cat-cinturones-vilellas-collection","8":"product_cat-cinturones-y-carteras","9":"product_cat-complementos","10":"product_cat-hombre","11":"product_cat-mujer","12":"product_cat-sendra-boots","13":"product_cat-villellas-collection","14":"pa_color-negro","15":"pa_talla-121","16":"pa_talla-122","17":"pa_talla-123","18":"pa_talla-167","19":"pa_talla-117","20":"pa_talla-118","21":"pa_talla-119","22":"pa_talla-120","24":"first","25":"instock","26":"shipping-taxable","27":"purchasable","28":"product-type-variable"},"_links":{"self":[{"href":"https:\/\/www.elgatambbotes.com\/fr\/wp-json\/wp\/v2\/product\/21008","targetHints":{"allow":["GET"]}}],"collection":[{"href":"https:\/\/www.elgatambbotes.com\/fr\/wp-json\/wp\/v2\/product"}],"about":[{"href":"https:\/\/www.elgatambbotes.com\/fr\/wp-json\/wp\/v2\/types\/product"}],"wp:featuredmedia":[{"embeddable":true,"href":"https:\/\/www.elgatambbotes.com\/fr\/wp-json\/wp\/v2\/media\/21016"}],"wp:attachment":[{"href":"https:\/\/www.elgatambbotes.com\/fr\/wp-json\/wp\/v2\/media?parent=21008"}],"wp:term":[{"taxonomy":"product_brand","embeddable":true,"href":"https:\/\/www.elgatambbotes.com\/fr\/wp-json\/wp\/v2\/product_brand?post=21008"},{"taxonomy":"product_cat","embeddable":true,"href":"https:\/\/www.elgatambbotes.com\/fr\/wp-json\/wp\/v2\/product_cat?post=21008"},{"taxonomy":"product_tag","embeddable":true,"href":"https:\/\/www.elgatambbotes.com\/fr\/wp-json\/wp\/v2\/product_tag?post=21008"},{"taxonomy":"giftcard-category","embeddable":true,"href":"https:\/\/www.elgatambbotes.com\/fr\/wp-json\/wp\/v2\/giftcard-category?post=21008"}],"curies":[{"name":"wp","href":"https:\/\/api.w.org\/{rel}","templated":true}]}}