{"id":20583,"date":"2024-07-17T17:39:47","date_gmt":"2024-07-17T15:39:47","guid":{"rendered":"https:\/\/www.elgatambbotes.com\/?page_id=20583"},"modified":"2025-02-25T13:38:01","modified_gmt":"2025-02-25T12:38:01","slug":"politica-de-envios","status":"publish","type":"page","link":"https:\/\/www.elgatambbotes.com\/fr\/politica-de-envios\/","title":{"rendered":"Politique d'exp\u00e9dition"},"content":{"rendered":"<div data-elementor-type=\"wp-page\" data-elementor-id=\"20583\" class=\"elementor elementor-20583\" data-elementor-post-type=\"page\">\n\t\t\t\t<div class=\"elementor-element elementor-element-770e4118 e-con-full e-flex e-con e-parent\" data-id=\"770e4118\" data-element_type=\"container\" data-e-type=\"container\">\n\t\t\t\t<div class=\"elementor-element elementor-element-5726869 elementor-widget elementor-widget-heading\" data-id=\"5726869\" data-element_type=\"widget\" data-e-type=\"widget\" data-widget_type=\"heading.default\">\n\t\t\t\t<div class=\"elementor-widget-container\">\n\t\t\t\t\t<h2 class=\"elementor-heading-title elementor-size-default\">Informations sur l'exp\u00e9dition<\/h2>\t\t\t\t<\/div>\n\t\t\t\t<\/div>\n\t\t\t\t<div class=\"elementor-element elementor-element-4f9783fb elementor-widget elementor-widget-text-editor\" data-id=\"4f9783fb\" data-element_type=\"widget\" data-e-type=\"widget\" data-widget_type=\"text-editor.default\">\n\t\t\t\t<div class=\"elementor-widget-container\">\n\t\t\t\t\t\t\t\t\t<h3>O\u00f9 puis-je recevoir ma commande ?<\/h3><p>Vous pouvez recevoir votre commande \u00e0 l'adresse de votre choix, domicile, travail, etc.<\/p><h3>Le pays de livraison peut-il \u00eatre diff\u00e9rent du pays d'achat ?<\/h3><p>Le pays de livraison doit toujours correspondre au pays d'achat.<\/p><h3>Quel est le d\u00e9lai de livraison de ma commande ?<\/h3><p style=\"text-align: justify;\">Les d\u00e9lais de livraison d\u00e9pendent principalement des d\u00e9lais de livraison fix\u00e9s par les transporteurs. Ils sont calcul\u00e9s en fonction des jours ouvrables - du lundi au vendredi - car aucun envoi n'est effectu\u00e9 les jours f\u00e9ri\u00e9s, les samedis et les dimanches. Veuillez consulter les d\u00e9lais de livraison, qui peuvent \u00eatre approximatifs. Il se peut \u00e9galement que nous participions \u00e0 un \u00e9v\u00e9nement. Le client sera alors inform\u00e9, dans la boutique en ligne, des jours o\u00f9 nous serons absents et du jour o\u00f9 le processus de commande reprendra. En cas de rupture de stock ou d'indisponibilit\u00e9 temporaire d'un produit, nous vous contacterons pour vous en informer et vous donner une nouvelle date de livraison. Dans le cas contraire <strong>EL GAT AMB BOTES S.C.P.<\/strong> se r\u00e9serve le droit de proc\u00e9der \u00e0 l'annulation et au remboursement correspondant. En tout \u00e9tat de cause, un retard de livraison par rapport aux dates de livraison indiqu\u00e9es ou une annulation pour cause de rupture de stock ne donne pas droit au client de r\u00e9clamer un quelconque d\u00e9dommagement.<\/p><h3><strong>Qui livrera ma commande ?<\/strong><\/h3><p>L'entreprise de messagerie <strong>GLS<\/strong>. Vous recevrez des courriels contenant des informations sur le suivi de l'envoi.<\/p><h3>Combien dois-je payer pour les frais d'exp\u00e9dition et de manutention ?<\/h3><p style=\"text-align: justify;\">V\u00e9rifiez les frais de port dans le panier d'achat.<br \/>Les frais de port seront calcul\u00e9s en fonction du poids et du volume de l'article.<br \/>Les frais d'exp\u00e9dition n'incluent pas les droits d'importation. Les droits d'importation et autres frais de douane sont \u00e0 la charge du client. Vous devrez payer la taxe d'importation si les douanes vous la r\u00e9clament.<\/p><h3>Quel est le montant des frais d'exp\u00e9dition \u00e0 payer si mon pays ne figure pas parmi les pays sp\u00e9cifi\u00e9s ?<\/h3><p style=\"text-align: justify;\">La distribution des commandes se fera uniquement dans les pays indiqu\u00e9s dans la section \"Tarifs et d\u00e9lais de livraison\". Toutefois, si votre pays ne figure pas parmi ceux indiqu\u00e9s, vous pouvez nous contacter \u00e0 l'adresse suivante : <a href=\"mailto:info@elgatambbotes.com\"><strong>info@elgatambbotes.com<\/strong><\/a> et nous chercherons la meilleure option.<\/p><h3>Puis-je suivre l'\u00e9tat de ma commande ?<\/h3><p style=\"text-align: justify;\">Oui, dans \"Mon compte\", sous \"Commandes pass\u00e9es\", vous pouvez voir l'\u00e9tat de votre commande.<\/p><p>Vous pourrez \u00e9galement le suivre sur le site officiel du transporteur.<\/p><h3>Quelle est la m\u00e9thode de livraison ?<\/h3><p style=\"text-align: justify;\">N'oubliez pas que pour optimiser la livraison de votre colis, il est tr\u00e8s important que vous nous fournissiez vos coordonn\u00e9es exactes, en particulier vos coordonn\u00e9es postales, afin que nous puissions localiser votre adresse ou votre lieu de livraison.<\/p><p style=\"text-align: justify;\">N'oubliez pas que tout incident d\u00e9tect\u00e9 \u00e0 la r\u00e9ception de la marchandise doit \u00eatre clairement indiqu\u00e9 sur le bon de livraison du transporteur. S'il n'y a pas d'indication de ce type d'incident sur le bon de livraison, il est entendu que la livraison s'est d\u00e9roul\u00e9e correctement et donc <strong>EL GAT AMB BOTES S.C.P.<\/strong> n'assume aucune responsabilit\u00e9 pour les marchandises endommag\u00e9es ou les colis manquants.<\/p><p style=\"text-align: justify;\">Nous vous rappelons \u00e9galement que, conform\u00e9ment \u00e0 l'article 366 du code du commerce, aucune r\u00e9clamation pour casse, choc ou colis manquant ne sera accept\u00e9e apr\u00e8s 24 heures \u00e0 compter de la livraison des marchandises, aucune r\u00e9clamation ne pourra donc \u00eatre faite apr\u00e8s ce d\u00e9lai.<\/p>\t\t\t\t\t\t\t\t<\/div>\n\t\t\t\t<\/div>\n\t\t\t\t<\/div>\n\t\t<div class=\"elementor-element elementor-element-228472c e-con-full e-flex e-con e-parent\" data-id=\"228472c\" data-element_type=\"container\" data-e-type=\"container\">\n\t\t\t\t<div class=\"elementor-element elementor-element-ef5787c elementor-widget elementor-widget-heading\" data-id=\"ef5787c\" data-element_type=\"widget\" data-e-type=\"widget\" data-widget_type=\"heading.default\">\n\t\t\t\t<div class=\"elementor-widget-container\">\n\t\t\t\t\t<h2 class=\"elementor-heading-title elementor-size-default\">Tarifs d'exp\u00e9dition <em>(TVA incluse)<\/em> et Temps de transit<\/h2>\t\t\t\t<\/div>\n\t\t\t\t<\/div>\n\t\t\t\t<div class=\"elementor-element elementor-element-a114214 elementor-widget elementor-widget-text-editor\" data-id=\"a114214\" data-element_type=\"widget\" data-e-type=\"widget\" data-widget_type=\"text-editor.default\">\n\t\t\t\t<div class=\"elementor-widget-container\">\n\t\t\t\t\t\t\t\t\t<p><strong>Espagne (<em>Province Girona<\/em>)<br \/><\/strong>Jusqu'\u00e0 15 kg - Jusqu'\u00e0 15 kg - Jusqu'\u00e0 15 kg - Jusqu'\u00e0 15 kg - Jusqu'\u00e0 15 kg - Jusqu'\u00e0 15 kg <strong>7,00\u20ac<\/strong> | Livraison entre <strong>24h - 48h<\/strong><\/p><p><strong>Espagne (<em>Catalogne<\/em>)<\/strong><br \/>Jusqu'\u00e0 15 kg - Jusqu'\u00e0 15 kg - Jusqu'\u00e0 15 kg - Jusqu'\u00e0 15 kg - Jusqu'\u00e0 15 kg - Jusqu'\u00e0 15 kg <strong>8,00\u20ac<\/strong> | Livraison entre <strong>24h - 48h<\/strong><\/p><p><strong>Espagne (<em>Reste de l'Espagne<\/em>)<\/strong><br \/>Jusqu'\u00e0 15 kg - Jusqu'\u00e0 15 kg - Jusqu'\u00e0 15 kg - Jusqu'\u00e0 15 kg - Jusqu'\u00e0 15 kg - Jusqu'\u00e0 15 kg <strong>9,00\u20ac<\/strong>  | Livraison entre <strong>24h - 48h<\/strong><\/p><p><strong>\u00celes Bal\u00e9ares<\/strong><br \/>Jusqu'\u00e0 15 kg - Jusqu'\u00e0 15 kg - Jusqu'\u00e0 15 kg - Jusqu'\u00e0 15 kg - Jusqu'\u00e0 15 kg - Jusqu'\u00e0 15 kg <strong>25,00\u20ac<\/strong>  | Livraison entre <strong>24h - 48h<\/strong><\/p><p><strong>Portugal (P\u00e9ninsule)<\/strong><br \/>Jusqu'\u00e0 15 kg - Jusqu'\u00e0 15 kg - Jusqu'\u00e0 15 kg - Jusqu'\u00e0 15 kg - Jusqu'\u00e0 15 kg - Jusqu'\u00e0 15 kg <strong>15,00\u20ac<\/strong>  | Livraison entre <strong>24h - 48h<\/strong><\/p><p><strong>Portugal (Mad\u00e8re et A\u00e7ores)<\/strong><br \/>Jusqu'\u00e0 15 kg - Jusqu'\u00e0 15 kg - Jusqu'\u00e0 15 kg - Jusqu'\u00e0 15 kg - Jusqu'\u00e0 15 kg - Jusqu'\u00e0 15 kg <strong>39,00\u20ac<\/strong>  | Livraison entre <strong>24h - 48h<\/strong><\/p><p><strong>Europe Zone A : <\/strong>Allemagne (DE), Autriche (AT), Belgique (BE), Slovaquie (SK), Luxembourg (LU), Pays-Bas (NL), Pologne (PL)<br \/>Jusqu'\u00e0 15 kg - Jusqu'\u00e0 15 kg - Jusqu'\u00e0 15 kg - Jusqu'\u00e0 15 kg - Jusqu'\u00e0 15 kg - Jusqu'\u00e0 15 kg <strong>18,00\u20ac<\/strong> | Livraison entre <strong>2 - 4 jours ouvrables<\/strong><\/p><p><strong>Europe Zone B : <\/strong>France (FR), Italie (IT)<br \/>Jusqu'\u00e0 15 kg - Jusqu'\u00e0 15 kg - Jusqu'\u00e0 15 kg - Jusqu'\u00e0 15 kg - Jusqu'\u00e0 15 kg - Jusqu'\u00e0 15 kg <strong>18,00\u20ac <\/strong>| Livraison entre <strong>1 - 3 jours ouvrables<\/strong><\/p><p><strong>Europe Zone C : <\/strong>Croatie (HR), Danemark (DK), Slov\u00e9nie (SI), Hongrie (HU), R\u00e9publique tch\u00e8que (CZ)<br \/>Jusqu'\u00e0 15 kg - Jusqu'\u00e0 15 kg - Jusqu'\u00e0 15 kg - Jusqu'\u00e0 15 kg - Jusqu'\u00e0 15 kg - Jusqu'\u00e0 15 kg <strong>18,00\u20ac<\/strong> | Livraison entre <strong>2 - 4 jours ouvrables<\/strong><\/p><p><strong>Europe Zone D : <\/strong>Liechtenstein (LI), Royaume-Uni -GB- (Pays de Galles, Ecosse, Irlande du Nord, Iles Anglo-Normandes, Iles de Man), Suisse (CH) Serbie (RS), Vatican (VA)<br \/>Jusqu'\u00e0 15 kg - Jusqu'\u00e0 15 kg - Jusqu'\u00e0 15 kg - Jusqu'\u00e0 15 kg - Jusqu'\u00e0 15 kg - Jusqu'\u00e0 15 kg <strong>25,00\u20ac<\/strong> | Livraison entre <strong>2 - 5 jours ouvrables<\/strong><\/p><p><strong>Europe Zone E : <\/strong>Bulgarie (BG), Estonie (EE), Gr\u00e8ce (GR), Irlande (IE), Lettonie (LT), Lituanie (LV), Monaco (MC), Roumanie (RO), Saint-Marin (SM)<br \/>Jusqu'\u00e0 15 kg - Jusqu'\u00e0 15 kg - Jusqu'\u00e0 15 kg - Jusqu'\u00e0 15 kg - Jusqu'\u00e0 15 kg - Jusqu'\u00e0 15 kg <strong>30,00\u20ac<\/strong> | Livraison entre <strong>1 - 8 jours ouvrables<\/strong><\/p><p><strong>Europe Zone F : <\/strong>Finlande (FI), Norv\u00e8ge (NO), Su\u00e8de (SE)<br \/>Jusqu'\u00e0 15 kg - Jusqu'\u00e0 15 kg - Jusqu'\u00e0 15 kg - Jusqu'\u00e0 15 kg - Jusqu'\u00e0 15 kg - Jusqu'\u00e0 15 kg <strong>39,00\u20ac<\/strong> | Livraison entre <strong>4 - 7 jours ouvrables<\/strong><\/p><p><strong>Europe Zone G : <\/strong>Chypre (CY), Malte (MT), Turquie (TR)<br \/>Jusqu'\u00e0 15 kg - Jusqu'\u00e0 15 kg - Jusqu'\u00e0 15 kg - Jusqu'\u00e0 15 kg - Jusqu'\u00e0 15 kg - Jusqu'\u00e0 15 kg <strong>39,00\u20ac<\/strong> | Livraison entre <strong>4 - 6 jours ouvrables<\/strong><\/p><p><strong>\u00c9TATS-UNIS<\/strong><br \/>Jusqu'\u00e0 3Kg - Jusqu'\u00e0 3Kg - Jusqu'\u00e0 3Kg - Jusqu'\u00e0 3Kg - Jusqu'\u00e0 3Kg - Jusqu'\u00e0 3Kg <strong>70,00\u20ac<\/strong> | Livraison entre <strong>10 - 15 jours ouvrables<\/strong><\/p>\t\t\t\t\t\t\t\t<\/div>\n\t\t\t\t<\/div>\n\t\t\t\t<\/div>\n\t\t\t\t<\/div>","protected":false},"excerpt":{"rendered":"<p>Informaci\u00f3n sobre env\u00edos \u00bfD\u00f3nde puedo recibir mi pedido? Puedes recibir tu pedido en la direcci\u00f3n que indiques, tu domicilio, trabajo, etc. \u00bfEl pa\u00eds de entrega puede ser diferente al de compra? El pa\u00eds de entrega siempre tiene que coincidir con el pa\u00eds de compra. \u00bfCu\u00e1nto tardar\u00e1 en llegar mi pedido? Los plazos de entrega principalmente<br \/><a class=\"moretag\" href=\"https:\/\/www.elgatambbotes.com\/fr\/politica-de-envios\/\">+ Lire la suite<\/a><\/p>","protected":false},"author":3,"featured_media":0,"parent":0,"menu_order":0,"comment_status":"closed","ping_status":"closed","template":"templates\/page-fullwidth_template.php","meta":{"footnotes":""},"class_list":["post-20583","page","type-page","status-publish","hentry"],"_links":{"self":[{"href":"https:\/\/www.elgatambbotes.com\/fr\/wp-json\/wp\/v2\/pages\/20583","targetHints":{"allow":["GET"]}}],"collection":[{"href":"https:\/\/www.elgatambbotes.com\/fr\/wp-json\/wp\/v2\/pages"}],"about":[{"href":"https:\/\/www.elgatambbotes.com\/fr\/wp-json\/wp\/v2\/types\/page"}],"author":[{"embeddable":true,"href":"https:\/\/www.elgatambbotes.com\/fr\/wp-json\/wp\/v2\/users\/3"}],"replies":[{"embeddable":true,"href":"https:\/\/www.elgatambbotes.com\/fr\/wp-json\/wp\/v2\/comments?post=20583"}],"version-history":[{"count":0,"href":"https:\/\/www.elgatambbotes.com\/fr\/wp-json\/wp\/v2\/pages\/20583\/revisions"}],"wp:attachment":[{"href":"https:\/\/www.elgatambbotes.com\/fr\/wp-json\/wp\/v2\/media?parent=20583"}],"curies":[{"name":"wp","href":"https:\/\/api.w.org\/{rel}","templated":true}]}}