{"id":20517,"date":"2024-06-06T22:35:40","date_gmt":"2024-06-06T20:35:40","guid":{"rendered":"https:\/\/www.elgatambbotes.com\/?page_id=20517"},"modified":"2024-07-23T13:00:23","modified_gmt":"2024-07-23T11:00:23","slug":"politica-de-privacidad","status":"publish","type":"page","link":"https:\/\/www.elgatambbotes.com\/fr\/politica-de-privacidad\/","title":{"rendered":"Politique de confidentialit\u00e9"},"content":{"rendered":"<p style=\"text-align: justify;\">La politique de confidentialit\u00e9 fait partie des conditions g\u00e9n\u00e9rales r\u00e9gissant ce site web.<\/p>\n<h2><span style=\"font-size: 14pt;\">Qui est responsable du traitement de vos donn\u00e9es ?<\/span><\/h2>\n<p><strong>EL GAT AMB BOTES S.C.P.<\/strong><br \/>\nAdresse : Avinguda S'Agar\u00f3, 89 local 12 Edifici Round Store. C.P. 17250 Castell-Platja d'Aro.<br \/>\nNUM\u00c9RO DE TVA : J72918386<br \/>\nTel : +34 972 817 726<br \/>\nCourrier : <a href=\"mailto:elgtambbotes@gmail.com\">elgtambbotes@gmail.com<\/a><\/p>\n<p style=\"text-align: justify;\">Vous pouvez nous contacter de la mani\u00e8re que vous souhaitez.<\/p>\n<p style=\"text-align: justify;\">Nous nous r\u00e9servons le droit de modifier ou d'adapter cette politique de confidentialit\u00e9 \u00e0 tout moment. Nous vous encourageons \u00e0 la consulter et, si vous vous \u00eates inscrit et que vous \u00eates connect\u00e9 \u00e0 votre compte ou \u00e0 votre profil, vous serez inform\u00e9 de toute modification.<\/p>\n<p>Si vous appartenez \u00e0 l'un des groupes suivants, veuillez consulter les informations :<\/p>\n<h2><span style=\"font-size: 14pt;\">CONTACTS SUR LE WEB OU PAR COURRIER \u00c9LECTRONIQUE<\/span><\/h2>\n<h3><span style=\"font-size: 12pt;\">Quelles sont les donn\u00e9es collect\u00e9es par le biais du site web ?<\/span><\/h3>\n<p style=\"text-align: justify;\">Nous pouvons traiter votre adresse IP, le syst\u00e8me d'exploitation ou le navigateur que vous utilisez, et m\u00eame la dur\u00e9e de votre visite, de mani\u00e8re anonyme.<\/p>\n<p style=\"text-align: justify;\">Si vous nous fournissez vos coordonn\u00e9es dans le formulaire de contact, vous serez identifi\u00e9 afin que nous puissions vous contacter, si n\u00e9cessaire.<\/p>\n<ul>\n<li style=\"text-align: justify;\">R\u00e9pondre \u00e0 vos questions, demandes ou p\u00e9titions.<\/li>\n<li style=\"text-align: justify;\">g\u00e9rer le service demand\u00e9, r\u00e9pondre \u00e0 votre demande ou la traiter.<\/li>\n<li style=\"text-align: justify;\">Informations par voie \u00e9lectronique concernant votre demande.<\/li>\n<li style=\"text-align: justify;\">Informations commerciales ou \u00e9v\u00e9nementielles par voie \u00e9lectronique, sous r\u00e9serve d'une autorisation expresse.<\/li>\n<li style=\"text-align: justify;\">Effectuer des analyses et des am\u00e9liorations sur le Web, sur nos produits et services. Am\u00e9liorer notre strat\u00e9gie commerciale.<\/li>\n<\/ul>\n<p style=\"text-align: justify;\">Acceptation et consentement de l'int\u00e9ress\u00e9 : dans les cas o\u00f9 il est n\u00e9cessaire de remplir un formulaire et de cliquer sur le bouton d'envoi pour formuler une demande, le fait de remplir le formulaire implique n\u00e9cessairement que l'int\u00e9ress\u00e9 a \u00e9t\u00e9 inform\u00e9 et a express\u00e9ment donn\u00e9 son consentement au contenu de la clause jointe au formulaire ou \u00e0 l'acceptation de la politique de protection de la vie priv\u00e9e.<\/p>\n<p>Tous nos formulaires comportent le symbole * dans les champs obligatoires. Si vous ne remplissez pas ces champs ou si vous ne cochez pas la case d'acceptation de la politique de confidentialit\u00e9, l'envoi des informations ne sera pas autoris\u00e9. Il se pr\u00e9sente g\u00e9n\u00e9ralement sous la forme suivante : \"\u25a1 J'ai plus de 14 ans et j'ai lu et accept\u00e9 la politique de confidentialit\u00e9\".<\/p>\n<h2><span style=\"font-size: 14pt;\">CLIENTS<\/span><\/h2>\n<h3><span style=\"font-size: 12pt;\">Quelles sont les donn\u00e9es que nous utilisons ?<\/span><\/h3>\n<ul>\n<li style=\"text-align: justify;\">Pr\u00e9paration du budget et de son suivi par le biais de communications entre les deux parties.<\/li>\n<li style=\"text-align: justify;\">Informations par voie \u00e9lectronique concernant votre demande.<\/li>\n<li style=\"text-align: justify;\">Informations commerciales ou \u00e9v\u00e9nementielles par voie \u00e9lectronique, sous r\u00e9serve d'une autorisation expresse.<\/li>\n<li style=\"text-align: justify;\">G\u00e9rer les services administratifs, de communication et de logistique fournis par le chef.<\/li>\n<li style=\"text-align: justify;\">Facturation et d\u00e9claration des taxes appropri\u00e9es...<\/li>\n<li style=\"text-align: justify;\">Effectuer les transactions correspondantes.<\/li>\n<li style=\"text-align: justify;\">Gestion du contr\u00f4le et de la r\u00e9cup\u00e9ration.<\/li>\n<\/ul>\n<h2><span style=\"font-size: 14pt;\">FOURNISSEURS<\/span><\/h2>\n<h3><span style=\"font-size: 12pt;\">Quelles donn\u00e9es utilisons-nous en tant que fournisseur ?<\/span><\/h3>\n<ul>\n<li style=\"text-align: justify;\">Informations par voie \u00e9lectronique concernant votre demande.<\/li>\n<li style=\"text-align: justify;\">Informations commerciales ou \u00e9v\u00e9nementielles par voie \u00e9lectronique, sous r\u00e9serve d'une autorisation expresse.<\/li>\n<li style=\"text-align: justify;\">G\u00e9rer les services administratifs, de communication et de logistique fournis par le chef.<\/li>\n<li style=\"text-align: justify;\">Facturation.<\/li>\n<li style=\"text-align: justify;\">Effectuer les transactions correspondantes.<\/li>\n<li style=\"text-align: justify;\">Facturation et d\u00e9claration des taxes appropri\u00e9es.<\/li>\n<li style=\"text-align: justify;\">Gestion du contr\u00f4le et de la r\u00e9cup\u00e9ration.<\/li>\n<\/ul>\n<p style=\"text-align: justify;\">La base juridique est l'acceptation d'une relation contractuelle ou votre consentement \u00e0 nous contacter ou \u00e0 nous proposer vos produits par quelque moyen que ce soit.<\/p>\n<h2><span style=\"font-size: 14pt;\">CONTACTS DANS LES M\u00c9DIAS SOCIAUX<\/span><\/h2>\n<h3><span style=\"font-size: 12pt;\">Quelles sont les donn\u00e9es des r\u00e9seaux sociaux que nous utilisons ?<\/span><\/h3>\n<ul>\n<li style=\"text-align: justify;\">R\u00e9pondre \u00e0 vos questions, demandes ou p\u00e9titions.<\/li>\n<li style=\"text-align: justify;\">g\u00e9rer le service demand\u00e9, r\u00e9pondre \u00e0 votre demande ou la traiter.<\/li>\n<li style=\"text-align: justify;\">Engagez-vous avec vous et cr\u00e9ez une communaut\u00e9 d'adeptes.<\/li>\n<\/ul>\n<p style=\"text-align: justify;\">Acceptation d'une relation contractuelle dans l'environnement du r\u00e9seau social concern\u00e9 et conform\u00e9ment \u00e0 ses politiques de confidentialit\u00e9 :<\/p>\n<h3><span style=\"font-size: 12pt;\">Combien de temps conserverons-nous les donn\u00e9es personnelles ?<\/span><\/h3>\n<p style=\"text-align: justify;\">Nous ne pouvons consulter ou supprimer vos donn\u00e9es de mani\u00e8re restreinte que si vous disposez d'un profil sp\u00e9cifique. Nous les traiterons aussi longtemps que vous nous y autorisez en nous suivant, en devenant un ami ou en \"aimant\", \"suivant\" ou des boutons similaires.<\/p>\n<p>Toute rectification de vos donn\u00e9es ou restriction d'informations ou de publications doit \u00eatre effectu\u00e9e par le biais de la configuration de votre profil ou de votre utilisateur dans le r\u00e9seau social lui-m\u00eame.<\/p>\n<h3><span style=\"font-size: 12pt;\">Incluons-nous des donn\u00e9es \u00e0 caract\u00e8re personnel de tiers ?<\/span><\/h3>\n<p style=\"text-align: justify;\">Non, en r\u00e8gle g\u00e9n\u00e9rale, nous ne traitons que les donn\u00e9es qui nous sont fournies par les propri\u00e9taires. Si vous nous fournissez des donn\u00e9es de tiers, vous devez les informer et demander leur consentement au pr\u00e9alable, sinon vous nous exon\u00e9rez de toute responsabilit\u00e9 en cas de non-respect de cette exigence.<\/p>\n<h3><span style=\"font-size: 12pt;\">Qu'en est-il des donn\u00e9es relatives aux mineurs ?<\/span><\/h3>\n<p style=\"text-align: justify;\">Nous ne traitons pas les donn\u00e9es des enfants de moins de 14 ans. Par cons\u00e9quent, nous vous prions de ne pas les fournir si vous n'avez pas cet \u00e2ge ou, le cas \u00e9ch\u00e9ant, de ne pas fournir les donn\u00e9es de tiers qui n'ont pas l'\u00e2ge susmentionn\u00e9. EL GAT AMB BOTES S.C.P. d\u00e9cline toute responsabilit\u00e9 en cas de non-respect de cette disposition.<\/p>\n<h3><span style=\"font-size: 12pt;\">Communiquerons-nous par voie \u00e9lectronique ?<\/span><\/h3>\n<ul>\n<li style=\"text-align: justify;\">Ils ne seront utilis\u00e9s que pour traiter votre demande, s'il s'agit de l'un des moyens de contact que vous nous avez fournis.<\/li>\n<li style=\"text-align: justify;\">Si nous envoyons des communications commerciales, celles-ci auront \u00e9t\u00e9 pr\u00e9alablement et express\u00e9ment autoris\u00e9es par vous.<\/li>\n<\/ul>\n<h3><span style=\"font-size: 12pt;\">Quelles mesures de s\u00e9curit\u00e9 appliquons-nous ?<\/span><\/h3>\n<p style=\"text-align: justify;\">Vous pouvez \u00eatre rassur\u00e9 : nous avons adopt\u00e9 un niveau de protection optimal pour les donn\u00e9es personnelles que nous traitons et nous avons mis en place tous les moyens et mesures techniques \u00e0 notre disposition selon l'\u00e9tat de la technologie pour pr\u00e9venir la perte, l'utilisation abusive, l'alt\u00e9ration, l'acc\u00e8s non autoris\u00e9 et le vol des donn\u00e9es personnelles.<\/p>\n<h3><span style=\"font-size: 12pt;\">\u00c0 quels destinataires vos donn\u00e9es seront-elles communiqu\u00e9es ?<\/span><\/h3>\n<p style=\"text-align: justify;\">Vos donn\u00e9es ne seront pas communiqu\u00e9es \u00e0 des tiers, sauf en cas d'obligation l\u00e9gale. En particulier, elles seront communiqu\u00e9es \u00e0 l'Agence nationale de l'administration fiscale et aux banques et institutions financi\u00e8res pour le recouvrement du service fourni ou du produit achet\u00e9, ainsi qu'aux responsables du traitement des donn\u00e9es n\u00e9cessaires \u00e0 l'ex\u00e9cution de l'accord.<\/p>\n<p style=\"text-align: justify;\">En cas d'achat ou de paiement, si vous choisissez une application, un site web, une plateforme, une carte bancaire ou tout autre service en ligne, vos donn\u00e9es seront transf\u00e9r\u00e9es \u00e0 cette plateforme ou trait\u00e9es dans son environnement, toujours avec une s\u00e9curit\u00e9 maximale.<\/p>\n<p style=\"text-align: justify;\">Lorsque nous leur en donnons l'ordre, la soci\u00e9t\u00e9 de d\u00e9veloppement et de maintenance de sites web, ou la soci\u00e9t\u00e9 d'h\u00e9bergement, aura acc\u00e8s \u00e0 notre site web. Ils auront sign\u00e9 un contrat de service qui les oblige \u00e0 respecter le m\u00eame niveau de confidentialit\u00e9 que nous.<\/p>\n<p style=\"text-align: justify;\">Tout transfert international de donn\u00e9es lors de l'utilisation d'applications am\u00e9ricaines sera conforme \u00e0 l'accord Privacy Shield, qui garantit que les \u00e9diteurs de logiciels am\u00e9ricains respectent les politiques europ\u00e9ennes de protection des donn\u00e9es en mati\u00e8re de vie priv\u00e9e.<\/p>\n<h3><span style=\"font-size: 12pt;\">Quels sont vos droits ?<\/span><\/h3>\n<ul>\n<li style=\"text-align: justify;\">Pour savoir si nous traitons ou non vos donn\u00e9es.<\/li>\n<li style=\"text-align: justify;\">Pour acc\u00e9der \u00e0 vos donn\u00e9es personnelles.<\/li>\n<li style=\"text-align: justify;\">Demander la rectification de vos donn\u00e9es si elles sont inexactes.<\/li>\n<li style=\"text-align: justify;\">Demander la suppression de vos donn\u00e9es si elles ne sont plus n\u00e9cessaires aux fins pour lesquelles elles ont \u00e9t\u00e9 collect\u00e9es ou si vous retirez votre consentement.<\/li>\n<li style=\"text-align: justify;\">Demander la limitation du traitement de vos donn\u00e9es, dans certains cas, auquel cas nous ne les conserverons que conform\u00e9ment \u00e0 la r\u00e9glementation en vigueur.<\/li>\n<li style=\"text-align: justify;\">Pour soumettre vos donn\u00e9es, qui vous seront fournies dans un format structur\u00e9, couramment utilis\u00e9 ou lisible par machine. Si vous le pr\u00e9f\u00e9rez, nous pouvons les envoyer au nouveau responsable que vous aurez d\u00e9sign\u00e9. Ceci n'est valable que dans certains cas.<\/li>\n<li style=\"text-align: justify;\">d\u00e9poser une plainte aupr\u00e8s de l'Agence espagnole de protection des donn\u00e9es ou de l'autorit\u00e9 de surveillance comp\u00e9tente si vous estimez que nous ne vous avons pas trait\u00e9 correctement.<\/li>\n<li style=\"text-align: justify;\">Retirer \u00e0 tout moment son consentement \u00e0 tout traitement pour lequel il a donn\u00e9 son accord.<\/li>\n<\/ul>\n<p style=\"text-align: justify;\">Si vous modifiez des donn\u00e9es, veuillez nous en informer afin que nous puissions les mettre \u00e0 jour.<\/p>\n<h3><span style=\"font-size: 12pt;\">Vous souhaitez obtenir un formulaire pour exercer vos droits ?<\/span><\/h3>\n<ul>\n<li style=\"text-align: justify;\">Nous disposons de formulaires pour l'exercice de vos droits, vous pouvez nous les demander par courrier \u00e9lectronique ou, si vous le pr\u00e9f\u00e9rez, vous pouvez utiliser ceux pr\u00e9par\u00e9s par l'Agence espagnole de protection des donn\u00e9es ou par des tiers.<\/li>\n<li style=\"text-align: justify;\">Ces formulaires doivent \u00eatre sign\u00e9s \u00e9lectroniquement ou accompagn\u00e9s d'une photocopie de la carte d'identit\u00e9.<\/li>\n<li style=\"text-align: justify;\">Si une personne vous repr\u00e9sente, vous devez joindre une copie de sa carte d'identit\u00e9 ou lui faire apposer sa signature \u00e9lectronique.<\/li>\n<li style=\"text-align: justify;\">Les formulaires peuvent \u00eatre d\u00e9pos\u00e9s en personne, envoy\u00e9s par lettre ou par courrier \u00e0 l'adresse du responsable indiqu\u00e9e au d\u00e9but de ce texte.<\/li>\n<\/ul>\n<h3><span style=\"font-size: 12pt;\">Combien de temps faut-il pour vous r\u00e9pondre sur l'exercice des droits ?<\/span><\/h3>\n<p style=\"text-align: justify;\">Cela d\u00e9pend de la loi, mais au maximum dans un d\u00e9lai d'un mois \u00e0 compter de votre demande, et de deux mois si la question est tr\u00e8s complexe et que nous vous informons que nous avons besoin de plus de temps.<\/p>\n<h3><span style=\"font-size: 12pt;\">Traitons-nous les cookies ?<\/span><\/h3>\n<p>Si nous utilisons d'autres types de cookies qui ne sont pas n\u00e9cessaires, vous pouvez consulter la page d'accueil du site. <strong><a href=\"https:\/\/www.elgatambbotes.com\/fr\/politica-de-cookies\/\" target=\"_blank\" rel=\"noopener\">politique de cookies<\/a><\/strong> dans le lien correspondant en haut de notre site web.<\/p>\n<h3><span style=\"font-size: 12pt;\">Combien de temps conserverons-nous vos donn\u00e9es personnelles ?<\/span><\/h3>\n<ul>\n<li style=\"text-align: justify;\">Les donn\u00e9es personnelles seront conserv\u00e9es aussi longtemps que vous resterez en contact avec nous.<\/li>\n<li style=\"text-align: justify;\">Une fois que vous vous \u00eates d\u00e9sinscrit, les donn\u00e9es \u00e0 caract\u00e8re personnel trait\u00e9es pour chaque finalit\u00e9 seront conserv\u00e9es pendant les p\u00e9riodes l\u00e9galement pr\u00e9vues, y compris la p\u00e9riode pendant laquelle un juge ou un tribunal peut les exiger conform\u00e9ment au d\u00e9lai de prescription des actions en justice.<\/li>\n<li style=\"text-align: justify;\">Les donn\u00e9es trait\u00e9es seront conserv\u00e9es jusqu'\u00e0 l'expiration des d\u00e9lais l\u00e9gaux susmentionn\u00e9s, s'il existe une obligation l\u00e9gale de les conserver, ou, en l'absence d'un tel d\u00e9lai l\u00e9gal, jusqu'\u00e0 ce que la personne concern\u00e9e demande leur suppression ou r\u00e9voque le consentement accord\u00e9.<\/li>\n<li style=\"text-align: justify;\">Nous conserverons toutes les informations et communications relatives \u00e0 votre achat ou \u00e0 la fourniture de nos services, pendant la dur\u00e9e des garanties sur les produits ou les services, afin de r\u00e9pondre \u00e0 d'\u00e9ventuelles r\u00e9clamations.<\/li>\n<\/ul>","protected":false},"excerpt":{"rendered":"<p>La politique de confidentialit\u00e9 fait partie des conditions g\u00e9n\u00e9rales r\u00e9gissant ce site Web. Qui est responsable du traitement de vos donn\u00e9es ? EL GAT AMB BOTES S.C.P. Adresse : Avinguda S'Agar\u00f3, 89 local 12 Edifici Round Store. C.P. 17250 Castell-Platja d'Aro. NIF : J72918386 Tel : +34 972 817 726 Mail : elgtambbotes@gmail.com Vous pouvez nous contacter \u00e0 l'une des adresses suivantes<br \/><a class=\"moretag\" href=\"https:\/\/www.elgatambbotes.com\/fr\/politica-de-privacidad\/\">+ Lire la suite<\/a><\/p>","protected":false},"author":3,"featured_media":0,"parent":0,"menu_order":0,"comment_status":"closed","ping_status":"closed","template":"templates\/page-fullwidth_template.php","meta":{"footnotes":""},"class_list":["post-20517","page","type-page","status-publish","hentry"],"_links":{"self":[{"href":"https:\/\/www.elgatambbotes.com\/fr\/wp-json\/wp\/v2\/pages\/20517","targetHints":{"allow":["GET"]}}],"collection":[{"href":"https:\/\/www.elgatambbotes.com\/fr\/wp-json\/wp\/v2\/pages"}],"about":[{"href":"https:\/\/www.elgatambbotes.com\/fr\/wp-json\/wp\/v2\/types\/page"}],"author":[{"embeddable":true,"href":"https:\/\/www.elgatambbotes.com\/fr\/wp-json\/wp\/v2\/users\/3"}],"replies":[{"embeddable":true,"href":"https:\/\/www.elgatambbotes.com\/fr\/wp-json\/wp\/v2\/comments?post=20517"}],"version-history":[{"count":0,"href":"https:\/\/www.elgatambbotes.com\/fr\/wp-json\/wp\/v2\/pages\/20517\/revisions"}],"wp:attachment":[{"href":"https:\/\/www.elgatambbotes.com\/fr\/wp-json\/wp\/v2\/media?parent=20517"}],"curies":[{"name":"wp","href":"https:\/\/api.w.org\/{rel}","templated":true}]}}