{"id":20515,"date":"2024-06-06T22:35:23","date_gmt":"2024-06-06T20:35:23","guid":{"rendered":"https:\/\/www.elgatambbotes.com\/?page_id=20515"},"modified":"2024-08-03T18:39:57","modified_gmt":"2024-08-03T16:39:57","slug":"aviso-legal","status":"publish","type":"page","link":"https:\/\/www.elgatambbotes.com\/fr\/aviso-legal\/","title":{"rendered":"Avis juridique"},"content":{"rendered":"<p style=\"text-align: justify;\">Nous vous remercions d'avoir choisi de nous rendre visite. Nous souhaitons que votre exp\u00e9rience sur le site soit la meilleure possible.<\/p>\n<p style=\"text-align: justify;\">En acc\u00e9dant \u00e0 nos services, vous d\u00e9clarez que <strong>vous \u00eates majeur<\/strong> et que vous avez la capacit\u00e9 juridique d'agir selon les lois de votre pays.<\/p>\n<p style=\"text-align: justify;\">En acc\u00e9dant et en naviguant sur le site web, ou en utilisant ses services, vous acceptez express\u00e9ment et pleinement chacune des pr\u00e9sentes conditions g\u00e9n\u00e9rales, y compris les conditions sp\u00e9ciales \u00e9tablies pour certaines promotions et la politique de confidentialit\u00e9 et de cookies, concernant les finalit\u00e9s du traitement des donn\u00e9es que vous nous fournissez. Nous vous recommandons de les lire attentivement.<\/p>\n<h2><span style=\"font-size: 13pt;\">1) Informations juridiques<\/span><\/h2>\n<p style=\"text-align: justify;\">Conform\u00e9ment \u00e0 la loi 34\/2002, du 11 juillet, sur les services de la soci\u00e9t\u00e9 de l'information et le commerce \u00e9lectronique, les donn\u00e9es d'identification du propri\u00e9taire du portail Web sont les suivantes :<\/p>\n<p><strong>EL GAT AMB BOTES S.C.P<\/strong>.<br \/>\nAvinguda S'Agar\u00f3, 89 local 12 - Edifici Round Store. 17250 Castell-Platja d'Aro<br \/>\nNUM\u00c9RO D'IDENTIFICATION FISCALE J72918386<\/p>\n<p style=\"text-align: justify;\">Si vous avez des doutes ou des questions, veuillez nous contacter au t\u00e9l : <strong>+34 972 817 726<\/strong>, e-mail : <a href=\"mailto:gatambbotes@gmail.com\"><strong>gatambbotes@gmail.com<\/strong><\/a><\/p>\n<p style=\"text-align: justify;\">L'acc\u00e8s implique l'acceptation expresse par l'utilisateur des pr\u00e9sentes conditions g\u00e9n\u00e9rales d'utilisation, qui peuvent \u00eatre modifi\u00e9es ou remplac\u00e9es par le propri\u00e9taire \u00e0 tout moment et sans pr\u00e9avis.<\/p>\n<h2><span style=\"font-size: 13pt;\">2. Conditions g\u00e9n\u00e9rales d'utilisation<\/span><\/h2>\n<p style=\"text-align: justify;\">Les conditions g\u00e9n\u00e9rales suivantes r\u00e9gissent l'utilisation et l'acc\u00e8s au portail web, dont l'objectif est d'\u00eatre une passerelle vers <strong>EL GAT AMB BOTES S.C.P.<\/strong>Le site web fournit aux utilisateurs des informations, des services et du contenu par l'interm\u00e9diaire du web. Par l'interm\u00e9diaire du site web, l'utilisateur a acc\u00e8s \u00e0 des informations sur des produits et services sp\u00e9cifiques, des outils et des applications.<\/p>\n<p style=\"text-align: justify;\">Les donn\u00e9es et les informations sur les produits ou les services, les prix et les caract\u00e9ristiques ou d'autres donn\u00e9es pertinentes propos\u00e9es sur le site web sont cr\u00e9\u00e9es, fournies et mises \u00e0 jour par les fournisseurs et les soci\u00e9t\u00e9s tierces. <strong>EL GAT AMB BOTES S.C.P.<\/strong> n'est en aucun cas responsable de ces donn\u00e9es et informations et n'assume aucune responsabilit\u00e9 \u00e0 cet \u00e9gard.<\/p>\n<p style=\"text-align: justify;\">L'utilisateur s'engage \u00e0 faire un usage appropri\u00e9 des contenus, services, applications et outils accessibles, sous r\u00e9serve de la loi et des pr\u00e9sentes conditions g\u00e9n\u00e9rales d'utilisation et, le cas \u00e9ch\u00e9ant, des conditions sp\u00e9cifiques qui peuvent \u00eatre \u00e9tablies pour l'acc\u00e8s \u00e0 certains services et applications, en respectant \u00e0 tout moment les autres utilisateurs de ces derniers.<\/p>\n<p style=\"text-align: justify;\">En cas de violation totale ou partielle par l'utilisateur des pr\u00e9sentes conditions g\u00e9n\u00e9rales d'utilisation, <strong>EL GAT AMB BOTES S.C.P.<\/strong> se r\u00e9serve le droit de refuser l'acc\u00e8s \u00e0 l'utilisateur sans pr\u00e9avis.<\/p>\n<h2><span style=\"font-size: 13pt;\">3. Obligations g\u00e9n\u00e9rales de l'utilisateur<\/span><\/h2>\n<p style=\"text-align: justify;\">En acceptant les pr\u00e9sentes conditions g\u00e9n\u00e9rales d'utilisation, l'utilisateur s'engage express\u00e9ment \u00e0 :<\/p>\n<ul>\n<li>Ne r\u00e9aliser aucune action visant \u00e0 endommager, bloquer, d\u00e9t\u00e9riorer, rendre inutilisable, surcharger, de mani\u00e8re temporaire ou permanente, les fonctionnalit\u00e9s, les outils, les contenus et\/ou l'infrastructure du site web, de mani\u00e8re \u00e0 emp\u00eacher son utilisation normale.<\/li>\n<li style=\"text-align: justify;\">sauvegarder et maintenir la confidentialit\u00e9 des codes d'acc\u00e8s associ\u00e9s \u00e0 son nom d'utilisateur, en \u00e9tant responsable de l'utilisation de ces codes d'acc\u00e8s personnels et incessibles par des tiers.<\/li>\n<li>Ne pas introduire ou cr\u00e9er de contenu calomnieux ou diffamatoire, que ce soit \u00e0 l'\u00e9gard d'autres utilisateurs ou de soci\u00e9t\u00e9s tierces en dehors de <strong>EL GAT AMB BOTES S.C.P.<\/strong><\/li>\n<li style=\"text-align: justify;\">Ne pas utiliser le mat\u00e9riel et les informations contenus dans ce site Web \u00e0 des fins illicites express\u00e9ment interdites dans les pr\u00e9sentes conditions g\u00e9n\u00e9rales d'utilisation, ainsi que dans les conditions sp\u00e9cifiques qui, le cas \u00e9ch\u00e9ant, sont \u00e9tablies pour certaines applications et\/ou utilit\u00e9s et qui sont contraires aux droits et aux int\u00e9r\u00eats de <strong>EL GAT AMB BOTES S.C.P.<\/strong>ses utilisateurs et\/ou des tiers.<\/li>\n<li style=\"text-align: justify;\">Ne pas offrir ou distribuer des produits et services, ni effectuer de la publicit\u00e9 ou des communications commerciales non sollicit\u00e9es \u00e0 d'autres utilisateurs et visiteurs de <strong>EL GAT AMB BOTES S.C.P.<\/strong><\/li>\n<\/ul>\n<p style=\"text-align: justify;\">L'utilisateur est responsable de tous les dommages de quelque nature que ce soit qui <strong>EL GAT AMB BOTES S.C.P.<\/strong> ou tout autre tiers, en cons\u00e9quence de la violation de l'une quelconque des obligations auxquelles il est soumis en vertu des pr\u00e9sentes \"Conditions g\u00e9n\u00e9rales d'utilisation\" ou de la loi en ce qui concerne l'acc\u00e8s et\/ou l'utilisation de la page.<\/p>\n<h2><span style=\"font-size: 13pt;\">4. Propri\u00e9t\u00e9 intellectuelle et industrielle<\/span><\/h2>\n<p style=\"text-align: justify;\">Le site web, les pages qui le composent et les informations ou \u00e9l\u00e9ments qui y figurent (y compris les textes, documents, photographies, dessins, repr\u00e9sentations graphiques, entre autres), ainsi que les logos, marques, noms commerciaux ou autres signes distinctifs, sont prot\u00e9g\u00e9s par des droits de propri\u00e9t\u00e9 intellectuelle ou industrielle, parmi lesquels <strong>EL GAT AMB BOTES S.C.P.<\/strong> en est le propri\u00e9taire ou d\u00e9tient l'autorisation d'utilisation et de communication publique de la part des propri\u00e9taires l\u00e9gitimes.<\/p>\n<p style=\"text-align: justify;\">L'utilisateur s'engage \u00e0 utiliser les contenus de mani\u00e8re diligente et correcte, dans le respect de la loi, de la morale et de l'ordre public. <strong>EL GAT AMB BOTES S.C.P.<\/strong> autorise l'utilisateur \u00e0 consulter les informations contenues sur ce site web, ainsi qu'\u00e0 en faire des reproductions priv\u00e9es (simple t\u00e9l\u00e9chargement et stockage sur leurs syst\u00e8mes informatiques), \u00e0 condition que les \u00e9l\u00e9ments soient destin\u00e9s uniquement \u00e0 un usage personnel. Il ne s'agit en aucun cas d'une autorisation ou d'une licence des droits de propri\u00e9t\u00e9 de <strong>EL GAT AMB BOTES S.C.P.<\/strong> ou leurs propri\u00e9taires l\u00e9gitimes.<\/p>\n<p style=\"text-align: justify;\">L'utilisateur n'est pas autoris\u00e9 \u00e0 proc\u00e9der \u00e0 la distribution, \u00e0 la modification, au transfert ou \u00e0 la communication publique des informations contenues dans ce site web, sous quelque forme et \u00e0 quelque fin que ce soit.<\/p>\n<h2><span style=\"font-size: 13pt;\"><strong>5. Liens<\/strong><\/span><\/h2>\n<p style=\"text-align: justify;\">Les connexions et les liens vers des sites web ou des pages de tiers sont fournis uniquement pour la commodit\u00e9 de l'utilisateur. <strong>EL GAT AMB BOTES S.C.P.<\/strong> n'est en aucun cas responsable de ces derniers ou de leur contenu.<\/p>\n<p style=\"text-align: justify;\"><strong>EL GAT AMB BOTES S.C.P.<\/strong> n'assume aucune responsabilit\u00e9 d\u00e9riv\u00e9e de l'existence de liens entre le contenu de ce site et des contenus situ\u00e9s en dehors de celui-ci ou de toute autre mention de contenus externes \u00e0 ce site. Ces liens ou mentions ne sont donn\u00e9s qu'\u00e0 titre d'information et n'impliquent en aucun cas un soutien, une approbation, une commercialisation ou une relation quelconque entre le site et les tiers. <strong>EL GAT AMB BOTES S.C.P.<\/strong> et les personnes ou entit\u00e9s qui sont auteurs et\/ou gestionnaires de ces contenus ou propri\u00e9taires des sites o\u00f9 ils se trouvent.<\/p>\n<p>Les liens vers le site web n\u00e9cessitent l'autorisation \u00e9crite expresse des propri\u00e9taires du portail.<\/p>\n<h2><span style=\"font-size: 13pt;\">6. La responsabilit\u00e9<\/span><\/h2>\n<p style=\"text-align: justify;\"><strong>EL GAT AMB BOTES S.C.P.<\/strong> ne garantit pas l'acc\u00e8s continu, ni la visualisation, le t\u00e9l\u00e9chargement ou l'utilisation corrects des \u00e9l\u00e9ments et des informations contenus dans les pages du portail, qui peuvent \u00eatre entrav\u00e9s, g\u00ean\u00e9s ou interrompus par des facteurs ou des circonstances ind\u00e9pendants de sa volont\u00e9 ou \u00e9chappant \u00e0 son contr\u00f4le, ni ceux caus\u00e9s par l'existence de virus informatiques sur l'Internet.<\/p>\n<p style=\"text-align: justify;\"><strong>EL GAT AMB BOTES S.C.P.<\/strong> n'assume aucune responsabilit\u00e9 pour les dommages, les pertes, les r\u00e9clamations ou les d\u00e9penses r\u00e9sultant de :<\/p>\n<ol>\n<li style=\"text-align: justify;\">Interf\u00e9rences, interruptions, d\u00e9faillances, omissions, retards, blocages ou d\u00e9connexions, caus\u00e9s par des erreurs dans les lignes et r\u00e9seaux de t\u00e9l\u00e9communications ou par toute autre cause ind\u00e9pendante de la volont\u00e9 de <strong>EL GAT AMB BOTES S.C.P.<\/strong><\/li>\n<li style=\"text-align: justify;\">Interf\u00e9rence ill\u00e9gale par l'utilisation de logiciels malveillants de toute nature et par tout moyen de communication, tels que les virus informatiques ou tout autre moyen ;<\/li>\n<li style=\"text-align: justify;\">Utilisation abusive ou inappropri\u00e9e du site web de <strong>EL GAT AMB BOTES S.C.P.<\/strong><\/li>\n<li style=\"text-align: justify;\">des erreurs de s\u00e9curit\u00e9 ou de navigation dues \u00e0 un mauvais fonctionnement du navigateur ou \u00e0 l'utilisation de versions obsol\u00e8tes.<\/li>\n<\/ol>\n<p style=\"text-align: justify;\"><strong>EL GAT AMB BOTES S.C.P.<\/strong> n'est pas responsable, et ne sera en aucun cas responsable envers les utilisateurs et les tiers, des actes de tout tiers ext\u00e9rieur \u00e0 EL GAT AMB BOTES S.C.P. qui entra\u00eenent ou peuvent entra\u00eener la r\u00e9alisation d'actes de concurrence d\u00e9loyale et de publicit\u00e9 ill\u00e9gale ou la violation des droits de propri\u00e9t\u00e9 intellectuelle et industrielle, des secrets d'affaires, des engagements contractuels de toute nature, des droits \u00e0 l'honneur, \u00e0 l'intimit\u00e9 personnelle et familiale et \u00e0 l'image, des droits de propri\u00e9t\u00e9 et de tout autre droit appartenant \u00e0 un tiers en raison de la transmission, de la diffusion, du stockage, de la disponibilit\u00e9, de la r\u00e9ception, de l'obtention ou de l'acc\u00e8s aux contenus.<\/p>\n<h2><span style=\"font-size: 13pt;\">7. Protection des donn\u00e9es personnelles<\/span><\/h2>\n<p style=\"text-align: justify;\">La politique compl\u00e8te de traitement des donn\u00e9es \u00e0 caract\u00e8re personnel est disponible sur le site Internet de la Commission europ\u00e9enne. <a href=\"https:\/\/www.elgatambbotes.com\/fr\/politica-de-privacidad\/\" target=\"_blank\" rel=\"noopener\"><strong>Politique de confidentialit\u00e9<\/strong><\/a>qui fait partie int\u00e9grante des pr\u00e9sentes conditions g\u00e9n\u00e9rales mais que, par souci de simplicit\u00e9, nous avons plac\u00e9 dans un document s\u00e9par\u00e9 : <a href=\"https:\/\/www.elgatambbotes.com\/fr\/politica-de-privacidad\/\" target=\"_blank\" rel=\"noopener\"><strong>Politique de confidentialit\u00e9<\/strong><\/a>.<\/p>\n<h2><span style=\"font-size: 13pt;\">8. La l\u00e9gislation <\/span><strong><br \/>\n<\/strong><\/h2>\n<p style=\"text-align: justify;\">Le pr\u00e9sent avis juridique et ses conditions g\u00e9n\u00e9rales sont r\u00e9gis et interpr\u00e9t\u00e9s conform\u00e9ment \u00e0 la l\u00e9gislation espagnole. L'utilisateur, par le simple fait d'acc\u00e9der au site web ou d'obtenir le statut d'utilisateur enregistr\u00e9, accorde irr\u00e9vocablement son consentement aux tribunaux comp\u00e9tents par d\u00e9faut pour conna\u00eetre de toute action en justice d\u00e9coulant de ou li\u00e9e \u00e0 ces conditions, ou de son utilisation de ce site ou de sa navigation sur celui-ci.<\/p>\n<p style=\"text-align: justify;\">Si une clause ou une section des pr\u00e9sentes conditions g\u00e9n\u00e9rales, qui n'est pas essentielle \u00e0 l'existence de celles-ci, est d\u00e9clar\u00e9e nulle ou inapplicable, la validit\u00e9 des autres clauses n'en sera pas affect\u00e9e.<\/p>","protected":false},"excerpt":{"rendered":"<p>Te agradecemos que hayas decidido visitarnos. Queremos que tu experiencia en el sitio sea lo mejor posible. Para acceder a nuestros servicios, declaras que eres mayor de edad y que tienes capacidad legal de obrar de acuerdo a las leyes te tu pa\u00eds. El acceso y la navegaci\u00f3n en el sitio web, o el uso<br \/><a class=\"moretag\" href=\"https:\/\/www.elgatambbotes.com\/fr\/aviso-legal\/\">+ Lire la suite<\/a><\/p>","protected":false},"author":3,"featured_media":0,"parent":0,"menu_order":0,"comment_status":"closed","ping_status":"closed","template":"templates\/page-fullwidth_template.php","meta":{"footnotes":""},"class_list":["post-20515","page","type-page","status-publish","hentry"],"_links":{"self":[{"href":"https:\/\/www.elgatambbotes.com\/fr\/wp-json\/wp\/v2\/pages\/20515","targetHints":{"allow":["GET"]}}],"collection":[{"href":"https:\/\/www.elgatambbotes.com\/fr\/wp-json\/wp\/v2\/pages"}],"about":[{"href":"https:\/\/www.elgatambbotes.com\/fr\/wp-json\/wp\/v2\/types\/page"}],"author":[{"embeddable":true,"href":"https:\/\/www.elgatambbotes.com\/fr\/wp-json\/wp\/v2\/users\/3"}],"replies":[{"embeddable":true,"href":"https:\/\/www.elgatambbotes.com\/fr\/wp-json\/wp\/v2\/comments?post=20515"}],"version-history":[{"count":0,"href":"https:\/\/www.elgatambbotes.com\/fr\/wp-json\/wp\/v2\/pages\/20515\/revisions"}],"wp:attachment":[{"href":"https:\/\/www.elgatambbotes.com\/fr\/wp-json\/wp\/v2\/media?parent=20515"}],"curies":[{"name":"wp","href":"https:\/\/api.w.org\/{rel}","templated":true}]}}