{"id":25693,"date":"2026-05-12T13:56:53","date_gmt":"2026-05-12T11:56:53","guid":{"rendered":"https:\/\/www.elgatambbotes.com\/?post_type=product&#038;p=25693"},"modified":"2026-05-12T14:00:45","modified_gmt":"2026-05-12T12:00:45","slug":"stetson-western-palo-grande-toyo","status":"publish","type":"product","link":"https:\/\/www.elgatambbotes.com\/en\/producto\/complementos\/sombreros-cowboy\/stetson-western-palo-grande-toyo\/","title":{"rendered":"STETSON WESTERN PALO GRANDE TOYO"},"content":{"rendered":"","protected":false},"excerpt":{"rendered":"<p>Sombrero western de <strong>Toyo straw<\/strong> in a natural color. <strong>Copa Teardrop<\/strong> de 14 cm (aprox) y ala de 9 cm (aprox). Badana interior muy suave y absorbente para mayor confort y ala moldeable. Decorado con una <strong>brown leather band<\/strong> with contrasting stitching and the iconic <strong>Stetson metal pin<\/strong> a un lado para un estilo perfecto. Su ligereza y protecci\u00f3n contra el sol hace que sea el mejor aliado en los c\u00e1lidos d\u00edas de verano (Protecci\u00f3n UV 40).<\/p>","protected":false},"featured_media":25692,"template":"","meta":[],"product_brand":[154],"product_cat":[22,30,95],"product_tag":[],"giftcard-category":[],"class_list":{"0":"post-25693","1":"product","2":"type-product","3":"status-publish","4":"has-post-thumbnail","6":"product_brand-stetson","7":"product_cat-complementos","8":"product_cat-sombreros-cowboy","9":"product_cat-stetson","10":"pa_color-natural","11":"pa_talla-l","12":"pa_talla-m","13":"pa_talla-s","14":"pa_talla-xl","16":"first","17":"instock","18":"shipping-taxable","19":"purchasable","20":"product-type-variable"},"_links":{"self":[{"href":"https:\/\/www.elgatambbotes.com\/en\/wp-json\/wp\/v2\/product\/25693","targetHints":{"allow":["GET"]}}],"collection":[{"href":"https:\/\/www.elgatambbotes.com\/en\/wp-json\/wp\/v2\/product"}],"about":[{"href":"https:\/\/www.elgatambbotes.com\/en\/wp-json\/wp\/v2\/types\/product"}],"wp:featuredmedia":[{"embeddable":true,"href":"https:\/\/www.elgatambbotes.com\/en\/wp-json\/wp\/v2\/media\/25692"}],"wp:attachment":[{"href":"https:\/\/www.elgatambbotes.com\/en\/wp-json\/wp\/v2\/media?parent=25693"}],"wp:term":[{"taxonomy":"product_brand","embeddable":true,"href":"https:\/\/www.elgatambbotes.com\/en\/wp-json\/wp\/v2\/product_brand?post=25693"},{"taxonomy":"product_cat","embeddable":true,"href":"https:\/\/www.elgatambbotes.com\/en\/wp-json\/wp\/v2\/product_cat?post=25693"},{"taxonomy":"product_tag","embeddable":true,"href":"https:\/\/www.elgatambbotes.com\/en\/wp-json\/wp\/v2\/product_tag?post=25693"},{"taxonomy":"giftcard-category","embeddable":true,"href":"https:\/\/www.elgatambbotes.com\/en\/wp-json\/wp\/v2\/giftcard-category?post=25693"}],"curies":[{"name":"wp","href":"https:\/\/api.w.org\/{rel}","templated":true}]}}