{"id":25592,"date":"2026-04-28T13:31:30","date_gmt":"2026-04-28T11:31:30","guid":{"rendered":"https:\/\/www.elgatambbotes.com\/?post_type=product&#038;p=25592"},"modified":"2026-04-28T13:37:14","modified_gmt":"2026-04-28T11:37:14","slug":"stetson-2797301-western-buffalo-leather-brown","status":"publish","type":"product","link":"https:\/\/www.elgatambbotes.com\/ca\/producto\/complementos\/sombreros-cowboy\/stetson-2797301-western-buffalo-leather-brown\/","title":{"rendered":"STETSON 2797301 WESTERN BUFFALO LEATHER BROWN"},"content":{"rendered":"","protected":false},"excerpt":{"rendered":"<p class=\"translation-block\">Barret cowboy de <strong>cuir aut\u00e8ntic de b\u00fafal aqu\u00e0tic<\/strong>. El modern estil <em>\u201cpull up\u201d<\/em>, que atorga al cuir nobuk un aspecte bicolor amb efecte envellit, sorgeix d\u2019un tractament labori\u00f3s del material amb parafina i oli.<\/p>\n<p class=\"translation-block\"><strong>Copa Teardrop<\/strong> de 10 cm (aprox.) i ala de 7 cm (aprox.). <strong>Badana interior<\/strong> t\u00e8xtil molt suau i absorbent per a m\u00e9s confort i ala modelable. Decorat amb una tira de pell marr\u00f3 i l\u2019ic\u00f2nic pin met\u00e0l\u00b7lic de Stetson a un costat per a un atractiu estil de l\u2019oest basat en el cl\u00e0ssic look western.<\/p>","protected":false},"featured_media":25591,"template":"","meta":[],"product_brand":[154],"product_cat":[22,30,95],"product_tag":[],"giftcard-category":[],"class_list":{"0":"post-25592","1":"product","2":"type-product","3":"status-publish","4":"has-post-thumbnail","6":"product_brand-stetson","7":"product_cat-complementos","8":"product_cat-sombreros-cowboy","9":"product_cat-stetson","10":"pa_color-marron","11":"pa_talla-l","12":"pa_talla-m","13":"pa_talla-s","14":"pa_talla-xl","16":"first","17":"instock","18":"shipping-taxable","19":"purchasable","20":"product-type-variable"},"_links":{"self":[{"href":"https:\/\/www.elgatambbotes.com\/ca\/wp-json\/wp\/v2\/product\/25592","targetHints":{"allow":["GET"]}}],"collection":[{"href":"https:\/\/www.elgatambbotes.com\/ca\/wp-json\/wp\/v2\/product"}],"about":[{"href":"https:\/\/www.elgatambbotes.com\/ca\/wp-json\/wp\/v2\/types\/product"}],"wp:featuredmedia":[{"embeddable":true,"href":"https:\/\/www.elgatambbotes.com\/ca\/wp-json\/wp\/v2\/media\/25591"}],"wp:attachment":[{"href":"https:\/\/www.elgatambbotes.com\/ca\/wp-json\/wp\/v2\/media?parent=25592"}],"wp:term":[{"taxonomy":"product_brand","embeddable":true,"href":"https:\/\/www.elgatambbotes.com\/ca\/wp-json\/wp\/v2\/product_brand?post=25592"},{"taxonomy":"product_cat","embeddable":true,"href":"https:\/\/www.elgatambbotes.com\/ca\/wp-json\/wp\/v2\/product_cat?post=25592"},{"taxonomy":"product_tag","embeddable":true,"href":"https:\/\/www.elgatambbotes.com\/ca\/wp-json\/wp\/v2\/product_tag?post=25592"},{"taxonomy":"giftcard-category","embeddable":true,"href":"https:\/\/www.elgatambbotes.com\/ca\/wp-json\/wp\/v2\/giftcard-category?post=25592"}],"curies":[{"name":"wp","href":"https:\/\/api.w.org\/{rel}","templated":true}]}}