{"id":25353,"date":"2026-03-31T13:14:19","date_gmt":"2026-03-31T11:14:19","guid":{"rendered":"https:\/\/www.elgatambbotes.com\/?post_type=product&#038;p=25353"},"modified":"2026-03-31T13:14:19","modified_gmt":"2026-03-31T11:14:19","slug":"ariat-jean-mid-rise-whipstitch-rainstorm","status":"publish","type":"product","link":"https:\/\/www.elgatambbotes.com\/ca\/producto\/marcas\/ariat\/ariat-jean-mid-rise-whipstitch-rainstorm\/","title":{"rendered":"Ariat Jean Mid Rise Whipstitch Rainstorm"},"content":{"rendered":"","protected":false},"excerpt":{"rendered":"<p class=\"translation-block\"><b>Jeans bootcut de tall mitj\u00e0<\/b> dissenyats per oferir durabilitat i estil en qualsevol ocasi\u00f3, tant per muntar com per al dia a dia. El seu tall ajustat a maluc i cuixa i la seva cama acampanada s\u2019adapten perfectament sobre les botes, estilitzant la silueta. Amb tall que es situa sobre el maluc i cinturilla contornejada que proporciona un ajust c\u00f2mode i flexible. Confeccionats en <i>denim el\u00e0stic<\/i> d\u2019alta qualitat amb tecnologia <b>S-gene<\/b>, que garanteix elasticitat i recuperaci\u00f3 per mantenir la forma sense deformar-se. Incorporen tancament cl\u00e0ssic amb cremallera i bot\u00f3.<\/p>\n<p><b>Composici\u00f3: <\/b>92% Cot\u00f3, 6% Poli\u00e8ster, 2% Elast\u00e0<\/p>\n<p><b>Instruccions de rentat:<\/b> Rentar a m\u00e0quina, a l'inrev\u00e9s, per separat amb aigua freda i colors similars.<\/p>\n<p><b>Llarg d&#039;entrecuix:<\/b> 34\u2033 (86 cm)<\/p>","protected":false},"featured_media":25291,"template":"","meta":[],"product_brand":[202],"product_cat":[203,78],"product_tag":[],"giftcard-category":[],"class_list":{"0":"post-25353","1":"product","2":"type-product","3":"status-publish","4":"has-post-thumbnail","6":"product_brand-ariat","7":"product_cat-ariat","8":"product_cat-jeans-mujer","9":"pa_color-azul","10":"pa_color-jeans","11":"pa_talla-161","12":"pa_talla-162","13":"pa_talla-163","14":"pa_talla-164","15":"pa_talla-165","16":"pa_talla-166","17":"pa_talla-193","18":"pa_talla-194","19":"pa_talla-195","21":"first","22":"instock","23":"shipping-taxable","24":"purchasable","25":"product-type-variable"},"_links":{"self":[{"href":"https:\/\/www.elgatambbotes.com\/ca\/wp-json\/wp\/v2\/product\/25353","targetHints":{"allow":["GET"]}}],"collection":[{"href":"https:\/\/www.elgatambbotes.com\/ca\/wp-json\/wp\/v2\/product"}],"about":[{"href":"https:\/\/www.elgatambbotes.com\/ca\/wp-json\/wp\/v2\/types\/product"}],"wp:featuredmedia":[{"embeddable":true,"href":"https:\/\/www.elgatambbotes.com\/ca\/wp-json\/wp\/v2\/media\/25291"}],"wp:attachment":[{"href":"https:\/\/www.elgatambbotes.com\/ca\/wp-json\/wp\/v2\/media?parent=25353"}],"wp:term":[{"taxonomy":"product_brand","embeddable":true,"href":"https:\/\/www.elgatambbotes.com\/ca\/wp-json\/wp\/v2\/product_brand?post=25353"},{"taxonomy":"product_cat","embeddable":true,"href":"https:\/\/www.elgatambbotes.com\/ca\/wp-json\/wp\/v2\/product_cat?post=25353"},{"taxonomy":"product_tag","embeddable":true,"href":"https:\/\/www.elgatambbotes.com\/ca\/wp-json\/wp\/v2\/product_tag?post=25353"},{"taxonomy":"giftcard-category","embeddable":true,"href":"https:\/\/www.elgatambbotes.com\/ca\/wp-json\/wp\/v2\/giftcard-category?post=25353"}],"curies":[{"name":"wp","href":"https:\/\/api.w.org\/{rel}","templated":true}]}}