{"id":25336,"date":"2026-03-31T11:58:20","date_gmt":"2026-03-31T09:58:20","guid":{"rendered":"https:\/\/www.elgatambbotes.com\/?post_type=product&#038;p=25336"},"modified":"2026-03-31T12:10:33","modified_gmt":"2026-03-31T10:10:33","slug":"ariat-cow-buckle-negro","status":"publish","type":"product","link":"https:\/\/www.elgatambbotes.com\/ca\/producto\/marcas\/ariat\/ariat-cow-buckle-negro\/","title":{"rendered":"Ariat Cow Buckle Negro"},"content":{"rendered":"","protected":false},"excerpt":{"rendered":"<p class=\"translation-block\">Cintur\u00f3 de cuir bov\u00ed <b>Ariat<\/b> amb un elegant disseny gravat en relleu que aporta un estil cl\u00e0ssic i aut\u00e8ntic. Destaca per la seva sivella met\u00e0l\u00b7lica decorada amb el logotip <i>Ariat<\/i>, que afegeix un toc distintiu. La <b>sivella \u00e9s intercanviable<\/b> gr\u00e0cies al seu pr\u00e0ctic sistema de botons a pressi\u00f3, permetent-te personalitzar el cintur\u00f3 segons el teu estil. Ideal per completar qualsevol look western amb car\u00e0cter.<\/p>","protected":false},"featured_media":25328,"template":"","meta":[],"product_brand":[202],"product_cat":[203,32,22],"product_tag":[],"giftcard-category":[],"class_list":{"0":"post-25336","1":"product","2":"type-product","3":"status-publish","4":"has-post-thumbnail","6":"product_brand-ariat","7":"product_cat-ariat","8":"product_cat-cinturones","9":"product_cat-complementos","10":"pa_color-marron","11":"pa_color-negro","12":"pa_talla-194","13":"pa_talla-178","14":"pa_talla-100","15":"pa_talla-102","17":"first","18":"instock","19":"shipping-taxable","20":"purchasable","21":"product-type-variable"},"_links":{"self":[{"href":"https:\/\/www.elgatambbotes.com\/ca\/wp-json\/wp\/v2\/product\/25336","targetHints":{"allow":["GET"]}}],"collection":[{"href":"https:\/\/www.elgatambbotes.com\/ca\/wp-json\/wp\/v2\/product"}],"about":[{"href":"https:\/\/www.elgatambbotes.com\/ca\/wp-json\/wp\/v2\/types\/product"}],"wp:featuredmedia":[{"embeddable":true,"href":"https:\/\/www.elgatambbotes.com\/ca\/wp-json\/wp\/v2\/media\/25328"}],"wp:attachment":[{"href":"https:\/\/www.elgatambbotes.com\/ca\/wp-json\/wp\/v2\/media?parent=25336"}],"wp:term":[{"taxonomy":"product_brand","embeddable":true,"href":"https:\/\/www.elgatambbotes.com\/ca\/wp-json\/wp\/v2\/product_brand?post=25336"},{"taxonomy":"product_cat","embeddable":true,"href":"https:\/\/www.elgatambbotes.com\/ca\/wp-json\/wp\/v2\/product_cat?post=25336"},{"taxonomy":"product_tag","embeddable":true,"href":"https:\/\/www.elgatambbotes.com\/ca\/wp-json\/wp\/v2\/product_tag?post=25336"},{"taxonomy":"giftcard-category","embeddable":true,"href":"https:\/\/www.elgatambbotes.com\/ca\/wp-json\/wp\/v2\/giftcard-category?post=25336"}],"curies":[{"name":"wp","href":"https:\/\/api.w.org\/{rel}","templated":true}]}}