{"id":25073,"date":"2026-02-12T13:15:48","date_gmt":"2026-02-12T12:15:48","guid":{"rendered":"https:\/\/www.elgatambbotes.com\/?post_type=product&#038;p=25073"},"modified":"2026-05-05T12:14:51","modified_gmt":"2026-05-05T10:14:51","slug":"wrangler-western-shirt-112362744","status":"publish","type":"product","link":"https:\/\/www.elgatambbotes.com\/ca\/producto\/complementos\/denim-hombre\/wrangler-western-shirt-112362744\/","title":{"rendered":"Camisa Western Wrangler"},"content":{"rendered":"","protected":false},"excerpt":{"rendered":"<p class=\"translation-block\">Amb arrels a l\u2019Oest americ\u00e0, aquesta <b>camisa vaquera Western<\/b> de m\u00e0niga llarga presenta un tall regular i dues butxaques amb tancament a pressi\u00f3 al pit per donar-li un aspecte aut\u00e8ntic.<\/p>\n<p>Feta de sarja 100% cot\u00f3, suau i c\u00f2moda.<\/p>\n<p>Pr\u00e0ctica i amb estil, amb botons a pressi\u00f3 a la part davantera, punys tamb\u00e9 amb botons a pressi\u00f3 i butxaques dobles al pit.<\/p>\n<p class=\"translation-block\">Composici\u00f3: 100% Cot\u00f3<\/p>\n<p class=\"translation-block\"><b>Instruccions de rentat:<\/b> Rentar a m\u00e0quina per separat en aigua freda amb colors similars.<\/p>","protected":false},"featured_media":25029,"template":"","meta":[],"product_brand":[159],"product_cat":[22,79,201],"product_tag":[],"giftcard-category":[],"class_list":{"0":"post-25073","1":"product","2":"type-product","3":"status-publish","4":"has-post-thumbnail","6":"product_brand-wrangler","7":"product_cat-complementos","8":"product_cat-denim-hombre","9":"product_cat-wrangler-marcas","10":"pa_color-azul","11":"pa_talla-l","12":"pa_talla-m","13":"pa_talla-s","14":"pa_talla-xl","15":"pa_talla-xxl","17":"first","18":"instock","19":"shipping-taxable","20":"purchasable","21":"product-type-variable"},"_links":{"self":[{"href":"https:\/\/www.elgatambbotes.com\/ca\/wp-json\/wp\/v2\/product\/25073","targetHints":{"allow":["GET"]}}],"collection":[{"href":"https:\/\/www.elgatambbotes.com\/ca\/wp-json\/wp\/v2\/product"}],"about":[{"href":"https:\/\/www.elgatambbotes.com\/ca\/wp-json\/wp\/v2\/types\/product"}],"wp:featuredmedia":[{"embeddable":true,"href":"https:\/\/www.elgatambbotes.com\/ca\/wp-json\/wp\/v2\/media\/25029"}],"wp:attachment":[{"href":"https:\/\/www.elgatambbotes.com\/ca\/wp-json\/wp\/v2\/media?parent=25073"}],"wp:term":[{"taxonomy":"product_brand","embeddable":true,"href":"https:\/\/www.elgatambbotes.com\/ca\/wp-json\/wp\/v2\/product_brand?post=25073"},{"taxonomy":"product_cat","embeddable":true,"href":"https:\/\/www.elgatambbotes.com\/ca\/wp-json\/wp\/v2\/product_cat?post=25073"},{"taxonomy":"product_tag","embeddable":true,"href":"https:\/\/www.elgatambbotes.com\/ca\/wp-json\/wp\/v2\/product_tag?post=25073"},{"taxonomy":"giftcard-category","embeddable":true,"href":"https:\/\/www.elgatambbotes.com\/ca\/wp-json\/wp\/v2\/giftcard-category?post=25073"}],"curies":[{"name":"wp","href":"https:\/\/api.w.org\/{rel}","templated":true}]}}