{"id":25064,"date":"2026-02-12T13:14:25","date_gmt":"2026-02-12T12:14:25","guid":{"rendered":"https:\/\/www.elgatambbotes.com\/?post_type=product&#038;p=25064"},"modified":"2026-05-05T12:15:16","modified_gmt":"2026-05-05T10:15:16","slug":"wrangler-pro-rodeo-112355497","status":"publish","type":"product","link":"https:\/\/www.elgatambbotes.com\/ca\/producto\/complementos\/denim-hombre\/wrangler-pro-rodeo-112355497\/","title":{"rendered":"Wrangler Pro Rodeo"},"content":{"rendered":"","protected":false},"excerpt":{"rendered":"<p class=\"translation-block\">Els texans per a home de tall vaquer de la col\u00b7lecci\u00f3 oficial de texans de la competici\u00f3 ProRodeo. Dissenyats en color blau (rentat antic) i confeccionats en cot\u00f3. Ajust normal a la cuixa i cama recta. Cinc butxaques i tancament frontal amb cremallera i bot\u00f3. A la part posterior, a la butxaca, un pegat caracter\u00edstic amb un logotip <b>Wrangler<\/b> en relleu.<\/p>\n<p class=\"translation-block\">Composici\u00f3: 100% Cot\u00f3<\/p>\n<p class=\"translation-block\"><b>Instruccions de rentat:<\/b> Rentar a m\u00e0quina per separat en aigua freda amb colors similars.<\/p>","protected":false},"featured_media":25027,"template":"","meta":[],"product_brand":[159],"product_cat":[22,79,201],"product_tag":[],"giftcard-category":[],"class_list":{"0":"post-25064","1":"product","2":"type-product","3":"status-publish","4":"has-post-thumbnail","6":"product_brand-wrangler","7":"product_cat-complementos","8":"product_cat-denim-hombre","9":"product_cat-wrangler-marcas","10":"pa_color-azul","11":"pa_largo-197","12":"pa_largo-196","13":"pa_talla-164","14":"pa_talla-193","15":"pa_talla-194","16":"pa_talla-195","18":"first","19":"instock","20":"shipping-taxable","21":"purchasable","22":"product-type-variable"},"_links":{"self":[{"href":"https:\/\/www.elgatambbotes.com\/ca\/wp-json\/wp\/v2\/product\/25064","targetHints":{"allow":["GET"]}}],"collection":[{"href":"https:\/\/www.elgatambbotes.com\/ca\/wp-json\/wp\/v2\/product"}],"about":[{"href":"https:\/\/www.elgatambbotes.com\/ca\/wp-json\/wp\/v2\/types\/product"}],"wp:featuredmedia":[{"embeddable":true,"href":"https:\/\/www.elgatambbotes.com\/ca\/wp-json\/wp\/v2\/media\/25027"}],"wp:attachment":[{"href":"https:\/\/www.elgatambbotes.com\/ca\/wp-json\/wp\/v2\/media?parent=25064"}],"wp:term":[{"taxonomy":"product_brand","embeddable":true,"href":"https:\/\/www.elgatambbotes.com\/ca\/wp-json\/wp\/v2\/product_brand?post=25064"},{"taxonomy":"product_cat","embeddable":true,"href":"https:\/\/www.elgatambbotes.com\/ca\/wp-json\/wp\/v2\/product_cat?post=25064"},{"taxonomy":"product_tag","embeddable":true,"href":"https:\/\/www.elgatambbotes.com\/ca\/wp-json\/wp\/v2\/product_tag?post=25064"},{"taxonomy":"giftcard-category","embeddable":true,"href":"https:\/\/www.elgatambbotes.com\/ca\/wp-json\/wp\/v2\/giftcard-category?post=25064"}],"curies":[{"name":"wp","href":"https:\/\/api.w.org\/{rel}","templated":true}]}}