{"id":25040,"date":"2026-02-12T13:16:42","date_gmt":"2026-02-12T12:16:42","guid":{"rendered":"https:\/\/www.elgatambbotes.com\/?post_type=product&#038;p=25040"},"modified":"2026-05-05T12:13:57","modified_gmt":"2026-05-05T10:13:57","slug":"wrangler-greensboro-803-w15q74259","status":"publish","type":"product","link":"https:\/\/www.elgatambbotes.com\/ca\/producto\/complementos\/denim-hombre\/wrangler-greensboro-803-w15q74259\/","title":{"rendered":"Wrangler Greensboro 803"},"content":{"rendered":"","protected":false},"excerpt":{"rendered":"<p class=\"translation-block\">Els texans per a home model <b>Greensboro 803<\/b>, una reinvenci\u00f3 de l\u2019exit\u00f3s cl\u00e0ssic recte de <b>Wrangler.<\/b> Dissenyats en color blau i confeccionats en cot\u00f3 amb aportaci\u00f3 d\u2019elast\u00e0 per oferir encara m\u00e9s flexibilitat i comoditat que el seu predecessor. Ajust normal a la cuixa i cama recta. Cinc butxaques i tancament frontal amb cremallera i bot\u00f3.<\/p>\n<p class=\"translation-block\"><b><i>Composici\u00f3: <\/i><\/b><i>95% Cot\u00f3, 3% Elastomulti\u00e8ster, 2% Elast\u00e0<span class=\"Apple-converted-space\"> <\/span><\/i><\/p>\n<p class=\"translation-block\"><b>Instruccions de rentat:<\/b> Rentar a m\u00e0quina per separat en aigua freda amb colors similars.<\/p>","protected":false},"featured_media":25010,"template":"","meta":[],"product_brand":[159],"product_cat":[22,79,201],"product_tag":[],"giftcard-category":[],"class_list":{"0":"post-25040","1":"product","2":"type-product","3":"status-publish","4":"has-post-thumbnail","6":"product_brand-wrangler","7":"product_cat-complementos","8":"product_cat-denim-hombre","9":"product_cat-wrangler-marcas","10":"pa_color-azul","11":"pa_largo-196","12":"pa_talla-166","13":"pa_talla-193","14":"pa_talla-194","15":"pa_talla-178","17":"first","18":"instock","19":"shipping-taxable","20":"purchasable","21":"product-type-variable"},"_links":{"self":[{"href":"https:\/\/www.elgatambbotes.com\/ca\/wp-json\/wp\/v2\/product\/25040","targetHints":{"allow":["GET"]}}],"collection":[{"href":"https:\/\/www.elgatambbotes.com\/ca\/wp-json\/wp\/v2\/product"}],"about":[{"href":"https:\/\/www.elgatambbotes.com\/ca\/wp-json\/wp\/v2\/types\/product"}],"wp:featuredmedia":[{"embeddable":true,"href":"https:\/\/www.elgatambbotes.com\/ca\/wp-json\/wp\/v2\/media\/25010"}],"wp:attachment":[{"href":"https:\/\/www.elgatambbotes.com\/ca\/wp-json\/wp\/v2\/media?parent=25040"}],"wp:term":[{"taxonomy":"product_brand","embeddable":true,"href":"https:\/\/www.elgatambbotes.com\/ca\/wp-json\/wp\/v2\/product_brand?post=25040"},{"taxonomy":"product_cat","embeddable":true,"href":"https:\/\/www.elgatambbotes.com\/ca\/wp-json\/wp\/v2\/product_cat?post=25040"},{"taxonomy":"product_tag","embeddable":true,"href":"https:\/\/www.elgatambbotes.com\/ca\/wp-json\/wp\/v2\/product_tag?post=25040"},{"taxonomy":"giftcard-category","embeddable":true,"href":"https:\/\/www.elgatambbotes.com\/ca\/wp-json\/wp\/v2\/giftcard-category?post=25040"}],"curies":[{"name":"wp","href":"https:\/\/api.w.org\/{rel}","templated":true}]}}