{"id":25035,"date":"2026-02-12T13:16:55","date_gmt":"2026-02-12T12:16:55","guid":{"rendered":"https:\/\/www.elgatambbotes.com\/?post_type=product&#038;p=25035"},"modified":"2026-05-05T12:13:42","modified_gmt":"2026-05-05T10:13:42","slug":"wrangler-americana-tee-112371477","status":"publish","type":"product","link":"https:\/\/www.elgatambbotes.com\/ca\/producto\/complementos\/denim-hombre\/wrangler-americana-tee-112371477\/","title":{"rendered":"Samarreta Wrangler Americana"},"content":{"rendered":"","protected":false},"excerpt":{"rendered":"<p class=\"translation-block\">La samarreta de m\u00e0niga curta <b>Americana<\/b> t\u00e9 un tall regular, est\u00e0 confeccionada en 100 % cot\u00f3 i presenta un cridaner gr\u00e0fic exclusiu de roda de moto al pit a la part davantera. Retent homenatge a l\u2019her\u00e8ncia vaquera, la samarreta Americana de m\u00e0niga curta \u00e9s tot el que esperes d\u2019una samarreta <b>Wrangler<\/b> en la qual sempre pots confiar. Perfecta per a qualsevol pla relaxat o el que sorgeixi, aquesta samarreta \u00e9s una opci\u00f3 suau i transpirable que podr\u00e0s portar durant tot l\u2019any.<span class=\"Apple-converted-space\"> <\/span><\/p>\n<p class=\"translation-block\">Composici\u00f3: 100% Cot\u00f3<\/p>\n<p class=\"translation-block\"><b>Instruccions de rentat:<\/b> Rentar a m\u00e0quina per separat en aigua freda amb colors similars.<\/p>","protected":false},"featured_media":25002,"template":"","meta":[],"product_brand":[159],"product_cat":[22,79,201],"product_tag":[],"giftcard-category":[],"class_list":{"0":"post-25035","1":"product","2":"type-product","3":"status-publish","4":"has-post-thumbnail","6":"product_brand-wrangler","7":"product_cat-complementos","8":"product_cat-denim-hombre","9":"product_cat-wrangler-marcas","10":"pa_color-azul","11":"pa_color-blanco","12":"pa_talla-l","13":"pa_talla-m","14":"pa_talla-s","15":"pa_talla-xl","17":"first","18":"instock","19":"shipping-taxable","20":"purchasable","21":"product-type-variable"},"_links":{"self":[{"href":"https:\/\/www.elgatambbotes.com\/ca\/wp-json\/wp\/v2\/product\/25035","targetHints":{"allow":["GET"]}}],"collection":[{"href":"https:\/\/www.elgatambbotes.com\/ca\/wp-json\/wp\/v2\/product"}],"about":[{"href":"https:\/\/www.elgatambbotes.com\/ca\/wp-json\/wp\/v2\/types\/product"}],"wp:featuredmedia":[{"embeddable":true,"href":"https:\/\/www.elgatambbotes.com\/ca\/wp-json\/wp\/v2\/media\/25002"}],"wp:attachment":[{"href":"https:\/\/www.elgatambbotes.com\/ca\/wp-json\/wp\/v2\/media?parent=25035"}],"wp:term":[{"taxonomy":"product_brand","embeddable":true,"href":"https:\/\/www.elgatambbotes.com\/ca\/wp-json\/wp\/v2\/product_brand?post=25035"},{"taxonomy":"product_cat","embeddable":true,"href":"https:\/\/www.elgatambbotes.com\/ca\/wp-json\/wp\/v2\/product_cat?post=25035"},{"taxonomy":"product_tag","embeddable":true,"href":"https:\/\/www.elgatambbotes.com\/ca\/wp-json\/wp\/v2\/product_tag?post=25035"},{"taxonomy":"giftcard-category","embeddable":true,"href":"https:\/\/www.elgatambbotes.com\/ca\/wp-json\/wp\/v2\/giftcard-category?post=25035"}],"curies":[{"name":"wp","href":"https:\/\/api.w.org\/{rel}","templated":true}]}}