{"id":24809,"date":"2026-01-30T13:24:41","date_gmt":"2026-01-30T12:24:41","guid":{"rendered":"https:\/\/www.elgatambbotes.com\/?post_type=product&#038;p=24809"},"modified":"2026-02-13T13:38:31","modified_gmt":"2026-02-13T12:38:31","slug":"cazadora-piel-microperforada","status":"publish","type":"product","link":"https:\/\/www.elgatambbotes.com\/ca\/producto\/complementos\/denim-hombre\/cazadora-piel-microperforada\/","title":{"rendered":"CA\u00c7ADORA PELL MICROPERFORADA"},"content":{"rendered":"","protected":false},"excerpt":{"rendered":"<p class=\"translation-block\">Aquesta <b>ca\u00e7adora de pell<\/b> per a home representa l\u2019equilibri perfecte entre disseny contemporani, confort i sofisticaci\u00f3.<\/p>\n<p class=\"translation-block\">Confeccionada en <b>pell aut\u00e8ntica microperforada<\/b>, ofereix una textura moderna i lleugera que millora la transpirabilitat sense renunciar a l\u2019eleg\u00e0ncia. El seu <b>acabat negre sobri<\/b> i el seu <b>estil tipus bomber<\/b> la converteixen en una pe\u00e7a vers\u00e0til, pensada per a un \u00fas diari refinat i funcional.<\/p>\n<p class=\"translation-block\">El <b>coll, els punys i la part inferior en punt el\u00e0stic<\/b> aporten un ajust c\u00f2mode i actual, mentre que el <b>tancament frontal amb cremallera met\u00e0l\u00b7lica<\/b> i els <b>butxaques laterals amb cremallera<\/b> reforcen el seu car\u00e0cter pr\u00e0ctic i urb\u00e0. Cada detall ha estat dissenyat per oferir durabilitat, comoditat i una imatge impecable.<\/p>\n<p><b>Atenci\u00f3:<\/b>\u00a0Aquesta pe\u00e7a nom\u00e9s pot ser rentada per empreses competents al sector<\/p>\n<p class=\"translation-block\"><i><strong>*Nota<\/strong>: Es recomana escollir una talla <\/i><span style=\"text-decoration: underline\"><i>m\u00e9s gran<\/i><\/span><i> de l\u2019habitual<\/i><\/p>","protected":false},"featured_media":24805,"template":"","meta":[],"product_brand":[],"product_cat":[22,79],"product_tag":[],"giftcard-category":[],"class_list":{"0":"post-24809","1":"product","2":"type-product","3":"status-publish","4":"has-post-thumbnail","6":"product_cat-complementos","7":"product_cat-denim-hombre","8":"pa_color-negro","9":"pa_talla-l","10":"pa_talla-xl","11":"pa_talla-xxl","12":"pa_talla-xxxl","14":"first","15":"instock","16":"shipping-taxable","17":"purchasable","18":"product-type-variable"},"_links":{"self":[{"href":"https:\/\/www.elgatambbotes.com\/ca\/wp-json\/wp\/v2\/product\/24809","targetHints":{"allow":["GET"]}}],"collection":[{"href":"https:\/\/www.elgatambbotes.com\/ca\/wp-json\/wp\/v2\/product"}],"about":[{"href":"https:\/\/www.elgatambbotes.com\/ca\/wp-json\/wp\/v2\/types\/product"}],"wp:featuredmedia":[{"embeddable":true,"href":"https:\/\/www.elgatambbotes.com\/ca\/wp-json\/wp\/v2\/media\/24805"}],"wp:attachment":[{"href":"https:\/\/www.elgatambbotes.com\/ca\/wp-json\/wp\/v2\/media?parent=24809"}],"wp:term":[{"taxonomy":"product_brand","embeddable":true,"href":"https:\/\/www.elgatambbotes.com\/ca\/wp-json\/wp\/v2\/product_brand?post=24809"},{"taxonomy":"product_cat","embeddable":true,"href":"https:\/\/www.elgatambbotes.com\/ca\/wp-json\/wp\/v2\/product_cat?post=24809"},{"taxonomy":"product_tag","embeddable":true,"href":"https:\/\/www.elgatambbotes.com\/ca\/wp-json\/wp\/v2\/product_tag?post=24809"},{"taxonomy":"giftcard-category","embeddable":true,"href":"https:\/\/www.elgatambbotes.com\/ca\/wp-json\/wp\/v2\/giftcard-category?post=24809"}],"curies":[{"name":"wp","href":"https:\/\/api.w.org\/{rel}","templated":true}]}}