{"id":24808,"date":"2026-01-30T13:33:13","date_gmt":"2026-01-30T12:33:13","guid":{"rendered":"https:\/\/www.elgatambbotes.com\/?post_type=product&#038;p=24808"},"modified":"2026-02-13T13:38:45","modified_gmt":"2026-02-13T12:38:45","slug":"chaqueta-piel-acolchada","status":"publish","type":"product","link":"https:\/\/www.elgatambbotes.com\/ca\/producto\/complementos\/denim-hombre\/chaqueta-piel-acolchada\/","title":{"rendered":"JAQUETA PELL ENCOIXINADA"},"content":{"rendered":"","protected":false},"excerpt":{"rendered":"<p>Aquesta jaqueta de pell \u00e9s la definici\u00f3 de car\u00e0cter, eleg\u00e0ncia i funcionalitat en una sola pe\u00e7a.<\/p>\n<p class=\"translation-block\">Confeccionada en <b>pell aut\u00e8ntica d\u2019alta qualitat<\/b>, presenta un disseny contemporani d\u2019inspiraci\u00f3 urbana que transmet for\u00e7a i sofisticaci\u00f3. El seu <b>acabat negre intens<\/b> i el seu <b>tall estructurat<\/b> la converteixen en una pe\u00e7a atemporal, ideal tant per al dia a dia com per a ocasions m\u00e9s especials.<\/p>\n<p class=\"translation-block\">Els <b>panells encoixinats a les espatlles i a les m\u00e0nigues<\/b> no nom\u00e9s aporten un toc distintiu i modern, sin\u00f3 que reforcen la sensaci\u00f3 d\u2019exclusivitat i robustesa. El <b>tancament frontal amb cremallera met\u00e0l\u00b7lica<\/b>, juntament amb les seves <b>m\u00faltiples butxaques amb tancament<\/b>, combina est\u00e8tica i practicitat, oferint comoditat sense renunciar a l\u2019estil.<\/p>\n<p class=\"translation-block\">\u00c9s una jaqueta pensada per a l\u2019home que valora la <b>qualitat, la durabilitat i la imatge<\/b>, alg\u00fa que ent\u00e9n que una bona pe\u00e7a no \u00e9s una despesa, sin\u00f3 una inversi\u00f3. Perfecta per a aquells que volen destacar amb discreci\u00f3 i seguretat.<\/p>\n<p>Una pe\u00e7a imprescindible que eleva qualsevol outfit i reflexa personalitat, lideratge i bon gust.<\/p>\n<p><b>Atenci\u00f3:<\/b>\u00a0Aquesta pe\u00e7a nom\u00e9s pot ser rentada per empreses competents al sector<\/p>\n<p class=\"translation-block\"><i><strong>*Nota<\/strong>: Es recomana escollir una talla <\/i><span style=\"text-decoration: underline\"><i>m\u00e9s gran<\/i><\/span><i> de l\u2019habitual<\/i><\/p>","protected":false},"featured_media":24801,"template":"","meta":[],"product_brand":[],"product_cat":[22,79],"product_tag":[],"giftcard-category":[],"class_list":{"0":"post-24808","1":"product","2":"type-product","3":"status-publish","4":"has-post-thumbnail","6":"product_cat-complementos","7":"product_cat-denim-hombre","8":"pa_color-negro","9":"pa_talla-l","10":"pa_talla-xl","11":"pa_talla-xxl","12":"pa_talla-xxxl","14":"first","15":"instock","16":"shipping-taxable","17":"purchasable","18":"product-type-variable"},"_links":{"self":[{"href":"https:\/\/www.elgatambbotes.com\/ca\/wp-json\/wp\/v2\/product\/24808","targetHints":{"allow":["GET"]}}],"collection":[{"href":"https:\/\/www.elgatambbotes.com\/ca\/wp-json\/wp\/v2\/product"}],"about":[{"href":"https:\/\/www.elgatambbotes.com\/ca\/wp-json\/wp\/v2\/types\/product"}],"wp:featuredmedia":[{"embeddable":true,"href":"https:\/\/www.elgatambbotes.com\/ca\/wp-json\/wp\/v2\/media\/24801"}],"wp:attachment":[{"href":"https:\/\/www.elgatambbotes.com\/ca\/wp-json\/wp\/v2\/media?parent=24808"}],"wp:term":[{"taxonomy":"product_brand","embeddable":true,"href":"https:\/\/www.elgatambbotes.com\/ca\/wp-json\/wp\/v2\/product_brand?post=24808"},{"taxonomy":"product_cat","embeddable":true,"href":"https:\/\/www.elgatambbotes.com\/ca\/wp-json\/wp\/v2\/product_cat?post=24808"},{"taxonomy":"product_tag","embeddable":true,"href":"https:\/\/www.elgatambbotes.com\/ca\/wp-json\/wp\/v2\/product_tag?post=24808"},{"taxonomy":"giftcard-category","embeddable":true,"href":"https:\/\/www.elgatambbotes.com\/ca\/wp-json\/wp\/v2\/giftcard-category?post=24808"}],"curies":[{"name":"wp","href":"https:\/\/api.w.org\/{rel}","templated":true}]}}