{"id":24773,"date":"2026-01-12T11:15:16","date_gmt":"2026-01-12T10:15:16","guid":{"rendered":"https:\/\/www.elgatambbotes.com\/?post_type=product&#038;p=24773"},"modified":"2026-02-13T13:30:47","modified_gmt":"2026-02-13T12:30:47","slug":"descalzador-de-madera","status":"publish","type":"product","link":"https:\/\/www.elgatambbotes.com\/ca\/producto\/complementos\/accesorios-botas\/descalzador-de-madera\/","title":{"rendered":"Descal\u00e7ador de Fusta"},"content":{"rendered":"","protected":false},"excerpt":{"rendered":"<p class=\"translation-block\"><strong>Descal\u00e7ador de fusta<\/strong> amb rebord i antilliscants de goma. L\u2019accessori ideal per treure\u2019t les botes.<\/p>\n<p class=\"translation-block\"><span style=\"text-decoration: underline\">Mode d\u2019\u00fas<\/span>: Col\u00b7locar el descal\u00e7ador a terra. Subjectar el descal\u00e7ador amb un peu sobre la superf\u00edcie, seguidament introduir la bota a la part de l\u2019obertura i recolzar fent pressi\u00f3 sobre el tal\u00f3, amb compte de no encaixar el tal\u00f3 de la bota, una mica per sobre. Finalment nom\u00e9s caldr\u00e0 treure el peu cap amunt, ja que la bota quedar\u00e0 fixada a la forquilla del descal\u00e7ador. Es recomana estirar suaument per evitar que la bota s\u2019escapi de la forquilla i colpegi la cama que subjecta el descal\u00e7ador. Tamb\u00e9 es recomana utilitzar un tros de tela fina a la forquilla per protegir la bota.<\/p>","protected":false},"featured_media":24768,"template":"","meta":[],"product_brand":[],"product_cat":[77,22],"product_tag":[],"giftcard-category":[],"class_list":{"0":"post-24773","1":"product","2":"type-product","3":"status-publish","4":"has-post-thumbnail","6":"product_cat-accesorios-botas","7":"product_cat-complementos","8":"pa_talla-unica","10":"first","11":"instock","12":"shipping-taxable","13":"purchasable","14":"product-type-variable"},"_links":{"self":[{"href":"https:\/\/www.elgatambbotes.com\/ca\/wp-json\/wp\/v2\/product\/24773","targetHints":{"allow":["GET"]}}],"collection":[{"href":"https:\/\/www.elgatambbotes.com\/ca\/wp-json\/wp\/v2\/product"}],"about":[{"href":"https:\/\/www.elgatambbotes.com\/ca\/wp-json\/wp\/v2\/types\/product"}],"wp:featuredmedia":[{"embeddable":true,"href":"https:\/\/www.elgatambbotes.com\/ca\/wp-json\/wp\/v2\/media\/24768"}],"wp:attachment":[{"href":"https:\/\/www.elgatambbotes.com\/ca\/wp-json\/wp\/v2\/media?parent=24773"}],"wp:term":[{"taxonomy":"product_brand","embeddable":true,"href":"https:\/\/www.elgatambbotes.com\/ca\/wp-json\/wp\/v2\/product_brand?post=24773"},{"taxonomy":"product_cat","embeddable":true,"href":"https:\/\/www.elgatambbotes.com\/ca\/wp-json\/wp\/v2\/product_cat?post=24773"},{"taxonomy":"product_tag","embeddable":true,"href":"https:\/\/www.elgatambbotes.com\/ca\/wp-json\/wp\/v2\/product_tag?post=24773"},{"taxonomy":"giftcard-category","embeddable":true,"href":"https:\/\/www.elgatambbotes.com\/ca\/wp-json\/wp\/v2\/giftcard-category?post=24773"}],"curies":[{"name":"wp","href":"https:\/\/api.w.org\/{rel}","templated":true}]}}