{"id":24770,"date":"2026-01-12T11:15:06","date_gmt":"2026-01-12T10:15:06","guid":{"rendered":"https:\/\/www.elgatambbotes.com\/?post_type=product&#038;p=24770"},"modified":"2026-02-13T13:30:29","modified_gmt":"2026-02-13T12:30:29","slug":"descalzador-de-plastico","status":"publish","type":"product","link":"https:\/\/www.elgatambbotes.com\/ca\/producto\/complementos\/accesorios-botas\/descalzador-de-plastico\/","title":{"rendered":"Descal\u00e7ador de Pl\u00e0stic"},"content":{"rendered":"","protected":false},"excerpt":{"rendered":"<p class=\"translation-block\"><strong>Descal\u00e7ador de pl\u00e0stic<\/strong> amb rebord de goma. L\u2019accessori ideal per treure\u2019t les botes.<\/p>\n<p class=\"translation-block\">Descal\u00e7ador de pl\u00e0stic amb vora de goma. L&#039;accessori ideal per treure&#039;t les botes. \u00das: Col\u00b7locar el descal\u00e7ador a terra. Subjecteu amb un peu el descal\u00e7ador sobre la superf\u00edcie, seguidament introdu\u00efu la bota a la part de l&#039;obertura i recolzeu fent pressi\u00f3 sobre el tal\u00f3, amb cura de no encal\u00e7ar el tal\u00f3 de la bota, una mica per sobre. Finalment nom\u00e9s quedaria treure el peu cap amunt ja que la bota estar\u00e0 fixada a la forquilla del descal\u00e7ador. Es recomana llen\u00e7ar suaument per evitar que la bota s&#039;escapi de la forquilla i colpege la cama que subjecta el descal\u00e7ador.<\/p>","protected":false},"featured_media":24769,"template":"","meta":[],"product_brand":[],"product_cat":[22,77],"product_tag":[],"giftcard-category":[],"class_list":{"0":"post-24770","1":"product","2":"type-product","3":"status-publish","4":"has-post-thumbnail","6":"product_cat-complementos","7":"product_cat-accesorios-botas","8":"pa_talla-unica","10":"first","11":"instock","12":"shipping-taxable","13":"purchasable","14":"product-type-variable"},"_links":{"self":[{"href":"https:\/\/www.elgatambbotes.com\/ca\/wp-json\/wp\/v2\/product\/24770","targetHints":{"allow":["GET"]}}],"collection":[{"href":"https:\/\/www.elgatambbotes.com\/ca\/wp-json\/wp\/v2\/product"}],"about":[{"href":"https:\/\/www.elgatambbotes.com\/ca\/wp-json\/wp\/v2\/types\/product"}],"wp:featuredmedia":[{"embeddable":true,"href":"https:\/\/www.elgatambbotes.com\/ca\/wp-json\/wp\/v2\/media\/24769"}],"wp:attachment":[{"href":"https:\/\/www.elgatambbotes.com\/ca\/wp-json\/wp\/v2\/media?parent=24770"}],"wp:term":[{"taxonomy":"product_brand","embeddable":true,"href":"https:\/\/www.elgatambbotes.com\/ca\/wp-json\/wp\/v2\/product_brand?post=24770"},{"taxonomy":"product_cat","embeddable":true,"href":"https:\/\/www.elgatambbotes.com\/ca\/wp-json\/wp\/v2\/product_cat?post=24770"},{"taxonomy":"product_tag","embeddable":true,"href":"https:\/\/www.elgatambbotes.com\/ca\/wp-json\/wp\/v2\/product_tag?post=24770"},{"taxonomy":"giftcard-category","embeddable":true,"href":"https:\/\/www.elgatambbotes.com\/ca\/wp-json\/wp\/v2\/giftcard-category?post=24770"}],"curies":[{"name":"wp","href":"https:\/\/api.w.org\/{rel}","templated":true}]}}