{"id":24659,"date":"2026-01-15T12:56:41","date_gmt":"2026-01-15T11:56:41","guid":{"rendered":"https:\/\/www.elgatambbotes.com\/?post_type=product&#038;p=24659"},"modified":"2026-05-05T12:18:10","modified_gmt":"2026-05-05T10:18:10","slug":"lee-sherpa-jacket-warm-cider-112355888","status":"publish","type":"product","link":"https:\/\/www.elgatambbotes.com\/ca\/producto\/complementos\/denim-hombre\/lee-sherpa-jacket-warm-cider-112355888\/","title":{"rendered":"Jaqueta Lee Sherpa Cider Calent"},"content":{"rendered":"","protected":false},"excerpt":{"rendered":"<p class=\"translation-block\">La jaqueta vaquera <b>Sherpa<\/b> per a home \u00e9s un cl\u00e0ssic que mai passar\u00e0 de moda. El folre i el coll sherpa aporten m\u00e9s calidesa i comoditat per als dies m\u00e9s freds. Les seves <b>quatre butxaques<\/b> i els botons met\u00e0l\u00b7lics completen la pe\u00e7a, reafirmant el comprom\u00eds de la marca amb el disseny cl\u00e0ssic de les peces denim.<\/p>\n<p><b>Composici\u00f3:\u00a0<\/b>99% Cot\u00f3, 1% Elast\u00e0<span class=\"Apple-converted-space\">\u00a0<\/span><\/p>\n<p class=\"translation-block\"><b>Instruccions de rentat:<\/b> Rentar a m\u00e0quina per separat en aigua freda amb colors similars.<\/p>","protected":false},"featured_media":24646,"template":"","meta":[],"product_brand":[158],"product_cat":[22,79,93],"product_tag":[],"giftcard-category":[],"class_list":{"0":"post-24659","1":"product","2":"type-product","3":"status-publish","4":"has-post-thumbnail","6":"product_brand-lee","7":"product_cat-complementos","8":"product_cat-denim-hombre","9":"product_cat-lee","10":"pa_color-azul","11":"pa_color-blanco","12":"pa_talla-s","13":"pa_talla-xl","14":"pa_talla-xxl","16":"first","17":"instock","18":"shipping-taxable","19":"purchasable","20":"product-type-variable"},"_links":{"self":[{"href":"https:\/\/www.elgatambbotes.com\/ca\/wp-json\/wp\/v2\/product\/24659","targetHints":{"allow":["GET"]}}],"collection":[{"href":"https:\/\/www.elgatambbotes.com\/ca\/wp-json\/wp\/v2\/product"}],"about":[{"href":"https:\/\/www.elgatambbotes.com\/ca\/wp-json\/wp\/v2\/types\/product"}],"wp:featuredmedia":[{"embeddable":true,"href":"https:\/\/www.elgatambbotes.com\/ca\/wp-json\/wp\/v2\/media\/24646"}],"wp:attachment":[{"href":"https:\/\/www.elgatambbotes.com\/ca\/wp-json\/wp\/v2\/media?parent=24659"}],"wp:term":[{"taxonomy":"product_brand","embeddable":true,"href":"https:\/\/www.elgatambbotes.com\/ca\/wp-json\/wp\/v2\/product_brand?post=24659"},{"taxonomy":"product_cat","embeddable":true,"href":"https:\/\/www.elgatambbotes.com\/ca\/wp-json\/wp\/v2\/product_cat?post=24659"},{"taxonomy":"product_tag","embeddable":true,"href":"https:\/\/www.elgatambbotes.com\/ca\/wp-json\/wp\/v2\/product_tag?post=24659"},{"taxonomy":"giftcard-category","embeddable":true,"href":"https:\/\/www.elgatambbotes.com\/ca\/wp-json\/wp\/v2\/giftcard-category?post=24659"}],"curies":[{"name":"wp","href":"https:\/\/api.w.org\/{rel}","templated":true}]}}