{"id":24649,"date":"2026-01-15T13:13:57","date_gmt":"2026-01-15T12:13:57","guid":{"rendered":"https:\/\/www.elgatambbotes.com\/?post_type=product&#038;p=24649"},"modified":"2026-02-13T13:34:28","modified_gmt":"2026-02-13T12:34:28","slug":"lee-button-down-ecru-112363897","status":"publish","type":"product","link":"https:\/\/www.elgatambbotes.com\/ca\/producto\/complementos\/jeans-hombre\/lee-button-down-ecru-112363897\/","title":{"rendered":"Lee Button Down Ecru 112363897"},"content":{"rendered":"","protected":false},"excerpt":{"rendered":"<p class=\"translation-block\">La camisa vaquera <b>Lee Button Down<\/b> per a home \u00e9s un cl\u00e0ssic que mai passar\u00e0 de moda. El seu <b>tall est\u00e0ndard<\/b> i el logotip de la marca a la butxaca la fan una pe\u00e7a imprescindible per a qualsevol estaci\u00f3. El color suau far\u00e0 que la puguis combinar amb qualsevol to de denim.<\/p>\n<p class=\"translation-block\">Composici\u00f3: 100% Cot\u00f3<\/p>\n<p class=\"translation-block\"><b>Instruccions de rentat:<\/b> Rentar a m\u00e0quina per separat en aigua freda amb colors similars.<\/p>","protected":false},"featured_media":24641,"template":"","meta":[],"product_brand":[158],"product_cat":[22,79,93],"product_tag":[],"giftcard-category":[],"class_list":{"0":"post-24649","1":"product","2":"type-product","3":"status-publish","4":"has-post-thumbnail","6":"product_brand-lee","7":"product_cat-complementos","8":"product_cat-jeans-hombre","9":"product_cat-lee","10":"pa_color-beige","11":"pa_color-verde","12":"pa_talla-l","13":"pa_talla-m","14":"pa_talla-s","15":"pa_talla-xl","17":"first","18":"instock","19":"shipping-taxable","20":"purchasable","21":"product-type-variable"},"_links":{"self":[{"href":"https:\/\/www.elgatambbotes.com\/ca\/wp-json\/wp\/v2\/product\/24649","targetHints":{"allow":["GET"]}}],"collection":[{"href":"https:\/\/www.elgatambbotes.com\/ca\/wp-json\/wp\/v2\/product"}],"about":[{"href":"https:\/\/www.elgatambbotes.com\/ca\/wp-json\/wp\/v2\/types\/product"}],"wp:featuredmedia":[{"embeddable":true,"href":"https:\/\/www.elgatambbotes.com\/ca\/wp-json\/wp\/v2\/media\/24641"}],"wp:attachment":[{"href":"https:\/\/www.elgatambbotes.com\/ca\/wp-json\/wp\/v2\/media?parent=24649"}],"wp:term":[{"taxonomy":"product_brand","embeddable":true,"href":"https:\/\/www.elgatambbotes.com\/ca\/wp-json\/wp\/v2\/product_brand?post=24649"},{"taxonomy":"product_cat","embeddable":true,"href":"https:\/\/www.elgatambbotes.com\/ca\/wp-json\/wp\/v2\/product_cat?post=24649"},{"taxonomy":"product_tag","embeddable":true,"href":"https:\/\/www.elgatambbotes.com\/ca\/wp-json\/wp\/v2\/product_tag?post=24649"},{"taxonomy":"giftcard-category","embeddable":true,"href":"https:\/\/www.elgatambbotes.com\/ca\/wp-json\/wp\/v2\/giftcard-category?post=24649"}],"curies":[{"name":"wp","href":"https:\/\/api.w.org\/{rel}","templated":true}]}}