{"id":24543,"date":"2026-01-15T13:16:27","date_gmt":"2026-01-15T12:16:27","guid":{"rendered":"https:\/\/www.elgatambbotes.com\/?post_type=product&#038;p=24543"},"modified":"2026-05-05T12:16:48","modified_gmt":"2026-05-05T10:16:48","slug":"breese-boot-black-rinse-l31tfs47","status":"publish","type":"product","link":"https:\/\/www.elgatambbotes.com\/ca\/producto\/complementos\/denim-mujer\/breese-boot-black-rinse-l31tfs47\/","title":{"rendered":"Sabates negres de cuir en esprai de neteja de Lee Breese"},"content":{"rendered":"","protected":false},"excerpt":{"rendered":"<p class=\"translation-block\">Els vaquers <b>Breese Boot<\/b> presenten una cintura m\u00e9s alta i un tall m\u00e9s estilitzat des de la cuixa fins al genoll, abans d\u2019obrir-se lleugerament amb la ic\u00f2nica forma <b>bootcut<\/b>. Confeccionats amb un denim lleuger i el\u00e0stic, que s\u2019adaptar\u00e0 al teu cos amb el temps, real\u00e7ant les teves corbes de la manera m\u00e9s afavoridora. Color negre intens<span class=\"Apple-converted-space\"> <\/span>amb rentat <i>Black Rinse<\/i>, que destaca l\u2019estructura del denim sense efectes descolorits. Les costures amb fil negre, els botons negres i el patch amb logotip negre a la part posterior completen el look.<\/p>\n<p><b>Composici\u00f3:\u00a0<\/b>82% Cot\u00f3, 16% Polyester, 2% Elast\u00e0<\/p>\n<p class=\"translation-block\"><b>Instruccions de rentat:<\/b> Rentar a m\u00e0quina per separat en aigua freda amb colors similars.<\/p>","protected":false},"featured_media":24554,"template":"","meta":[],"product_brand":[158],"product_cat":[22,78,93],"product_tag":[],"giftcard-category":[],"class_list":{"0":"post-24543","1":"product","2":"type-product","3":"status-publish","4":"has-post-thumbnail","6":"product_brand-lee","7":"product_cat-complementos","8":"product_cat-denim-mujer","9":"product_cat-lee","10":"pa_color-negro","11":"pa_talla-188","12":"pa_talla-161","13":"pa_talla-163","14":"pa_talla-164","15":"pa_talla-165","17":"first","18":"instock","19":"shipping-taxable","20":"purchasable","21":"product-type-variable"},"_links":{"self":[{"href":"https:\/\/www.elgatambbotes.com\/ca\/wp-json\/wp\/v2\/product\/24543","targetHints":{"allow":["GET"]}}],"collection":[{"href":"https:\/\/www.elgatambbotes.com\/ca\/wp-json\/wp\/v2\/product"}],"about":[{"href":"https:\/\/www.elgatambbotes.com\/ca\/wp-json\/wp\/v2\/types\/product"}],"wp:featuredmedia":[{"embeddable":true,"href":"https:\/\/www.elgatambbotes.com\/ca\/wp-json\/wp\/v2\/media\/24554"}],"wp:attachment":[{"href":"https:\/\/www.elgatambbotes.com\/ca\/wp-json\/wp\/v2\/media?parent=24543"}],"wp:term":[{"taxonomy":"product_brand","embeddable":true,"href":"https:\/\/www.elgatambbotes.com\/ca\/wp-json\/wp\/v2\/product_brand?post=24543"},{"taxonomy":"product_cat","embeddable":true,"href":"https:\/\/www.elgatambbotes.com\/ca\/wp-json\/wp\/v2\/product_cat?post=24543"},{"taxonomy":"product_tag","embeddable":true,"href":"https:\/\/www.elgatambbotes.com\/ca\/wp-json\/wp\/v2\/product_tag?post=24543"},{"taxonomy":"giftcard-category","embeddable":true,"href":"https:\/\/www.elgatambbotes.com\/ca\/wp-json\/wp\/v2\/giftcard-category?post=24543"}],"curies":[{"name":"wp","href":"https:\/\/api.w.org\/{rel}","templated":true}]}}