{"id":24378,"date":"2025-12-12T12:34:35","date_gmt":"2025-12-12T11:34:35","guid":{"rendered":"https:\/\/www.elgatambbotes.com\/?post_type=product&#038;p=24378"},"modified":"2026-02-13T13:23:38","modified_gmt":"2026-02-13T12:23:38","slug":"sendra-cuervo-moka","status":"publish","type":"product","link":"https:\/\/www.elgatambbotes.com\/ca\/producto\/marcas\/sendra-boots\/sendra-cuervo-moka\/","title":{"rendered":"Sendra Cuervo Moka"},"content":{"rendered":"","protected":false},"excerpt":{"rendered":"<p class=\"translation-block\"><b>Sendra Boots<\/b> per a home. Confeccionada a m\u00e0 en pell de bov\u00ed d\u2019alta qualitat. El seu color <b>marr\u00f3 moka<\/b>, profund i elegant, juntament amb els <b>brodats artesanals<\/b>, la converteixen en una pe\u00e7a \u00fanica. Amb punta afilada i tal\u00f3 cub\u00e0, \u00e9s la bota perfecta per a qui busca qualitat, personalitat i aut\u00e8ntica tradici\u00f3 cowboy. Sola de cuir i cosit <b>Goodyear<\/b>.<\/p>","protected":false},"featured_media":24376,"template":"","meta":[],"product_brand":[151],"product_cat":[98,23],"product_tag":[],"giftcard-category":[],"class_list":{"0":"post-24378","1":"product","2":"type-product","3":"status-publish","4":"has-post-thumbnail","6":"product_brand-sendra-boots","7":"product_cat-sendra-boots","8":"product_cat-botas-cowboy-hombre","9":"pa_color-marron","10":"pa_talla-104","11":"pa_talla-105","12":"pa_talla-106","13":"pa_talla-107","14":"pa_talla-108","15":"pa_talla-109","16":"pa_talla-130","18":"first","19":"instock","20":"sale","21":"shipping-taxable","22":"purchasable","23":"product-type-variable"},"_links":{"self":[{"href":"https:\/\/www.elgatambbotes.com\/ca\/wp-json\/wp\/v2\/product\/24378","targetHints":{"allow":["GET"]}}],"collection":[{"href":"https:\/\/www.elgatambbotes.com\/ca\/wp-json\/wp\/v2\/product"}],"about":[{"href":"https:\/\/www.elgatambbotes.com\/ca\/wp-json\/wp\/v2\/types\/product"}],"wp:featuredmedia":[{"embeddable":true,"href":"https:\/\/www.elgatambbotes.com\/ca\/wp-json\/wp\/v2\/media\/24376"}],"wp:attachment":[{"href":"https:\/\/www.elgatambbotes.com\/ca\/wp-json\/wp\/v2\/media?parent=24378"}],"wp:term":[{"taxonomy":"product_brand","embeddable":true,"href":"https:\/\/www.elgatambbotes.com\/ca\/wp-json\/wp\/v2\/product_brand?post=24378"},{"taxonomy":"product_cat","embeddable":true,"href":"https:\/\/www.elgatambbotes.com\/ca\/wp-json\/wp\/v2\/product_cat?post=24378"},{"taxonomy":"product_tag","embeddable":true,"href":"https:\/\/www.elgatambbotes.com\/ca\/wp-json\/wp\/v2\/product_tag?post=24378"},{"taxonomy":"giftcard-category","embeddable":true,"href":"https:\/\/www.elgatambbotes.com\/ca\/wp-json\/wp\/v2\/giftcard-category?post=24378"}],"curies":[{"name":"wp","href":"https:\/\/api.w.org\/{rel}","templated":true}]}}