{"id":24330,"date":"2025-12-09T12:54:33","date_gmt":"2025-12-09T11:54:33","guid":{"rendered":"https:\/\/www.elgatambbotes.com\/?post_type=product&#038;p=24330"},"modified":"2026-02-13T13:22:10","modified_gmt":"2026-02-13T12:22:10","slug":"sendra-4tall-snake-musgo","status":"publish","type":"product","link":"https:\/\/www.elgatambbotes.com\/ca\/producto\/hombre\/botas-cowboy-hombre\/sendra-4tall-snake-musgo\/","title":{"rendered":"Sendra 4Tall Snake Musgo"},"content":{"rendered":"","protected":false},"excerpt":{"rendered":"<p class=\"translation-block\"><b>Sendra Boots<\/b> per a home, elaborades a m\u00e0 amb una combinaci\u00f3 premium de pell de bov\u00ed i pit\u00f3 natural, que aporta un acabat exclusiu i sofisticat. El seu disseny en tons marr\u00f3 i oliva destaca pel seu pespunt decoratiu a la canya, creant un contrast elegant i artesanal. Un model de luxe que uneix car\u00e0cter, qualitat i aut\u00e8ntic estil western. Sola de cuir amb cosit <strong>Goodyear<\/strong>.<\/p>","protected":false},"featured_media":24300,"template":"","meta":[],"product_brand":[151],"product_cat":[23,98],"product_tag":[],"giftcard-category":[],"class_list":{"0":"post-24330","1":"product","2":"type-product","3":"status-publish","4":"has-post-thumbnail","6":"product_brand-sendra-boots","7":"product_cat-botas-cowboy-hombre","8":"product_cat-sendra-boots","9":"pa_color-marron","10":"pa_color-piton","11":"pa_talla-104","12":"pa_talla-105","13":"pa_talla-107","14":"pa_talla-108","16":"first","17":"instock","18":"shipping-taxable","19":"purchasable","20":"product-type-variable"},"_links":{"self":[{"href":"https:\/\/www.elgatambbotes.com\/ca\/wp-json\/wp\/v2\/product\/24330","targetHints":{"allow":["GET"]}}],"collection":[{"href":"https:\/\/www.elgatambbotes.com\/ca\/wp-json\/wp\/v2\/product"}],"about":[{"href":"https:\/\/www.elgatambbotes.com\/ca\/wp-json\/wp\/v2\/types\/product"}],"wp:featuredmedia":[{"embeddable":true,"href":"https:\/\/www.elgatambbotes.com\/ca\/wp-json\/wp\/v2\/media\/24300"}],"wp:attachment":[{"href":"https:\/\/www.elgatambbotes.com\/ca\/wp-json\/wp\/v2\/media?parent=24330"}],"wp:term":[{"taxonomy":"product_brand","embeddable":true,"href":"https:\/\/www.elgatambbotes.com\/ca\/wp-json\/wp\/v2\/product_brand?post=24330"},{"taxonomy":"product_cat","embeddable":true,"href":"https:\/\/www.elgatambbotes.com\/ca\/wp-json\/wp\/v2\/product_cat?post=24330"},{"taxonomy":"product_tag","embeddable":true,"href":"https:\/\/www.elgatambbotes.com\/ca\/wp-json\/wp\/v2\/product_tag?post=24330"},{"taxonomy":"giftcard-category","embeddable":true,"href":"https:\/\/www.elgatambbotes.com\/ca\/wp-json\/wp\/v2\/giftcard-category?post=24330"}],"curies":[{"name":"wp","href":"https:\/\/api.w.org\/{rel}","templated":true}]}}