{"id":24255,"date":"2025-12-05T12:44:34","date_gmt":"2025-12-05T11:44:34","guid":{"rendered":"https:\/\/www.elgatambbotes.com\/?post_type=product&#038;p=24255"},"modified":"2025-12-05T16:20:14","modified_gmt":"2025-12-05T15:20:14","slug":"tarjeta-regalo-el-gat-amb-botes","status":"publish","type":"product","link":"https:\/\/www.elgatambbotes.com\/ca\/producto\/tarjeta-regalo\/tarjeta-regalo-el-gat-amb-botes\/","title":{"rendered":"Targeta regal El Gat amb Botes"},"content":{"rendered":"","protected":false},"excerpt":{"rendered":"<h4 style=\"text-align: center;\">Vols regalar El Gat amb Botes a alg\u00fa molt especial?<\/h4>\n<p>T&#039;expliquem com funciona, \u00e9s molt f\u00e0cil:<\/p>\n<p>1. Introdu\u00efu l&#039;import que voleu regalar. El m\u00ednim s\u00f3n 50\u20ac<br \/>\n2. Introdueix el nom i el correu electr\u00f2nic de la persona a qui vols regalar la teva targeta regal.<br \/>\n3. Podeu afegir un missatge per al destinatari.<br \/>\n4. Posa el teu nom perqu\u00e8 s\u00e0piga qui li envia el regal.<br \/>\n5. Selecciona el dia i l&#039;hora que vols que rebi la targeta regal.<\/p>\n<p>Important:<\/p>\n<p>\u2013 Les targetes regal de <strong>El Gat amb Botes<\/strong> caduquen als 12 mesos.<br \/>\n\u2013 S\u00f3n v\u00e0lides, exclusivament, per a la nostra shop online.<\/p>","protected":false},"featured_media":24257,"template":"","meta":[],"product_brand":[],"product_cat":[186],"product_tag":[],"giftcard-category":[],"class_list":{"0":"post-24255","1":"product","2":"type-product","3":"status-publish","4":"has-post-thumbnail","6":"product_cat-tarjeta-regalo","8":"first","9":"instock","10":"virtual","11":"sold-individually","12":"purchasable","13":"product-type-gift-card"},"_links":{"self":[{"href":"https:\/\/www.elgatambbotes.com\/ca\/wp-json\/wp\/v2\/product\/24255","targetHints":{"allow":["GET"]}}],"collection":[{"href":"https:\/\/www.elgatambbotes.com\/ca\/wp-json\/wp\/v2\/product"}],"about":[{"href":"https:\/\/www.elgatambbotes.com\/ca\/wp-json\/wp\/v2\/types\/product"}],"wp:featuredmedia":[{"embeddable":true,"href":"https:\/\/www.elgatambbotes.com\/ca\/wp-json\/wp\/v2\/media\/24257"}],"wp:attachment":[{"href":"https:\/\/www.elgatambbotes.com\/ca\/wp-json\/wp\/v2\/media?parent=24255"}],"wp:term":[{"taxonomy":"product_brand","embeddable":true,"href":"https:\/\/www.elgatambbotes.com\/ca\/wp-json\/wp\/v2\/product_brand?post=24255"},{"taxonomy":"product_cat","embeddable":true,"href":"https:\/\/www.elgatambbotes.com\/ca\/wp-json\/wp\/v2\/product_cat?post=24255"},{"taxonomy":"product_tag","embeddable":true,"href":"https:\/\/www.elgatambbotes.com\/ca\/wp-json\/wp\/v2\/product_tag?post=24255"},{"taxonomy":"giftcard-category","embeddable":true,"href":"https:\/\/www.elgatambbotes.com\/ca\/wp-json\/wp\/v2\/giftcard-category?post=24255"}],"curies":[{"name":"wp","href":"https:\/\/api.w.org\/{rel}","templated":true}]}}