{"id":24244,"date":"2025-12-04T13:28:57","date_gmt":"2025-12-04T12:28:57","guid":{"rendered":"https:\/\/www.elgatambbotes.com\/?post_type=product&#038;p=24244"},"modified":"2026-02-13T13:21:15","modified_gmt":"2026-02-13T12:21:15","slug":"sendra-15105-nubuk-softy-turquesa","status":"publish","type":"product","link":"https:\/\/www.elgatambbotes.com\/ca\/producto\/mujer\/botas-cowboy-mujer\/sendra-15105-nubuk-softy-turquesa\/","title":{"rendered":"Sendra 15105 Nubuk Softy Turquesa"},"content":{"rendered":"","protected":false},"excerpt":{"rendered":"<p class=\"translation-block\"><b>Sendra Boots<\/b> de dona, confeccionades a m\u00e0 en pell de bov\u00ed d\u2019alta qualitat. El seu vibrant color turquesa i el disseny brodat tradicional al peu i a la canya aporten estil i autenticitat a qualsevol look. Amb tal\u00f3 c\u00f2mode i acabat artesanal, s\u00f3n l\u2019equilibri perfecte entre durabilitat, personalitat i confort. Sola de cuir i cosit <strong>Goodyear<\/strong>.<\/p>","protected":false},"featured_media":24239,"template":"","meta":[],"product_brand":[151],"product_cat":[82,25,98],"product_tag":[],"giftcard-category":[],"class_list":{"0":"post-24244","1":"product","2":"type-product","3":"status-publish","4":"has-post-thumbnail","6":"product_brand-sendra-boots","7":"product_cat-botas-cowboy-mujer","8":"product_cat-mujer","9":"product_cat-sendra-boots","10":"pa_color-turquesa","11":"pa_talla-100","12":"pa_talla-101","13":"pa_talla-102","14":"pa_talla-103","15":"pa_talla-104","16":"pa_talla-105","18":"first","19":"instock","20":"shipping-taxable","21":"purchasable","22":"product-type-variable"},"_links":{"self":[{"href":"https:\/\/www.elgatambbotes.com\/ca\/wp-json\/wp\/v2\/product\/24244","targetHints":{"allow":["GET"]}}],"collection":[{"href":"https:\/\/www.elgatambbotes.com\/ca\/wp-json\/wp\/v2\/product"}],"about":[{"href":"https:\/\/www.elgatambbotes.com\/ca\/wp-json\/wp\/v2\/types\/product"}],"wp:featuredmedia":[{"embeddable":true,"href":"https:\/\/www.elgatambbotes.com\/ca\/wp-json\/wp\/v2\/media\/24239"}],"wp:attachment":[{"href":"https:\/\/www.elgatambbotes.com\/ca\/wp-json\/wp\/v2\/media?parent=24244"}],"wp:term":[{"taxonomy":"product_brand","embeddable":true,"href":"https:\/\/www.elgatambbotes.com\/ca\/wp-json\/wp\/v2\/product_brand?post=24244"},{"taxonomy":"product_cat","embeddable":true,"href":"https:\/\/www.elgatambbotes.com\/ca\/wp-json\/wp\/v2\/product_cat?post=24244"},{"taxonomy":"product_tag","embeddable":true,"href":"https:\/\/www.elgatambbotes.com\/ca\/wp-json\/wp\/v2\/product_tag?post=24244"},{"taxonomy":"giftcard-category","embeddable":true,"href":"https:\/\/www.elgatambbotes.com\/ca\/wp-json\/wp\/v2\/giftcard-category?post=24244"}],"curies":[{"name":"wp","href":"https:\/\/api.w.org\/{rel}","templated":true}]}}